{"id":4198,"date":"2026-05-14T08:05:36","date_gmt":"2026-05-14T08:05:36","guid":{"rendered":"https:\/\/www.gharbagroeurope.com\/?post_type=product&#038;p=4198"},"modified":"2026-05-14T08:06:19","modified_gmt":"2026-05-14T08:06:19","slug":"epice-pour-poisson","status":"publish","type":"product","link":"https:\/\/www.gharbagroeurope.com\/fr\/producto\/epice-pour-poisson\/","title":{"rendered":"\u00c9pice pour Poisson"},"content":{"rendered":"<p>M\u00e9lange traditionnel d\u2019\u00e9pices sp\u00e9cialement con\u00e7u pour les pr\u00e9parations de poisson et de fruits de mer. Il associe des saveurs m\u00e9diterran\u00e9ennes et marocaines pour apporter \u00e9quilibre aromatique et profondeur aux recettes traditionnelles et modernes.<\/p>\n","protected":false},"excerpt":{"rendered":"<p>Le m\u00e9lange parfait pour sublimer poissons et fruits de mer.<\/p>\n","protected":false},"featured_media":4225,"template":"","meta":[],"product_brand":[462],"product_cat":[266],"product_tag":[417,418,419,416],"class_list":{"0":"post-4198","1":"product","2":"type-product","3":"status-publish","4":"has-post-thumbnail","6":"product_brand-sanad-gharb-europe","7":"product_cat-gastronomie","8":"product_tag-fruits-de-mer","9":"product_tag-grillades","10":"product_tag-melange-equilibre","11":"product_tag-poissons","13":"first","14":"instock","15":"taxable","16":"shipping-taxable","17":"product-type-simple"},"yoast_head":"<!-- This site is optimized with the Yoast SEO plugin v27.6 - https:\/\/yoast.com\/product\/yoast-seo-wordpress\/ -->\n<title>\u00c9pice pour Poisson - Gharb Agro Europe<\/title>\n<meta name=\"robots\" content=\"index, follow, max-snippet:-1, max-image-preview:large, max-video-preview:-1\" \/>\n<link rel=\"canonical\" href=\"https:\/\/www.gharbagroeurope.com\/fr\/producto\/epice-pour-poisson\/\" \/>\n<meta property=\"og:locale\" content=\"fr_FR\" \/>\n<meta property=\"og:type\" content=\"article\" \/>\n<meta property=\"og:title\" content=\"\u00c9pice pour Poisson - Gharb Agro Europe\" \/>\n<meta property=\"og:description\" content=\"Le m\u00e9lange parfait pour sublimer poissons et fruits de mer.\" \/>\n<meta property=\"og:url\" content=\"https:\/\/www.gharbagroeurope.com\/fr\/producto\/epice-pour-poisson\/\" \/>\n<meta property=\"og:site_name\" content=\"Gharb Agro Europe\" \/>\n<meta property=\"article:modified_time\" content=\"2026-05-14T08:06:19+00:00\" \/>\n<meta name=\"twitter:card\" content=\"summary_large_image\" \/>\n<script type=\"application\/ld+json\" class=\"yoast-schema-graph\">{\"@context\":\"https:\\\/\\\/schema.org\",\"@graph\":[{\"@type\":\"WebPage\",\"@id\":\"https:\\\/\\\/www.gharbagroeurope.com\\\/fr\\\/producto\\\/epice-pour-poisson\\\/\",\"url\":\"https:\\\/\\\/www.gharbagroeurope.com\\\/fr\\\/producto\\\/epice-pour-poisson\\\/\",\"name\":\"\u00c9pice pour Poisson - Gharb Agro Europe\",\"isPartOf\":{\"@id\":\"https:\\\/\\\/www.gharbagroeurope.com\\\/fr\\\/#website\"},\"primaryImageOfPage\":{\"@id\":\"https:\\\/\\\/www.gharbagroeurope.com\\\/fr\\\/producto\\\/epice-pour-poisson\\\/#primaryimage\"},\"image\":{\"@id\":\"https:\\\/\\\/www.gharbagroeurope.com\\\/fr\\\/producto\\\/epice-pour-poisson\\\/#primaryimage\"},\"thumbnailUrl\":\"https:\\\/\\\/www.gharbagroeurope.com\\\/wp-content\\\/uploads\\\/2026\\\/05\\\/ESPECIAS-PARA-PESCADO.png\",\"datePublished\":\"2026-05-14T08:05:36+00:00\",\"dateModified\":\"2026-05-14T08:06:19+00:00\",\"breadcrumb\":{\"@id\":\"https:\\\/\\\/www.gharbagroeurope.com\\\/fr\\\/producto\\\/epice-pour-poisson\\\/#breadcrumb\"},\"inLanguage\":\"fr-FR\",\"potentialAction\":[{\"@type\":\"ReadAction\",\"target\":[\"https:\\\/\\\/www.gharbagroeurope.com\\\/fr\\\/producto\\\/epice-pour-poisson\\\/\"]}]},{\"@type\":\"ImageObject\",\"inLanguage\":\"fr-FR\",\"@id\":\"https:\\\/\\\/www.gharbagroeurope.com\\\/fr\\\/producto\\\/epice-pour-poisson\\\/#primaryimage\",\"url\":\"https:\\\/\\\/www.gharbagroeurope.com\\\/wp-content\\\/uploads\\\/2026\\\/05\\\/ESPECIAS-PARA-PESCADO.png\",\"contentUrl\":\"https:\\\/\\\/www.gharbagroeurope.com\\\/wp-content\\\/uploads\\\/2026\\\/05\\\/ESPECIAS-PARA-PESCADO.png\",\"width\":1254,\"height\":1254},{\"@type\":\"BreadcrumbList\",\"@id\":\"https:\\\/\\\/www.gharbagroeurope.com\\\/fr\\\/producto\\\/epice-pour-poisson\\\/#breadcrumb\",\"itemListElement\":[{\"@type\":\"ListItem\",\"position\":1,\"name\":\"Portada\",\"item\":\"https:\\\/\\\/www.gharbagroeurope.com\\\/fr\\\/\"},{\"@type\":\"ListItem\",\"position\":2,\"name\":\"Magasin\",\"item\":\"https:\\\/\\\/www.gharbagroeurope.com\\\/fr\\\/tienda\\\/\"},{\"@type\":\"ListItem\",\"position\":3,\"name\":\"\u00c9pice pour Poisson\"}]},{\"@type\":\"WebSite\",\"@id\":\"https:\\\/\\\/www.gharbagroeurope.com\\\/fr\\\/#website\",\"url\":\"https:\\\/\\\/www.gharbagroeurope.com\\\/fr\\\/\",\"name\":\"Gharb Agro Europe\",\"description\":\"Una plataforma digital de comercializaci\u00f3n de productos naturales procedentes de cooperativas africanas\",\"publisher\":{\"@id\":\"https:\\\/\\\/www.gharbagroeurope.com\\\/fr\\\/#organization\"},\"potentialAction\":[{\"@type\":\"SearchAction\",\"target\":{\"@type\":\"EntryPoint\",\"urlTemplate\":\"https:\\\/\\\/www.gharbagroeurope.com\\\/fr\\\/?s={search_term_string}\"},\"query-input\":{\"@type\":\"PropertyValueSpecification\",\"valueRequired\":true,\"valueName\":\"search_term_string\"}}],\"inLanguage\":\"fr-FR\"},{\"@type\":\"Organization\",\"@id\":\"https:\\\/\\\/www.gharbagroeurope.com\\\/fr\\\/#organization\",\"name\":\"Gharb Agro Europe\",\"url\":\"https:\\\/\\\/www.gharbagroeurope.com\\\/fr\\\/\",\"logo\":{\"@type\":\"ImageObject\",\"inLanguage\":\"fr-FR\",\"@id\":\"https:\\\/\\\/www.gharbagroeurope.com\\\/fr\\\/#\\\/schema\\\/logo\\\/image\\\/\",\"url\":\"https:\\\/\\\/www.gharbagroeurope.com\\\/wp-content\\\/uploads\\\/2026\\\/05\\\/logotipo-gharb.webp\",\"contentUrl\":\"https:\\\/\\\/www.gharbagroeurope.com\\\/wp-content\\\/uploads\\\/2026\\\/05\\\/logotipo-gharb.webp\",\"width\":716,\"height\":663,\"caption\":\"Gharb Agro Europe\"},\"image\":{\"@id\":\"https:\\\/\\\/www.gharbagroeurope.com\\\/fr\\\/#\\\/schema\\\/logo\\\/image\\\/\"}}]}<\/script>\n<!-- \/ Yoast SEO plugin. -->","yoast_head_json":{"title":"\u00c9pice pour Poisson - Gharb Agro Europe","robots":{"index":"index","follow":"follow","max-snippet":"max-snippet:-1","max-image-preview":"max-image-preview:large","max-video-preview":"max-video-preview:-1"},"canonical":"https:\/\/www.gharbagroeurope.com\/fr\/producto\/epice-pour-poisson\/","og_locale":"fr_FR","og_type":"article","og_title":"\u00c9pice pour Poisson - Gharb Agro Europe","og_description":"Le m\u00e9lange parfait pour sublimer poissons et fruits de mer.","og_url":"https:\/\/www.gharbagroeurope.com\/fr\/producto\/epice-pour-poisson\/","og_site_name":"Gharb Agro Europe","article_modified_time":"2026-05-14T08:06:19+00:00","twitter_card":"summary_large_image","schema":{"@context":"https:\/\/schema.org","@graph":[{"@type":"WebPage","@id":"https:\/\/www.gharbagroeurope.com\/fr\/producto\/epice-pour-poisson\/","url":"https:\/\/www.gharbagroeurope.com\/fr\/producto\/epice-pour-poisson\/","name":"\u00c9pice pour Poisson - Gharb Agro Europe","isPartOf":{"@id":"https:\/\/www.gharbagroeurope.com\/fr\/#website"},"primaryImageOfPage":{"@id":"https:\/\/www.gharbagroeurope.com\/fr\/producto\/epice-pour-poisson\/#primaryimage"},"image":{"@id":"https:\/\/www.gharbagroeurope.com\/fr\/producto\/epice-pour-poisson\/#primaryimage"},"thumbnailUrl":"https:\/\/www.gharbagroeurope.com\/wp-content\/uploads\/2026\/05\/ESPECIAS-PARA-PESCADO.png","datePublished":"2026-05-14T08:05:36+00:00","dateModified":"2026-05-14T08:06:19+00:00","breadcrumb":{"@id":"https:\/\/www.gharbagroeurope.com\/fr\/producto\/epice-pour-poisson\/#breadcrumb"},"inLanguage":"fr-FR","potentialAction":[{"@type":"ReadAction","target":["https:\/\/www.gharbagroeurope.com\/fr\/producto\/epice-pour-poisson\/"]}]},{"@type":"ImageObject","inLanguage":"fr-FR","@id":"https:\/\/www.gharbagroeurope.com\/fr\/producto\/epice-pour-poisson\/#primaryimage","url":"https:\/\/www.gharbagroeurope.com\/wp-content\/uploads\/2026\/05\/ESPECIAS-PARA-PESCADO.png","contentUrl":"https:\/\/www.gharbagroeurope.com\/wp-content\/uploads\/2026\/05\/ESPECIAS-PARA-PESCADO.png","width":1254,"height":1254},{"@type":"BreadcrumbList","@id":"https:\/\/www.gharbagroeurope.com\/fr\/producto\/epice-pour-poisson\/#breadcrumb","itemListElement":[{"@type":"ListItem","position":1,"name":"Portada","item":"https:\/\/www.gharbagroeurope.com\/fr\/"},{"@type":"ListItem","position":2,"name":"Magasin","item":"https:\/\/www.gharbagroeurope.com\/fr\/tienda\/"},{"@type":"ListItem","position":3,"name":"\u00c9pice pour Poisson"}]},{"@type":"WebSite","@id":"https:\/\/www.gharbagroeurope.com\/fr\/#website","url":"https:\/\/www.gharbagroeurope.com\/fr\/","name":"Gharb Agro Europe","description":"Una plataforma digital de comercializaci\u00f3n de productos naturales procedentes de cooperativas africanas","publisher":{"@id":"https:\/\/www.gharbagroeurope.com\/fr\/#organization"},"potentialAction":[{"@type":"SearchAction","target":{"@type":"EntryPoint","urlTemplate":"https:\/\/www.gharbagroeurope.com\/fr\/?s={search_term_string}"},"query-input":{"@type":"PropertyValueSpecification","valueRequired":true,"valueName":"search_term_string"}}],"inLanguage":"fr-FR"},{"@type":"Organization","@id":"https:\/\/www.gharbagroeurope.com\/fr\/#organization","name":"Gharb Agro Europe","url":"https:\/\/www.gharbagroeurope.com\/fr\/","logo":{"@type":"ImageObject","inLanguage":"fr-FR","@id":"https:\/\/www.gharbagroeurope.com\/fr\/#\/schema\/logo\/image\/","url":"https:\/\/www.gharbagroeurope.com\/wp-content\/uploads\/2026\/05\/logotipo-gharb.webp","contentUrl":"https:\/\/www.gharbagroeurope.com\/wp-content\/uploads\/2026\/05\/logotipo-gharb.webp","width":716,"height":663,"caption":"Gharb Agro Europe"},"image":{"@id":"https:\/\/www.gharbagroeurope.com\/fr\/#\/schema\/logo\/image\/"}}]}},"_links":{"self":[{"href":"https:\/\/www.gharbagroeurope.com\/fr\/wp-json\/wp\/v2\/product\/4198","targetHints":{"allow":["GET"]}}],"collection":[{"href":"https:\/\/www.gharbagroeurope.com\/fr\/wp-json\/wp\/v2\/product"}],"about":[{"href":"https:\/\/www.gharbagroeurope.com\/fr\/wp-json\/wp\/v2\/types\/product"}],"wp:featuredmedia":[{"embeddable":true,"href":"https:\/\/www.gharbagroeurope.com\/fr\/wp-json\/wp\/v2\/media\/4225"}],"wp:attachment":[{"href":"https:\/\/www.gharbagroeurope.com\/fr\/wp-json\/wp\/v2\/media?parent=4198"}],"wp:term":[{"taxonomy":"product_brand","embeddable":true,"href":"https:\/\/www.gharbagroeurope.com\/fr\/wp-json\/wp\/v2\/product_brand?post=4198"},{"taxonomy":"product_cat","embeddable":true,"href":"https:\/\/www.gharbagroeurope.com\/fr\/wp-json\/wp\/v2\/product_cat?post=4198"},{"taxonomy":"product_tag","embeddable":true,"href":"https:\/\/www.gharbagroeurope.com\/fr\/wp-json\/wp\/v2\/product_tag?post=4198"}],"curies":[{"name":"wp","href":"https:\/\/api.w.org\/{rel}","templated":true}]}}