{"id":4196,"date":"2026-05-14T08:05:36","date_gmt":"2026-05-14T08:05:36","guid":{"rendered":"https:\/\/www.gharbagroeurope.com\/?post_type=product&#038;p=4196"},"modified":"2026-05-14T08:06:19","modified_gmt":"2026-05-14T08:06:19","slug":"curcuma-moulu","status":"publish","type":"product","link":"https:\/\/www.gharbagroeurope.com\/fr\/producto\/curcuma-moulu\/","title":{"rendered":"Curcuma Moulu"},"content":{"rendered":"<p>Le curcuma est reconnu pour sa couleur dor\u00e9e intense et sa polyvalence culinaire. Utilis\u00e9 dans la cuisine traditionnelle et l\u2019alimentation saine, il apporte une profondeur visuelle et une saveur douce \u00e0 de nombreuses recettes. Soigneusement s\u00e9lectionn\u00e9 et pr\u00e9par\u00e9 sans additifs ni colorants artificiels.<\/p>\n","protected":false},"excerpt":{"rendered":"<p>Une couleur dor\u00e9e et une saveur naturelle pour une cuisine saine.<\/p>\n","protected":false},"featured_media":0,"template":"","meta":[],"product_brand":[462],"product_cat":[266],"product_tag":[414,413,403,281,410],"class_list":{"0":"post-4196","1":"product","2":"type-product","3":"status-publish","5":"product_brand-sanad-gharb-europe","6":"product_cat-gastronomie","7":"product_tag-couleur-intense","8":"product_tag-cuisine-saine","9":"product_tag-riz","10":"product_tag-sans-additifs","11":"product_tag-soupes","13":"first","14":"instock","15":"taxable","16":"shipping-taxable","17":"product-type-simple"},"yoast_head":"<!-- This site is optimized with the Yoast SEO plugin v27.6 - https:\/\/yoast.com\/product\/yoast-seo-wordpress\/ -->\n<title>Curcuma Moulu - Gharb Agro Europe<\/title>\n<meta name=\"robots\" content=\"index, follow, max-snippet:-1, max-image-preview:large, max-video-preview:-1\" \/>\n<link rel=\"canonical\" href=\"https:\/\/www.gharbagroeurope.com\/fr\/producto\/curcuma-moulu\/\" \/>\n<meta property=\"og:locale\" content=\"fr_FR\" \/>\n<meta property=\"og:type\" content=\"article\" \/>\n<meta property=\"og:title\" content=\"Curcuma Moulu - Gharb Agro Europe\" \/>\n<meta property=\"og:description\" content=\"Une couleur dor\u00e9e et une saveur naturelle pour une cuisine saine.\" \/>\n<meta property=\"og:url\" content=\"https:\/\/www.gharbagroeurope.com\/fr\/producto\/curcuma-moulu\/\" \/>\n<meta property=\"og:site_name\" content=\"Gharb Agro Europe\" \/>\n<meta property=\"article:modified_time\" content=\"2026-05-14T08:06:19+00:00\" \/>\n<meta name=\"twitter:card\" content=\"summary_large_image\" \/>\n<script type=\"application\/ld+json\" class=\"yoast-schema-graph\">{\"@context\":\"https:\\\/\\\/schema.org\",\"@graph\":[{\"@type\":\"WebPage\",\"@id\":\"https:\\\/\\\/www.gharbagroeurope.com\\\/fr\\\/producto\\\/curcuma-moulu\\\/\",\"url\":\"https:\\\/\\\/www.gharbagroeurope.com\\\/fr\\\/producto\\\/curcuma-moulu\\\/\",\"name\":\"Curcuma Moulu - Gharb Agro Europe\",\"isPartOf\":{\"@id\":\"https:\\\/\\\/www.gharbagroeurope.com\\\/fr\\\/#website\"},\"datePublished\":\"2026-05-14T08:05:36+00:00\",\"dateModified\":\"2026-05-14T08:06:19+00:00\",\"breadcrumb\":{\"@id\":\"https:\\\/\\\/www.gharbagroeurope.com\\\/fr\\\/producto\\\/curcuma-moulu\\\/#breadcrumb\"},\"inLanguage\":\"fr-FR\",\"potentialAction\":[{\"@type\":\"ReadAction\",\"target\":[\"https:\\\/\\\/www.gharbagroeurope.com\\\/fr\\\/producto\\\/curcuma-moulu\\\/\"]}]},{\"@type\":\"BreadcrumbList\",\"@id\":\"https:\\\/\\\/www.gharbagroeurope.com\\\/fr\\\/producto\\\/curcuma-moulu\\\/#breadcrumb\",\"itemListElement\":[{\"@type\":\"ListItem\",\"position\":1,\"name\":\"Portada\",\"item\":\"https:\\\/\\\/www.gharbagroeurope.com\\\/fr\\\/\"},{\"@type\":\"ListItem\",\"position\":2,\"name\":\"Magasin\",\"item\":\"https:\\\/\\\/www.gharbagroeurope.com\\\/fr\\\/tienda\\\/\"},{\"@type\":\"ListItem\",\"position\":3,\"name\":\"Curcuma Moulu\"}]},{\"@type\":\"WebSite\",\"@id\":\"https:\\\/\\\/www.gharbagroeurope.com\\\/fr\\\/#website\",\"url\":\"https:\\\/\\\/www.gharbagroeurope.com\\\/fr\\\/\",\"name\":\"Gharb Agro Europe\",\"description\":\"Una plataforma digital de comercializaci\u00f3n de productos naturales procedentes de cooperativas africanas\",\"publisher\":{\"@id\":\"https:\\\/\\\/www.gharbagroeurope.com\\\/fr\\\/#organization\"},\"potentialAction\":[{\"@type\":\"SearchAction\",\"target\":{\"@type\":\"EntryPoint\",\"urlTemplate\":\"https:\\\/\\\/www.gharbagroeurope.com\\\/fr\\\/?s={search_term_string}\"},\"query-input\":{\"@type\":\"PropertyValueSpecification\",\"valueRequired\":true,\"valueName\":\"search_term_string\"}}],\"inLanguage\":\"fr-FR\"},{\"@type\":\"Organization\",\"@id\":\"https:\\\/\\\/www.gharbagroeurope.com\\\/fr\\\/#organization\",\"name\":\"Gharb Agro Europe\",\"url\":\"https:\\\/\\\/www.gharbagroeurope.com\\\/fr\\\/\",\"logo\":{\"@type\":\"ImageObject\",\"inLanguage\":\"fr-FR\",\"@id\":\"https:\\\/\\\/www.gharbagroeurope.com\\\/fr\\\/#\\\/schema\\\/logo\\\/image\\\/\",\"url\":\"https:\\\/\\\/www.gharbagroeurope.com\\\/wp-content\\\/uploads\\\/2026\\\/05\\\/logotipo-gharb.webp\",\"contentUrl\":\"https:\\\/\\\/www.gharbagroeurope.com\\\/wp-content\\\/uploads\\\/2026\\\/05\\\/logotipo-gharb.webp\",\"width\":716,\"height\":663,\"caption\":\"Gharb Agro Europe\"},\"image\":{\"@id\":\"https:\\\/\\\/www.gharbagroeurope.com\\\/fr\\\/#\\\/schema\\\/logo\\\/image\\\/\"}}]}<\/script>\n<!-- \/ Yoast SEO plugin. -->","yoast_head_json":{"title":"Curcuma Moulu - Gharb Agro Europe","robots":{"index":"index","follow":"follow","max-snippet":"max-snippet:-1","max-image-preview":"max-image-preview:large","max-video-preview":"max-video-preview:-1"},"canonical":"https:\/\/www.gharbagroeurope.com\/fr\/producto\/curcuma-moulu\/","og_locale":"fr_FR","og_type":"article","og_title":"Curcuma Moulu - Gharb Agro Europe","og_description":"Une couleur dor\u00e9e et une saveur naturelle pour une cuisine saine.","og_url":"https:\/\/www.gharbagroeurope.com\/fr\/producto\/curcuma-moulu\/","og_site_name":"Gharb Agro Europe","article_modified_time":"2026-05-14T08:06:19+00:00","twitter_card":"summary_large_image","schema":{"@context":"https:\/\/schema.org","@graph":[{"@type":"WebPage","@id":"https:\/\/www.gharbagroeurope.com\/fr\/producto\/curcuma-moulu\/","url":"https:\/\/www.gharbagroeurope.com\/fr\/producto\/curcuma-moulu\/","name":"Curcuma Moulu - Gharb Agro Europe","isPartOf":{"@id":"https:\/\/www.gharbagroeurope.com\/fr\/#website"},"datePublished":"2026-05-14T08:05:36+00:00","dateModified":"2026-05-14T08:06:19+00:00","breadcrumb":{"@id":"https:\/\/www.gharbagroeurope.com\/fr\/producto\/curcuma-moulu\/#breadcrumb"},"inLanguage":"fr-FR","potentialAction":[{"@type":"ReadAction","target":["https:\/\/www.gharbagroeurope.com\/fr\/producto\/curcuma-moulu\/"]}]},{"@type":"BreadcrumbList","@id":"https:\/\/www.gharbagroeurope.com\/fr\/producto\/curcuma-moulu\/#breadcrumb","itemListElement":[{"@type":"ListItem","position":1,"name":"Portada","item":"https:\/\/www.gharbagroeurope.com\/fr\/"},{"@type":"ListItem","position":2,"name":"Magasin","item":"https:\/\/www.gharbagroeurope.com\/fr\/tienda\/"},{"@type":"ListItem","position":3,"name":"Curcuma Moulu"}]},{"@type":"WebSite","@id":"https:\/\/www.gharbagroeurope.com\/fr\/#website","url":"https:\/\/www.gharbagroeurope.com\/fr\/","name":"Gharb Agro Europe","description":"Una plataforma digital de comercializaci\u00f3n de productos naturales procedentes de cooperativas africanas","publisher":{"@id":"https:\/\/www.gharbagroeurope.com\/fr\/#organization"},"potentialAction":[{"@type":"SearchAction","target":{"@type":"EntryPoint","urlTemplate":"https:\/\/www.gharbagroeurope.com\/fr\/?s={search_term_string}"},"query-input":{"@type":"PropertyValueSpecification","valueRequired":true,"valueName":"search_term_string"}}],"inLanguage":"fr-FR"},{"@type":"Organization","@id":"https:\/\/www.gharbagroeurope.com\/fr\/#organization","name":"Gharb Agro Europe","url":"https:\/\/www.gharbagroeurope.com\/fr\/","logo":{"@type":"ImageObject","inLanguage":"fr-FR","@id":"https:\/\/www.gharbagroeurope.com\/fr\/#\/schema\/logo\/image\/","url":"https:\/\/www.gharbagroeurope.com\/wp-content\/uploads\/2026\/05\/logotipo-gharb.webp","contentUrl":"https:\/\/www.gharbagroeurope.com\/wp-content\/uploads\/2026\/05\/logotipo-gharb.webp","width":716,"height":663,"caption":"Gharb Agro Europe"},"image":{"@id":"https:\/\/www.gharbagroeurope.com\/fr\/#\/schema\/logo\/image\/"}}]}},"_links":{"self":[{"href":"https:\/\/www.gharbagroeurope.com\/fr\/wp-json\/wp\/v2\/product\/4196","targetHints":{"allow":["GET"]}}],"collection":[{"href":"https:\/\/www.gharbagroeurope.com\/fr\/wp-json\/wp\/v2\/product"}],"about":[{"href":"https:\/\/www.gharbagroeurope.com\/fr\/wp-json\/wp\/v2\/types\/product"}],"wp:attachment":[{"href":"https:\/\/www.gharbagroeurope.com\/fr\/wp-json\/wp\/v2\/media?parent=4196"}],"wp:term":[{"taxonomy":"product_brand","embeddable":true,"href":"https:\/\/www.gharbagroeurope.com\/fr\/wp-json\/wp\/v2\/product_brand?post=4196"},{"taxonomy":"product_cat","embeddable":true,"href":"https:\/\/www.gharbagroeurope.com\/fr\/wp-json\/wp\/v2\/product_cat?post=4196"},{"taxonomy":"product_tag","embeddable":true,"href":"https:\/\/www.gharbagroeurope.com\/fr\/wp-json\/wp\/v2\/product_tag?post=4196"}],"curies":[{"name":"wp","href":"https:\/\/api.w.org\/{rel}","templated":true}]}}