{"id":4193,"date":"2026-05-14T08:05:35","date_gmt":"2026-05-14T08:05:35","guid":{"rendered":"https:\/\/www.gharbagroeurope.com\/?post_type=product&#038;p=4193"},"modified":"2026-05-14T08:06:18","modified_gmt":"2026-05-14T08:06:18","slug":"paprika-doux-moulu","status":"publish","type":"product","link":"https:\/\/www.gharbagroeurope.com\/fr\/producto\/paprika-doux-moulu\/","title":{"rendered":"Paprika Doux Moulu"},"content":{"rendered":"<p>Paprika doux soigneusement s\u00e9ch\u00e9 et moulu afin de pr\u00e9server l\u2019intensit\u00e9 de sa couleur et sa saveur douce et \u00e9quilibr\u00e9e. Id\u00e9al pour apporter une profondeur aromatique et une touche traditionnelle m\u00e9diterran\u00e9enne \u00e0 de nombreuses pr\u00e9parations culinaires. \u00c9labor\u00e9 sans colorants ni conservateurs artificiels.<\/p>\n","protected":false},"excerpt":{"rendered":"<p>Une couleur vibrante et une saveur douce pour sublimer chaque plat.<\/p>\n","protected":false},"featured_media":4223,"template":"","meta":[],"product_brand":[462],"product_cat":[266],"product_tag":[406,404,403,405],"class_list":{"0":"post-4193","1":"product","2":"type-product","3":"status-publish","4":"has-post-thumbnail","6":"product_brand-sanad-gharb-europe","7":"product_cat-gastronomie","8":"product_tag-couleur-naturelle-intense","9":"product_tag-legumes","10":"product_tag-riz","11":"product_tag-sauces","13":"first","14":"instock","15":"taxable","16":"shipping-taxable","17":"product-type-simple"},"yoast_head":"<!-- This site is optimized with the Yoast SEO plugin v27.6 - https:\/\/yoast.com\/product\/yoast-seo-wordpress\/ -->\n<title>Paprika Doux Moulu - Gharb Agro Europe<\/title>\n<meta name=\"robots\" content=\"index, follow, max-snippet:-1, max-image-preview:large, max-video-preview:-1\" \/>\n<link rel=\"canonical\" href=\"https:\/\/www.gharbagroeurope.com\/fr\/producto\/paprika-doux-moulu\/\" \/>\n<meta property=\"og:locale\" content=\"fr_FR\" \/>\n<meta property=\"og:type\" content=\"article\" \/>\n<meta property=\"og:title\" content=\"Paprika Doux Moulu - Gharb Agro Europe\" \/>\n<meta property=\"og:description\" content=\"Une couleur vibrante et une saveur douce pour sublimer chaque plat.\" \/>\n<meta property=\"og:url\" content=\"https:\/\/www.gharbagroeurope.com\/fr\/producto\/paprika-doux-moulu\/\" \/>\n<meta property=\"og:site_name\" content=\"Gharb Agro Europe\" \/>\n<meta property=\"article:modified_time\" content=\"2026-05-14T08:06:18+00:00\" \/>\n<meta name=\"twitter:card\" content=\"summary_large_image\" \/>\n<script type=\"application\/ld+json\" class=\"yoast-schema-graph\">{\"@context\":\"https:\\\/\\\/schema.org\",\"@graph\":[{\"@type\":\"WebPage\",\"@id\":\"https:\\\/\\\/www.gharbagroeurope.com\\\/fr\\\/producto\\\/paprika-doux-moulu\\\/\",\"url\":\"https:\\\/\\\/www.gharbagroeurope.com\\\/fr\\\/producto\\\/paprika-doux-moulu\\\/\",\"name\":\"Paprika Doux Moulu - Gharb Agro Europe\",\"isPartOf\":{\"@id\":\"https:\\\/\\\/www.gharbagroeurope.com\\\/fr\\\/#website\"},\"primaryImageOfPage\":{\"@id\":\"https:\\\/\\\/www.gharbagroeurope.com\\\/fr\\\/producto\\\/paprika-doux-moulu\\\/#primaryimage\"},\"image\":{\"@id\":\"https:\\\/\\\/www.gharbagroeurope.com\\\/fr\\\/producto\\\/paprika-doux-moulu\\\/#primaryimage\"},\"thumbnailUrl\":\"https:\\\/\\\/www.gharbagroeurope.com\\\/wp-content\\\/uploads\\\/2026\\\/05\\\/PIMENTON-DULCE.png\",\"datePublished\":\"2026-05-14T08:05:35+00:00\",\"dateModified\":\"2026-05-14T08:06:18+00:00\",\"breadcrumb\":{\"@id\":\"https:\\\/\\\/www.gharbagroeurope.com\\\/fr\\\/producto\\\/paprika-doux-moulu\\\/#breadcrumb\"},\"inLanguage\":\"fr-FR\",\"potentialAction\":[{\"@type\":\"ReadAction\",\"target\":[\"https:\\\/\\\/www.gharbagroeurope.com\\\/fr\\\/producto\\\/paprika-doux-moulu\\\/\"]}]},{\"@type\":\"ImageObject\",\"inLanguage\":\"fr-FR\",\"@id\":\"https:\\\/\\\/www.gharbagroeurope.com\\\/fr\\\/producto\\\/paprika-doux-moulu\\\/#primaryimage\",\"url\":\"https:\\\/\\\/www.gharbagroeurope.com\\\/wp-content\\\/uploads\\\/2026\\\/05\\\/PIMENTON-DULCE.png\",\"contentUrl\":\"https:\\\/\\\/www.gharbagroeurope.com\\\/wp-content\\\/uploads\\\/2026\\\/05\\\/PIMENTON-DULCE.png\",\"width\":1254,\"height\":1254},{\"@type\":\"BreadcrumbList\",\"@id\":\"https:\\\/\\\/www.gharbagroeurope.com\\\/fr\\\/producto\\\/paprika-doux-moulu\\\/#breadcrumb\",\"itemListElement\":[{\"@type\":\"ListItem\",\"position\":1,\"name\":\"Portada\",\"item\":\"https:\\\/\\\/www.gharbagroeurope.com\\\/fr\\\/\"},{\"@type\":\"ListItem\",\"position\":2,\"name\":\"Magasin\",\"item\":\"https:\\\/\\\/www.gharbagroeurope.com\\\/fr\\\/tienda\\\/\"},{\"@type\":\"ListItem\",\"position\":3,\"name\":\"Paprika Doux Moulu\"}]},{\"@type\":\"WebSite\",\"@id\":\"https:\\\/\\\/www.gharbagroeurope.com\\\/fr\\\/#website\",\"url\":\"https:\\\/\\\/www.gharbagroeurope.com\\\/fr\\\/\",\"name\":\"Gharb Agro Europe\",\"description\":\"Una plataforma digital de comercializaci\u00f3n de productos naturales procedentes de cooperativas africanas\",\"publisher\":{\"@id\":\"https:\\\/\\\/www.gharbagroeurope.com\\\/fr\\\/#organization\"},\"potentialAction\":[{\"@type\":\"SearchAction\",\"target\":{\"@type\":\"EntryPoint\",\"urlTemplate\":\"https:\\\/\\\/www.gharbagroeurope.com\\\/fr\\\/?s={search_term_string}\"},\"query-input\":{\"@type\":\"PropertyValueSpecification\",\"valueRequired\":true,\"valueName\":\"search_term_string\"}}],\"inLanguage\":\"fr-FR\"},{\"@type\":\"Organization\",\"@id\":\"https:\\\/\\\/www.gharbagroeurope.com\\\/fr\\\/#organization\",\"name\":\"Gharb Agro Europe\",\"url\":\"https:\\\/\\\/www.gharbagroeurope.com\\\/fr\\\/\",\"logo\":{\"@type\":\"ImageObject\",\"inLanguage\":\"fr-FR\",\"@id\":\"https:\\\/\\\/www.gharbagroeurope.com\\\/fr\\\/#\\\/schema\\\/logo\\\/image\\\/\",\"url\":\"https:\\\/\\\/www.gharbagroeurope.com\\\/wp-content\\\/uploads\\\/2026\\\/05\\\/logotipo-gharb.webp\",\"contentUrl\":\"https:\\\/\\\/www.gharbagroeurope.com\\\/wp-content\\\/uploads\\\/2026\\\/05\\\/logotipo-gharb.webp\",\"width\":716,\"height\":663,\"caption\":\"Gharb Agro Europe\"},\"image\":{\"@id\":\"https:\\\/\\\/www.gharbagroeurope.com\\\/fr\\\/#\\\/schema\\\/logo\\\/image\\\/\"}}]}<\/script>\n<!-- \/ Yoast SEO plugin. -->","yoast_head_json":{"title":"Paprika Doux Moulu - Gharb Agro Europe","robots":{"index":"index","follow":"follow","max-snippet":"max-snippet:-1","max-image-preview":"max-image-preview:large","max-video-preview":"max-video-preview:-1"},"canonical":"https:\/\/www.gharbagroeurope.com\/fr\/producto\/paprika-doux-moulu\/","og_locale":"fr_FR","og_type":"article","og_title":"Paprika Doux Moulu - Gharb Agro Europe","og_description":"Une couleur vibrante et une saveur douce pour sublimer chaque plat.","og_url":"https:\/\/www.gharbagroeurope.com\/fr\/producto\/paprika-doux-moulu\/","og_site_name":"Gharb Agro Europe","article_modified_time":"2026-05-14T08:06:18+00:00","twitter_card":"summary_large_image","schema":{"@context":"https:\/\/schema.org","@graph":[{"@type":"WebPage","@id":"https:\/\/www.gharbagroeurope.com\/fr\/producto\/paprika-doux-moulu\/","url":"https:\/\/www.gharbagroeurope.com\/fr\/producto\/paprika-doux-moulu\/","name":"Paprika Doux Moulu - Gharb Agro Europe","isPartOf":{"@id":"https:\/\/www.gharbagroeurope.com\/fr\/#website"},"primaryImageOfPage":{"@id":"https:\/\/www.gharbagroeurope.com\/fr\/producto\/paprika-doux-moulu\/#primaryimage"},"image":{"@id":"https:\/\/www.gharbagroeurope.com\/fr\/producto\/paprika-doux-moulu\/#primaryimage"},"thumbnailUrl":"https:\/\/www.gharbagroeurope.com\/wp-content\/uploads\/2026\/05\/PIMENTON-DULCE.png","datePublished":"2026-05-14T08:05:35+00:00","dateModified":"2026-05-14T08:06:18+00:00","breadcrumb":{"@id":"https:\/\/www.gharbagroeurope.com\/fr\/producto\/paprika-doux-moulu\/#breadcrumb"},"inLanguage":"fr-FR","potentialAction":[{"@type":"ReadAction","target":["https:\/\/www.gharbagroeurope.com\/fr\/producto\/paprika-doux-moulu\/"]}]},{"@type":"ImageObject","inLanguage":"fr-FR","@id":"https:\/\/www.gharbagroeurope.com\/fr\/producto\/paprika-doux-moulu\/#primaryimage","url":"https:\/\/www.gharbagroeurope.com\/wp-content\/uploads\/2026\/05\/PIMENTON-DULCE.png","contentUrl":"https:\/\/www.gharbagroeurope.com\/wp-content\/uploads\/2026\/05\/PIMENTON-DULCE.png","width":1254,"height":1254},{"@type":"BreadcrumbList","@id":"https:\/\/www.gharbagroeurope.com\/fr\/producto\/paprika-doux-moulu\/#breadcrumb","itemListElement":[{"@type":"ListItem","position":1,"name":"Portada","item":"https:\/\/www.gharbagroeurope.com\/fr\/"},{"@type":"ListItem","position":2,"name":"Magasin","item":"https:\/\/www.gharbagroeurope.com\/fr\/tienda\/"},{"@type":"ListItem","position":3,"name":"Paprika Doux Moulu"}]},{"@type":"WebSite","@id":"https:\/\/www.gharbagroeurope.com\/fr\/#website","url":"https:\/\/www.gharbagroeurope.com\/fr\/","name":"Gharb Agro Europe","description":"Una plataforma digital de comercializaci\u00f3n de productos naturales procedentes de cooperativas africanas","publisher":{"@id":"https:\/\/www.gharbagroeurope.com\/fr\/#organization"},"potentialAction":[{"@type":"SearchAction","target":{"@type":"EntryPoint","urlTemplate":"https:\/\/www.gharbagroeurope.com\/fr\/?s={search_term_string}"},"query-input":{"@type":"PropertyValueSpecification","valueRequired":true,"valueName":"search_term_string"}}],"inLanguage":"fr-FR"},{"@type":"Organization","@id":"https:\/\/www.gharbagroeurope.com\/fr\/#organization","name":"Gharb Agro Europe","url":"https:\/\/www.gharbagroeurope.com\/fr\/","logo":{"@type":"ImageObject","inLanguage":"fr-FR","@id":"https:\/\/www.gharbagroeurope.com\/fr\/#\/schema\/logo\/image\/","url":"https:\/\/www.gharbagroeurope.com\/wp-content\/uploads\/2026\/05\/logotipo-gharb.webp","contentUrl":"https:\/\/www.gharbagroeurope.com\/wp-content\/uploads\/2026\/05\/logotipo-gharb.webp","width":716,"height":663,"caption":"Gharb Agro Europe"},"image":{"@id":"https:\/\/www.gharbagroeurope.com\/fr\/#\/schema\/logo\/image\/"}}]}},"_links":{"self":[{"href":"https:\/\/www.gharbagroeurope.com\/fr\/wp-json\/wp\/v2\/product\/4193","targetHints":{"allow":["GET"]}}],"collection":[{"href":"https:\/\/www.gharbagroeurope.com\/fr\/wp-json\/wp\/v2\/product"}],"about":[{"href":"https:\/\/www.gharbagroeurope.com\/fr\/wp-json\/wp\/v2\/types\/product"}],"wp:featuredmedia":[{"embeddable":true,"href":"https:\/\/www.gharbagroeurope.com\/fr\/wp-json\/wp\/v2\/media\/4223"}],"wp:attachment":[{"href":"https:\/\/www.gharbagroeurope.com\/fr\/wp-json\/wp\/v2\/media?parent=4193"}],"wp:term":[{"taxonomy":"product_brand","embeddable":true,"href":"https:\/\/www.gharbagroeurope.com\/fr\/wp-json\/wp\/v2\/product_brand?post=4193"},{"taxonomy":"product_cat","embeddable":true,"href":"https:\/\/www.gharbagroeurope.com\/fr\/wp-json\/wp\/v2\/product_cat?post=4193"},{"taxonomy":"product_tag","embeddable":true,"href":"https:\/\/www.gharbagroeurope.com\/fr\/wp-json\/wp\/v2\/product_tag?post=4193"}],"curies":[{"name":"wp","href":"https:\/\/api.w.org\/{rel}","templated":true}]}}