{"id":4192,"date":"2026-05-14T08:05:35","date_gmt":"2026-05-14T08:05:35","guid":{"rendered":"https:\/\/www.gharbagroeurope.com\/?post_type=product&#038;p=4192"},"modified":"2026-05-14T08:06:17","modified_gmt":"2026-05-14T08:06:17","slug":"cumin-beldi-moulu","status":"publish","type":"product","link":"https:\/\/www.gharbagroeurope.com\/fr\/producto\/cumin-beldi-moulu\/","title":{"rendered":"Cumin Beldi Moulu"},"content":{"rendered":"<p>Le cumin beldi est l\u2019un des ingr\u00e9dients essentiels de la cuisine marocaine traditionnelle. Sa saveur intense et l\u00e9g\u00e8rement chaude apporte profondeur et authenticit\u00e9 \u00e0 des plats embl\u00e9matiques comme les tajines, le couscous et les marinades. Soigneusement s\u00e9lectionn\u00e9 et pr\u00e9par\u00e9 sans additifs, ce produit refl\u00e8te le caract\u00e8re authentique des \u00e9pices traditionnelles du Maroc.<\/p>\n","protected":false},"excerpt":{"rendered":"<p>La saveur essentielle de la cuisine marocaine traditionnelle.<\/p>\n","protected":false},"featured_media":4085,"template":"","meta":[],"product_brand":[462],"product_cat":[266],"product_tag":[401,287,402,286,400],"class_list":{"0":"post-4192","1":"product","2":"type-product","3":"status-publish","4":"has-post-thumbnail","6":"product_brand-sanad-gharb-europe","7":"product_cat-gastronomie","8":"product_tag-arome-intense","9":"product_tag-couscous","10":"product_tag-qualite-selectionnee","11":"product_tag-tajines","12":"product_tag-viandes","14":"first","15":"instock","16":"taxable","17":"shipping-taxable","18":"product-type-simple"},"yoast_head":"<!-- This site is optimized with the Yoast SEO plugin v27.6 - https:\/\/yoast.com\/product\/yoast-seo-wordpress\/ -->\n<title>Cumin Beldi Moulu - Gharb Agro Europe<\/title>\n<meta name=\"robots\" content=\"index, follow, max-snippet:-1, max-image-preview:large, max-video-preview:-1\" \/>\n<link rel=\"canonical\" href=\"https:\/\/www.gharbagroeurope.com\/fr\/producto\/cumin-beldi-moulu\/\" \/>\n<meta property=\"og:locale\" content=\"fr_FR\" \/>\n<meta property=\"og:type\" content=\"article\" \/>\n<meta property=\"og:title\" content=\"Cumin Beldi Moulu - Gharb Agro Europe\" \/>\n<meta property=\"og:description\" content=\"La saveur essentielle de la cuisine marocaine traditionnelle.\" \/>\n<meta property=\"og:url\" content=\"https:\/\/www.gharbagroeurope.com\/fr\/producto\/cumin-beldi-moulu\/\" \/>\n<meta property=\"og:site_name\" content=\"Gharb Agro Europe\" \/>\n<meta property=\"article:modified_time\" content=\"2026-05-14T08:06:17+00:00\" \/>\n<meta name=\"twitter:card\" content=\"summary_large_image\" \/>\n<script type=\"application\/ld+json\" class=\"yoast-schema-graph\">{\"@context\":\"https:\\\/\\\/schema.org\",\"@graph\":[{\"@type\":\"WebPage\",\"@id\":\"https:\\\/\\\/www.gharbagroeurope.com\\\/fr\\\/producto\\\/cumin-beldi-moulu\\\/\",\"url\":\"https:\\\/\\\/www.gharbagroeurope.com\\\/fr\\\/producto\\\/cumin-beldi-moulu\\\/\",\"name\":\"Cumin Beldi Moulu - Gharb Agro Europe\",\"isPartOf\":{\"@id\":\"https:\\\/\\\/www.gharbagroeurope.com\\\/fr\\\/#website\"},\"primaryImageOfPage\":{\"@id\":\"https:\\\/\\\/www.gharbagroeurope.com\\\/fr\\\/producto\\\/cumin-beldi-moulu\\\/#primaryimage\"},\"image\":{\"@id\":\"https:\\\/\\\/www.gharbagroeurope.com\\\/fr\\\/producto\\\/cumin-beldi-moulu\\\/#primaryimage\"},\"thumbnailUrl\":\"https:\\\/\\\/www.gharbagroeurope.com\\\/wp-content\\\/uploads\\\/2026\\\/05\\\/COMINO-BELDI.png\",\"datePublished\":\"2026-05-14T08:05:35+00:00\",\"dateModified\":\"2026-05-14T08:06:17+00:00\",\"breadcrumb\":{\"@id\":\"https:\\\/\\\/www.gharbagroeurope.com\\\/fr\\\/producto\\\/cumin-beldi-moulu\\\/#breadcrumb\"},\"inLanguage\":\"fr-FR\",\"potentialAction\":[{\"@type\":\"ReadAction\",\"target\":[\"https:\\\/\\\/www.gharbagroeurope.com\\\/fr\\\/producto\\\/cumin-beldi-moulu\\\/\"]}]},{\"@type\":\"ImageObject\",\"inLanguage\":\"fr-FR\",\"@id\":\"https:\\\/\\\/www.gharbagroeurope.com\\\/fr\\\/producto\\\/cumin-beldi-moulu\\\/#primaryimage\",\"url\":\"https:\\\/\\\/www.gharbagroeurope.com\\\/wp-content\\\/uploads\\\/2026\\\/05\\\/COMINO-BELDI.png\",\"contentUrl\":\"https:\\\/\\\/www.gharbagroeurope.com\\\/wp-content\\\/uploads\\\/2026\\\/05\\\/COMINO-BELDI.png\",\"width\":1254,\"height\":1254},{\"@type\":\"BreadcrumbList\",\"@id\":\"https:\\\/\\\/www.gharbagroeurope.com\\\/fr\\\/producto\\\/cumin-beldi-moulu\\\/#breadcrumb\",\"itemListElement\":[{\"@type\":\"ListItem\",\"position\":1,\"name\":\"Portada\",\"item\":\"https:\\\/\\\/www.gharbagroeurope.com\\\/fr\\\/\"},{\"@type\":\"ListItem\",\"position\":2,\"name\":\"Magasin\",\"item\":\"https:\\\/\\\/www.gharbagroeurope.com\\\/fr\\\/tienda\\\/\"},{\"@type\":\"ListItem\",\"position\":3,\"name\":\"Cumin Beldi Moulu\"}]},{\"@type\":\"WebSite\",\"@id\":\"https:\\\/\\\/www.gharbagroeurope.com\\\/fr\\\/#website\",\"url\":\"https:\\\/\\\/www.gharbagroeurope.com\\\/fr\\\/\",\"name\":\"Gharb Agro Europe\",\"description\":\"Una plataforma digital de comercializaci\u00f3n de productos naturales procedentes de cooperativas africanas\",\"publisher\":{\"@id\":\"https:\\\/\\\/www.gharbagroeurope.com\\\/fr\\\/#organization\"},\"potentialAction\":[{\"@type\":\"SearchAction\",\"target\":{\"@type\":\"EntryPoint\",\"urlTemplate\":\"https:\\\/\\\/www.gharbagroeurope.com\\\/fr\\\/?s={search_term_string}\"},\"query-input\":{\"@type\":\"PropertyValueSpecification\",\"valueRequired\":true,\"valueName\":\"search_term_string\"}}],\"inLanguage\":\"fr-FR\"},{\"@type\":\"Organization\",\"@id\":\"https:\\\/\\\/www.gharbagroeurope.com\\\/fr\\\/#organization\",\"name\":\"Gharb Agro Europe\",\"url\":\"https:\\\/\\\/www.gharbagroeurope.com\\\/fr\\\/\",\"logo\":{\"@type\":\"ImageObject\",\"inLanguage\":\"fr-FR\",\"@id\":\"https:\\\/\\\/www.gharbagroeurope.com\\\/fr\\\/#\\\/schema\\\/logo\\\/image\\\/\",\"url\":\"https:\\\/\\\/www.gharbagroeurope.com\\\/wp-content\\\/uploads\\\/2026\\\/05\\\/logotipo-gharb.webp\",\"contentUrl\":\"https:\\\/\\\/www.gharbagroeurope.com\\\/wp-content\\\/uploads\\\/2026\\\/05\\\/logotipo-gharb.webp\",\"width\":716,\"height\":663,\"caption\":\"Gharb Agro Europe\"},\"image\":{\"@id\":\"https:\\\/\\\/www.gharbagroeurope.com\\\/fr\\\/#\\\/schema\\\/logo\\\/image\\\/\"}}]}<\/script>\n<!-- \/ Yoast SEO plugin. -->","yoast_head_json":{"title":"Cumin Beldi Moulu - Gharb Agro Europe","robots":{"index":"index","follow":"follow","max-snippet":"max-snippet:-1","max-image-preview":"max-image-preview:large","max-video-preview":"max-video-preview:-1"},"canonical":"https:\/\/www.gharbagroeurope.com\/fr\/producto\/cumin-beldi-moulu\/","og_locale":"fr_FR","og_type":"article","og_title":"Cumin Beldi Moulu - Gharb Agro Europe","og_description":"La saveur essentielle de la cuisine marocaine traditionnelle.","og_url":"https:\/\/www.gharbagroeurope.com\/fr\/producto\/cumin-beldi-moulu\/","og_site_name":"Gharb Agro Europe","article_modified_time":"2026-05-14T08:06:17+00:00","twitter_card":"summary_large_image","schema":{"@context":"https:\/\/schema.org","@graph":[{"@type":"WebPage","@id":"https:\/\/www.gharbagroeurope.com\/fr\/producto\/cumin-beldi-moulu\/","url":"https:\/\/www.gharbagroeurope.com\/fr\/producto\/cumin-beldi-moulu\/","name":"Cumin Beldi Moulu - Gharb Agro Europe","isPartOf":{"@id":"https:\/\/www.gharbagroeurope.com\/fr\/#website"},"primaryImageOfPage":{"@id":"https:\/\/www.gharbagroeurope.com\/fr\/producto\/cumin-beldi-moulu\/#primaryimage"},"image":{"@id":"https:\/\/www.gharbagroeurope.com\/fr\/producto\/cumin-beldi-moulu\/#primaryimage"},"thumbnailUrl":"https:\/\/www.gharbagroeurope.com\/wp-content\/uploads\/2026\/05\/COMINO-BELDI.png","datePublished":"2026-05-14T08:05:35+00:00","dateModified":"2026-05-14T08:06:17+00:00","breadcrumb":{"@id":"https:\/\/www.gharbagroeurope.com\/fr\/producto\/cumin-beldi-moulu\/#breadcrumb"},"inLanguage":"fr-FR","potentialAction":[{"@type":"ReadAction","target":["https:\/\/www.gharbagroeurope.com\/fr\/producto\/cumin-beldi-moulu\/"]}]},{"@type":"ImageObject","inLanguage":"fr-FR","@id":"https:\/\/www.gharbagroeurope.com\/fr\/producto\/cumin-beldi-moulu\/#primaryimage","url":"https:\/\/www.gharbagroeurope.com\/wp-content\/uploads\/2026\/05\/COMINO-BELDI.png","contentUrl":"https:\/\/www.gharbagroeurope.com\/wp-content\/uploads\/2026\/05\/COMINO-BELDI.png","width":1254,"height":1254},{"@type":"BreadcrumbList","@id":"https:\/\/www.gharbagroeurope.com\/fr\/producto\/cumin-beldi-moulu\/#breadcrumb","itemListElement":[{"@type":"ListItem","position":1,"name":"Portada","item":"https:\/\/www.gharbagroeurope.com\/fr\/"},{"@type":"ListItem","position":2,"name":"Magasin","item":"https:\/\/www.gharbagroeurope.com\/fr\/tienda\/"},{"@type":"ListItem","position":3,"name":"Cumin Beldi Moulu"}]},{"@type":"WebSite","@id":"https:\/\/www.gharbagroeurope.com\/fr\/#website","url":"https:\/\/www.gharbagroeurope.com\/fr\/","name":"Gharb Agro Europe","description":"Una plataforma digital de comercializaci\u00f3n de productos naturales procedentes de cooperativas africanas","publisher":{"@id":"https:\/\/www.gharbagroeurope.com\/fr\/#organization"},"potentialAction":[{"@type":"SearchAction","target":{"@type":"EntryPoint","urlTemplate":"https:\/\/www.gharbagroeurope.com\/fr\/?s={search_term_string}"},"query-input":{"@type":"PropertyValueSpecification","valueRequired":true,"valueName":"search_term_string"}}],"inLanguage":"fr-FR"},{"@type":"Organization","@id":"https:\/\/www.gharbagroeurope.com\/fr\/#organization","name":"Gharb Agro Europe","url":"https:\/\/www.gharbagroeurope.com\/fr\/","logo":{"@type":"ImageObject","inLanguage":"fr-FR","@id":"https:\/\/www.gharbagroeurope.com\/fr\/#\/schema\/logo\/image\/","url":"https:\/\/www.gharbagroeurope.com\/wp-content\/uploads\/2026\/05\/logotipo-gharb.webp","contentUrl":"https:\/\/www.gharbagroeurope.com\/wp-content\/uploads\/2026\/05\/logotipo-gharb.webp","width":716,"height":663,"caption":"Gharb Agro Europe"},"image":{"@id":"https:\/\/www.gharbagroeurope.com\/fr\/#\/schema\/logo\/image\/"}}]}},"_links":{"self":[{"href":"https:\/\/www.gharbagroeurope.com\/fr\/wp-json\/wp\/v2\/product\/4192","targetHints":{"allow":["GET"]}}],"collection":[{"href":"https:\/\/www.gharbagroeurope.com\/fr\/wp-json\/wp\/v2\/product"}],"about":[{"href":"https:\/\/www.gharbagroeurope.com\/fr\/wp-json\/wp\/v2\/types\/product"}],"wp:featuredmedia":[{"embeddable":true,"href":"https:\/\/www.gharbagroeurope.com\/fr\/wp-json\/wp\/v2\/media\/4085"}],"wp:attachment":[{"href":"https:\/\/www.gharbagroeurope.com\/fr\/wp-json\/wp\/v2\/media?parent=4192"}],"wp:term":[{"taxonomy":"product_brand","embeddable":true,"href":"https:\/\/www.gharbagroeurope.com\/fr\/wp-json\/wp\/v2\/product_brand?post=4192"},{"taxonomy":"product_cat","embeddable":true,"href":"https:\/\/www.gharbagroeurope.com\/fr\/wp-json\/wp\/v2\/product_cat?post=4192"},{"taxonomy":"product_tag","embeddable":true,"href":"https:\/\/www.gharbagroeurope.com\/fr\/wp-json\/wp\/v2\/product_tag?post=4192"}],"curies":[{"name":"wp","href":"https:\/\/api.w.org\/{rel}","templated":true}]}}