{"id":4433,"date":"2026-05-15T05:39:18","date_gmt":"2026-05-15T05:39:18","guid":{"rendered":"https:\/\/www.gharbagroeurope.com\/accessibilitat\/"},"modified":"2026-05-15T05:46:52","modified_gmt":"2026-05-15T05:46:52","slug":"accessibilite","status":"publish","type":"page","link":"https:\/\/www.gharbagroeurope.com\/fr\/accessibilite\/","title":{"rendered":"Accessibilit\u00e9"},"content":{"rendered":"\t\t<div data-elementor-type=\"wp-page\" data-elementor-id=\"4433\" class=\"elementor elementor-4433 elementor-4418\" data-elementor-post-type=\"page\">\n\t\t\t\t<div class=\"elementor-element elementor-element-a6bb023 e-con-full e-flex e-con e-parent\" data-id=\"a6bb023\" data-element_type=\"container\" data-e-type=\"container\">\n\t\t\t\t<div class=\"elementor-element elementor-element-c4985a3 elementor-widget elementor-widget-grogin-page-banner\" data-id=\"c4985a3\" data-element_type=\"widget\" data-e-type=\"widget\" data-widget_type=\"grogin-page-banner.default\">\n\t\t\t\t<div class=\"elementor-widget-container\">\n\t\t\t\t\t<div class=\"page-header text-center\"><div class=\"container\"><h1 class=\"entry-title sm-text-56\">Accesibilidad<\/h1><div class=\"max-w-520 mx-auto text-13 sm-text-15\"><p class=\"mb-0\"><\/p><\/div><!-- entry-teaser --><div class=\"entry-footer d-flex flex-wrap align-items-center justify-content-center gap-3 mt-20\"><\/div><!-- entry-footer --><\/div><!-- container --><\/div>\t\t\t\t<\/div>\n\t\t\t\t<\/div>\n\t\t\t\t<\/div>\n\t\t<div class=\"elementor-element elementor-element-7a409e2 e-flex e-con-boxed e-con e-parent\" data-id=\"7a409e2\" data-element_type=\"container\" data-e-type=\"container\">\n\t\t\t\t\t<div class=\"e-con-inner\">\n\t\t\t\t<div class=\"elementor-element elementor-element-500887f elementor-widget elementor-widget-text-editor\" data-id=\"500887f\" data-element_type=\"widget\" data-e-type=\"widget\" data-widget_type=\"text-editor.default\">\n\t\t\t\t\t\t\t\t\t<p><strong>D\u00e9claration d\u2019accessibilit\u00e9<\/strong><\/p>\n\n<p>\nCOMER DE PROXIMITAT DEL MONTSIA, SCCL s\u2019engage \u00e0 rendre son site web accessible, conform\u00e9ment au D\u00e9cret Royal 1112\/2018 du 7 septembre relatif \u00e0 l\u2019accessibilit\u00e9 des sites web et des applications mobiles.\n<\/p>\n\n<p>\nLa pr\u00e9sente d\u00e9claration d\u2019accessibilit\u00e9 s\u2019applique au site web :\n<a href=\"https:\/\/www.gharbagroeurope.com\" target=\"_blank\" rel=\"noopener\">\n<blockquote class=\"wp-embedded-content\" data-secret=\"H6KoMslfI8\"><a href=\"https:\/\/www.gharbagroeurope.com\/ca\/\">Productes naturals amb origen, impacte y valor real<\/a><\/blockquote><iframe class=\"wp-embedded-content\" sandbox=\"allow-scripts\" security=\"restricted\" style=\"position: absolute; visibility: hidden;\" title=\"\u201cProductes naturals amb origen, impacte y valor real\u201d \u2014 Gharb Agro Europe\" src=\"https:\/\/www.gharbagroeurope.com\/ca\/embed\/#?secret=hq81YLZRMo#?secret=H6KoMslfI8\" data-secret=\"H6KoMslfI8\" width=\"600\" height=\"338\" frameborder=\"0\" marginwidth=\"0\" marginheight=\"0\" scrolling=\"no\"><\/iframe>\n<\/a>\n<\/p>\n\n<p><strong>\u00c9tat de conformit\u00e9<\/strong><\/p>\n\n<p>\nCe site web est partiellement conforme au RD 1112\/2018 en raison des exceptions et des non-conformit\u00e9s indiqu\u00e9es ci-dessous.\n<\/p>\n\n<p><strong>Contenu non accessible<\/strong><\/p>\n\n<p>\nLe contenu mentionn\u00e9 ci-dessous n\u2019est pas accessible pour les raisons suivantes :\n<\/p>\n\n<p><strong>Non-conformit\u00e9 avec le RD 1112\/2018<\/strong><\/p>\n\n<p>\nCertains documents bureautiques au format PDF ou autres formats publi\u00e9s apr\u00e8s le 20 septembre 2018 peuvent ne pas respecter int\u00e9gralement toutes les exigences d\u2019accessibilit\u00e9. Toutefois, des efforts sont r\u00e9alis\u00e9s afin d\u2019am\u00e9liorer progressivement l\u2019accessibilit\u00e9 de ces contenus.\n<\/p>\n\n<p>\nVous pouvez demander des documents enti\u00e8rement accessibles via le formulaire de contact du site web.\n<\/p>\n\n<p>\nDes erreurs ponctuelles de code ou d\u2019\u00e9dition peuvent exister sur certaines pages web. [4.1.1 Traitement]\n<\/p>\n\n<p><strong>Charge disproportionn\u00e9e<\/strong><\/p>\n\n<p>Non applicable.<\/p>\n\n<p><strong>Contenu hors du champ d\u2019application de la l\u00e9gislation applicable<\/strong><\/p>\n\n<p>\nCertains fichiers bureautiques au format PDF ou autres formats publi\u00e9s avant le 20 septembre 2018 peuvent ne pas respecter pleinement toutes les exigences d\u2019accessibilit\u00e9.\n<\/p>\n\n<p><strong>Pr\u00e9paration de cette d\u00e9claration d\u2019accessibilit\u00e9<\/strong><\/p>\n\n<p>\nCette d\u00e9claration a \u00e9t\u00e9 pr\u00e9par\u00e9e le 15 mai 2026.\n<\/p>\n\n<p>\nLa m\u00e9thode utilis\u00e9e pour pr\u00e9parer cette d\u00e9claration a \u00e9t\u00e9 une auto\u00e9valuation r\u00e9alis\u00e9e par l\u2019entit\u00e9 elle-m\u00eame.\n<\/p>\n\n<p><strong>Observations et coordonn\u00e9es<\/strong><\/p>\n\n<p>\nVous pouvez effectuer des communications concernant les exigences d\u2019accessibilit\u00e9 (article 10.2.a du RD 1112\/2018), telles que :\n<\/p>\n\n<ul>\n\t<li>Signaler tout \u00e9ventuel non-respect des exigences d\u2019accessibilit\u00e9 par ce site web.<\/li>\n\t<li>Faire part d\u2019autres difficult\u00e9s d\u2019acc\u00e8s au contenu.<\/li>\n\t<li>Formuler toute autre question ou suggestion d\u2019am\u00e9lioration relative \u00e0 l\u2019accessibilit\u00e9 du site web.<\/li>\n<\/ul>\n\n<p>\nVous pouvez le faire via le formulaire de contact du site web ou par :\n<\/p>\n\n<ul>\n\t<li><strong>T\u00e9l\u00e9phone :<\/strong> 977 50 20 36<\/li>\n\t<li><strong>Email :<\/strong> info@gharbagroeurope.com<\/li>\n<\/ul>\n\n<p><strong>Proc\u00e9dure d\u2019application<\/strong><\/p>\n\n<p>\nLes utilisateurs peuvent pr\u00e9senter :\n<\/p>\n\n<ul>\n\t<li>Une r\u00e9clamation relative au respect des exigences du RD 1112\/2018.<\/li>\n\t<li>Une demande d\u2019information accessible concernant :<\/li>\n<\/ul>\n\n<ul>\n\t<li>Les contenus exclus du champ d\u2019application du RD 1112\/2018 selon l\u2019article 3, paragraphe 4.<\/li>\n\t<li>Les contenus exempt\u00e9s du respect des exigences d\u2019accessibilit\u00e9 en raison d\u2019une charge disproportionn\u00e9e.<\/li>\n<\/ul>\n\n<p>\nDans la demande d\u2019information accessible, il convient de pr\u00e9ciser clairement les faits, les raisons et la demande afin de v\u00e9rifier qu\u2019il s\u2019agit d\u2019une requ\u00eate raisonnable et l\u00e9gitime.\n<\/p>\n\n<p>\nLes r\u00e9clamations et demandes li\u00e9es \u00e0 l\u2019accessibilit\u00e9 seront g\u00e9r\u00e9es et trait\u00e9es par COMER DE PROXIMITAT DEL MONTSIA, SCCL.\n<\/p>\n\n<p><strong>Contenu optionnel<\/strong><\/p>\n\n<p>\nCe site web est con\u00e7u pour permettre la modification de la taille du texte, des couleurs ainsi que de l\u2019arri\u00e8re-plan de la page via les options de configuration standard des navigateurs.\n<\/p>\n\n<p>\nPour modifier la taille du texte dans les principaux navigateurs graphiques, utilisez les menus suivants :\n<\/p>\n\n<ul>\n\t<li>Internet Explorer \/ Firefox : Affichage > Taille du texte<\/li>\n\t<li>Opera : Affichage > Zoom<\/li>\n\t<li>Safari : Affichage > Agrandir le texte<\/li>\n\t<li>Chrome : Param\u00e8tres > Apparence > Taille de police<\/li>\n<\/ul>\n\n<p>\nPour modifier la taille de toute la page :\n<\/p>\n\n<ul>\n\t<li>Ctrl + + pour augmenter la taille.<\/li>\n\t<li>Ctrl + \u2013 pour diminuer la taille.<\/li>\n\t<li>Ctrl + 0 pour restaurer la taille originale.<\/li>\n<\/ul>\n\n<p>\nSi vous souhaitez modifier la couleur du texte ou d\u00e9sactiver la feuille de style, vous pouvez consulter la documentation d\u2019accessibilit\u00e9 fournie par la WAI (Web Accessibility Initiative).\n<\/p>\t\t\t\t\t\t\t\t<\/div>\n\t\t\t\t\t<\/div>\n\t\t\t\t<\/div>\n\t\t\t\t<\/div>\n\t\t","protected":false},"excerpt":{"rendered":"<p>Accesibilidad D\u00e9claration d\u2019accessibilit\u00e9 COMER DE PROXIMITAT DEL MONTSIA, SCCL s\u2019engage \u00e0 rendre son site web accessible, conform\u00e9ment au D\u00e9cret Royal 1112\/2018 du 7 septembre relatif \u00e0 l\u2019accessibilit\u00e9 des sites web et des applications mobiles. La pr\u00e9sente d\u00e9claration d\u2019accessibilit\u00e9 s\u2019applique au site web : Productes naturals amb origen, impacte y valor real \u00c9tat de conformit\u00e9 Ce<\/p>\n<div class=\"klb-readmore entry-button\"><a class=\"btn btn-primary link\" href=\"https:\/\/www.gharbagroeurope.com\/fr\/accessibilite\/\">En savoir plus <i class=\"klbth-icon-right-arrow\"><\/i><\/a><\/div>\n","protected":false},"author":1,"featured_media":0,"parent":0,"menu_order":0,"comment_status":"closed","ping_status":"closed","template":"","meta":{"footnotes":""},"class_list":["post-4433","page","type-page","status-publish","hentry"],"yoast_head":"<!-- This site is optimized with the Yoast SEO plugin v27.6 - https:\/\/yoast.com\/product\/yoast-seo-wordpress\/ -->\n<title>Accessibilit\u00e9 - Gharb Agro Europe<\/title>\n<meta name=\"robots\" content=\"index, follow, max-snippet:-1, max-image-preview:large, max-video-preview:-1\" \/>\n<link rel=\"canonical\" href=\"https:\/\/www.gharbagroeurope.com\/fr\/accessibilite\/\" \/>\n<meta property=\"og:locale\" content=\"fr_FR\" \/>\n<meta property=\"og:type\" content=\"article\" \/>\n<meta property=\"og:title\" content=\"Accessibilit\u00e9 - Gharb Agro Europe\" \/>\n<meta property=\"og:description\" content=\"Accesibilidad D\u00e9claration d\u2019accessibilit\u00e9 COMER DE PROXIMITAT DEL MONTSIA, SCCL s\u2019engage \u00e0 rendre son site web accessible, conform\u00e9ment au D\u00e9cret Royal 1112\/2018 du 7 septembre relatif \u00e0 l\u2019accessibilit\u00e9 des sites web et des applications mobiles. La pr\u00e9sente d\u00e9claration d\u2019accessibilit\u00e9 s\u2019applique au site web : Productes naturals amb origen, impacte y valor real \u00c9tat de conformit\u00e9 CeEn savoir plus\" \/>\n<meta property=\"og:url\" content=\"https:\/\/www.gharbagroeurope.com\/fr\/accessibilite\/\" \/>\n<meta property=\"og:site_name\" content=\"Gharb Agro Europe\" \/>\n<meta property=\"article:modified_time\" content=\"2026-05-15T05:46:52+00:00\" \/>\n<meta name=\"twitter:card\" content=\"summary_large_image\" \/>\n<meta name=\"twitter:label1\" content=\"Dur\u00e9e de lecture estim\u00e9e\" \/>\n\t<meta name=\"twitter:data1\" content=\"1 minute\" \/>\n<script type=\"application\/ld+json\" class=\"yoast-schema-graph\">{\"@context\":\"https:\\\/\\\/schema.org\",\"@graph\":[{\"@type\":\"WebPage\",\"@id\":\"https:\\\/\\\/www.gharbagroeurope.com\\\/fr\\\/accessibilite\\\/\",\"url\":\"https:\\\/\\\/www.gharbagroeurope.com\\\/fr\\\/accessibilite\\\/\",\"name\":\"Accessibilit\u00e9 - Gharb Agro Europe\",\"isPartOf\":{\"@id\":\"https:\\\/\\\/www.gharbagroeurope.com\\\/fr\\\/#website\"},\"datePublished\":\"2026-05-15T05:39:18+00:00\",\"dateModified\":\"2026-05-15T05:46:52+00:00\",\"breadcrumb\":{\"@id\":\"https:\\\/\\\/www.gharbagroeurope.com\\\/fr\\\/accessibilite\\\/#breadcrumb\"},\"inLanguage\":\"fr-FR\",\"potentialAction\":[{\"@type\":\"ReadAction\",\"target\":[\"https:\\\/\\\/www.gharbagroeurope.com\\\/fr\\\/accessibilite\\\/\"]}]},{\"@type\":\"BreadcrumbList\",\"@id\":\"https:\\\/\\\/www.gharbagroeurope.com\\\/fr\\\/accessibilite\\\/#breadcrumb\",\"itemListElement\":[{\"@type\":\"ListItem\",\"position\":1,\"name\":\"Portada\",\"item\":\"https:\\\/\\\/www.gharbagroeurope.com\\\/fr\\\/\"},{\"@type\":\"ListItem\",\"position\":2,\"name\":\"Accessibilit\u00e9\"}]},{\"@type\":\"WebSite\",\"@id\":\"https:\\\/\\\/www.gharbagroeurope.com\\\/fr\\\/#website\",\"url\":\"https:\\\/\\\/www.gharbagroeurope.com\\\/fr\\\/\",\"name\":\"Gharb Agro Europe\",\"description\":\"Una plataforma digital de comercializaci\u00f3n de productos naturales procedentes de cooperativas africanas\",\"publisher\":{\"@id\":\"https:\\\/\\\/www.gharbagroeurope.com\\\/fr\\\/#organization\"},\"potentialAction\":[{\"@type\":\"SearchAction\",\"target\":{\"@type\":\"EntryPoint\",\"urlTemplate\":\"https:\\\/\\\/www.gharbagroeurope.com\\\/fr\\\/?s={search_term_string}\"},\"query-input\":{\"@type\":\"PropertyValueSpecification\",\"valueRequired\":true,\"valueName\":\"search_term_string\"}}],\"inLanguage\":\"fr-FR\"},{\"@type\":\"Organization\",\"@id\":\"https:\\\/\\\/www.gharbagroeurope.com\\\/fr\\\/#organization\",\"name\":\"Gharb Agro Europe\",\"url\":\"https:\\\/\\\/www.gharbagroeurope.com\\\/fr\\\/\",\"logo\":{\"@type\":\"ImageObject\",\"inLanguage\":\"fr-FR\",\"@id\":\"https:\\\/\\\/www.gharbagroeurope.com\\\/fr\\\/#\\\/schema\\\/logo\\\/image\\\/\",\"url\":\"https:\\\/\\\/www.gharbagroeurope.com\\\/wp-content\\\/uploads\\\/2026\\\/05\\\/logotipo-gharb.webp\",\"contentUrl\":\"https:\\\/\\\/www.gharbagroeurope.com\\\/wp-content\\\/uploads\\\/2026\\\/05\\\/logotipo-gharb.webp\",\"width\":716,\"height\":663,\"caption\":\"Gharb Agro Europe\"},\"image\":{\"@id\":\"https:\\\/\\\/www.gharbagroeurope.com\\\/fr\\\/#\\\/schema\\\/logo\\\/image\\\/\"}}]}<\/script>\n<!-- \/ Yoast SEO plugin. -->","yoast_head_json":{"title":"Accessibilit\u00e9 - Gharb Agro Europe","robots":{"index":"index","follow":"follow","max-snippet":"max-snippet:-1","max-image-preview":"max-image-preview:large","max-video-preview":"max-video-preview:-1"},"canonical":"https:\/\/www.gharbagroeurope.com\/fr\/accessibilite\/","og_locale":"fr_FR","og_type":"article","og_title":"Accessibilit\u00e9 - Gharb Agro Europe","og_description":"Accesibilidad D\u00e9claration d\u2019accessibilit\u00e9 COMER DE PROXIMITAT DEL MONTSIA, SCCL s\u2019engage \u00e0 rendre son site web accessible, conform\u00e9ment au D\u00e9cret Royal 1112\/2018 du 7 septembre relatif \u00e0 l\u2019accessibilit\u00e9 des sites web et des applications mobiles. La pr\u00e9sente d\u00e9claration d\u2019accessibilit\u00e9 s\u2019applique au site web : Productes naturals amb origen, impacte y valor real \u00c9tat de conformit\u00e9 CeEn savoir plus","og_url":"https:\/\/www.gharbagroeurope.com\/fr\/accessibilite\/","og_site_name":"Gharb Agro Europe","article_modified_time":"2026-05-15T05:46:52+00:00","twitter_card":"summary_large_image","twitter_misc":{"Dur\u00e9e de lecture estim\u00e9e":"1 minute"},"schema":{"@context":"https:\/\/schema.org","@graph":[{"@type":"WebPage","@id":"https:\/\/www.gharbagroeurope.com\/fr\/accessibilite\/","url":"https:\/\/www.gharbagroeurope.com\/fr\/accessibilite\/","name":"Accessibilit\u00e9 - Gharb Agro Europe","isPartOf":{"@id":"https:\/\/www.gharbagroeurope.com\/fr\/#website"},"datePublished":"2026-05-15T05:39:18+00:00","dateModified":"2026-05-15T05:46:52+00:00","breadcrumb":{"@id":"https:\/\/www.gharbagroeurope.com\/fr\/accessibilite\/#breadcrumb"},"inLanguage":"fr-FR","potentialAction":[{"@type":"ReadAction","target":["https:\/\/www.gharbagroeurope.com\/fr\/accessibilite\/"]}]},{"@type":"BreadcrumbList","@id":"https:\/\/www.gharbagroeurope.com\/fr\/accessibilite\/#breadcrumb","itemListElement":[{"@type":"ListItem","position":1,"name":"Portada","item":"https:\/\/www.gharbagroeurope.com\/fr\/"},{"@type":"ListItem","position":2,"name":"Accessibilit\u00e9"}]},{"@type":"WebSite","@id":"https:\/\/www.gharbagroeurope.com\/fr\/#website","url":"https:\/\/www.gharbagroeurope.com\/fr\/","name":"Gharb Agro Europe","description":"Una plataforma digital de comercializaci\u00f3n de productos naturales procedentes de cooperativas africanas","publisher":{"@id":"https:\/\/www.gharbagroeurope.com\/fr\/#organization"},"potentialAction":[{"@type":"SearchAction","target":{"@type":"EntryPoint","urlTemplate":"https:\/\/www.gharbagroeurope.com\/fr\/?s={search_term_string}"},"query-input":{"@type":"PropertyValueSpecification","valueRequired":true,"valueName":"search_term_string"}}],"inLanguage":"fr-FR"},{"@type":"Organization","@id":"https:\/\/www.gharbagroeurope.com\/fr\/#organization","name":"Gharb Agro Europe","url":"https:\/\/www.gharbagroeurope.com\/fr\/","logo":{"@type":"ImageObject","inLanguage":"fr-FR","@id":"https:\/\/www.gharbagroeurope.com\/fr\/#\/schema\/logo\/image\/","url":"https:\/\/www.gharbagroeurope.com\/wp-content\/uploads\/2026\/05\/logotipo-gharb.webp","contentUrl":"https:\/\/www.gharbagroeurope.com\/wp-content\/uploads\/2026\/05\/logotipo-gharb.webp","width":716,"height":663,"caption":"Gharb Agro Europe"},"image":{"@id":"https:\/\/www.gharbagroeurope.com\/fr\/#\/schema\/logo\/image\/"}}]}},"_links":{"self":[{"href":"https:\/\/www.gharbagroeurope.com\/fr\/wp-json\/wp\/v2\/pages\/4433","targetHints":{"allow":["GET"]}}],"collection":[{"href":"https:\/\/www.gharbagroeurope.com\/fr\/wp-json\/wp\/v2\/pages"}],"about":[{"href":"https:\/\/www.gharbagroeurope.com\/fr\/wp-json\/wp\/v2\/types\/page"}],"author":[{"embeddable":true,"href":"https:\/\/www.gharbagroeurope.com\/fr\/wp-json\/wp\/v2\/users\/1"}],"replies":[{"embeddable":true,"href":"https:\/\/www.gharbagroeurope.com\/fr\/wp-json\/wp\/v2\/comments?post=4433"}],"version-history":[{"count":4,"href":"https:\/\/www.gharbagroeurope.com\/fr\/wp-json\/wp\/v2\/pages\/4433\/revisions"}],"predecessor-version":[{"id":4437,"href":"https:\/\/www.gharbagroeurope.com\/fr\/wp-json\/wp\/v2\/pages\/4433\/revisions\/4437"}],"wp:attachment":[{"href":"https:\/\/www.gharbagroeurope.com\/fr\/wp-json\/wp\/v2\/media?parent=4433"}],"curies":[{"name":"wp","href":"https:\/\/api.w.org\/{rel}","templated":true}]}}