{"id":4390,"date":"2026-05-07T06:41:29","date_gmt":"2026-05-07T06:41:29","guid":{"rendered":"https:\/\/www.gharbagroeurope.com\/politica-de-privadesa\/"},"modified":"2026-05-15T04:52:56","modified_gmt":"2026-05-15T04:52:56","slug":"politique-de-confidentialite","status":"publish","type":"page","link":"https:\/\/www.gharbagroeurope.com\/fr\/politique-de-confidentialite\/","title":{"rendered":"Politique de confidentialit\u00e9"},"content":{"rendered":"\t\t<div data-elementor-type=\"wp-page\" data-elementor-id=\"4390\" class=\"elementor elementor-4390 elementor-3\" data-elementor-post-type=\"page\">\n\t\t\t\t<div class=\"elementor-element elementor-element-66d0077 e-con-full e-flex e-con e-parent\" data-id=\"66d0077\" data-element_type=\"container\" data-e-type=\"container\">\n\t\t\t\t<div class=\"elementor-element elementor-element-de3e3f5 elementor-widget elementor-widget-grogin-page-banner\" data-id=\"de3e3f5\" data-element_type=\"widget\" data-e-type=\"widget\" data-widget_type=\"grogin-page-banner.default\">\n\t\t\t\t<div class=\"elementor-widget-container\">\n\t\t\t\t\t<div class=\"page-header text-center\"><div class=\"container\"><h1 class=\"entry-title sm-text-56\">Pol\u00edtica de privadesa<\/h1><div class=\"max-w-520 mx-auto text-13 sm-text-15\"><p class=\"mb-0\"><\/p><\/div><!-- entry-teaser --><div class=\"entry-footer d-flex flex-wrap align-items-center justify-content-center gap-3 mt-20\"><\/div><!-- entry-footer --><\/div><!-- container --><\/div>\t\t\t\t<\/div>\n\t\t\t\t<\/div>\n\t\t\t\t<\/div>\n\t\t<div class=\"elementor-element elementor-element-5b1936a6 e-flex e-con-boxed e-con e-parent\" data-id=\"5b1936a6\" data-element_type=\"container\" data-e-type=\"container\">\n\t\t\t\t\t<div class=\"e-con-inner\">\n\t\t\t\t<div class=\"elementor-element elementor-element-53d2047e elementor-widget elementor-widget-text-editor\" data-id=\"53d2047e\" data-element_type=\"widget\" data-e-type=\"widget\" data-widget_type=\"text-editor.default\">\n\t\t\t\t\t\t\t\t\t<h2>INFORMATIONS \u00c0 L\u2019UTILISATEUR<\/h2>\n\n<h3>Qui est responsable du traitement de vos donn\u00e9es personnelles ?<\/h3>\n\n<strong>COMER DE PROXIMITAT DEL MONTSIA, SCCL<\/strong> est le RESPONSABLE du traitement des donn\u00e9es personnelles de l\u2019UTILISATEUR et l\u2019informe que ces donn\u00e9es seront trait\u00e9es conform\u00e9ment au R\u00e8glement (UE) 2016\/679 du 27 avril (RGPD) et \u00e0 la Loi Organique 3\/2018 du 5 d\u00e9cembre (LOPDGDD).\n\nSelon le formulaire \u00e0 travers lequel nous avons obtenu vos donn\u00e9es personnelles, celles-ci seront trait\u00e9es de mani\u00e8re confidentielle afin d\u2019atteindre les finalit\u00e9s suivantes :\n\nDans le formulaire <b>Contact<\/b>\n<ul>\n \t<li>R\u00e9pondre aux demandes d\u2019information ou \u00e0 tout type de requ\u00eate effectu\u00e9e par l\u2019utilisateur via les diff\u00e9rents moyens de contact mis \u00e0 disposition sur le site web du responsable. (sur la base de l\u2019int\u00e9r\u00eat l\u00e9gitime du responsable, art. 6.1.f RGPD)<\/li>\n\n \t<li>Envoyer des communications commerciales publicitaires par e-mail, fax, SMS, MMS, r\u00e9seaux sociaux ou tout autre moyen \u00e9lectronique ou physique, pr\u00e9sent ou futur, permettant de r\u00e9aliser des communications commerciales. Ces communications seront effectu\u00e9es par le responsable et concerneront ses produits et services, ou ceux de ses collaborateurs ou fournisseurs avec lesquels un accord promotionnel a \u00e9t\u00e9 conclu. Dans ce cas, les tiers n\u2019auront jamais acc\u00e8s aux donn\u00e9es personnelles. (sur la base du consentement de la personne concern\u00e9e, art. 6.1.a RGPD)<\/li>\n\n \t<li>R\u00e9aliser des analyses statistiques et des \u00e9tudes de march\u00e9. (sur la base de l\u2019int\u00e9r\u00eat l\u00e9gitime du responsable, art. 6.1.f RGPD)<\/li>\n<\/ul>\n\nDans le formulaire <b>Finaliser l\u2019achat<\/b>\n<ul>\n \t<li>G\u00e9rer, traiter et exp\u00e9dier les commandes effectu\u00e9es par l\u2019utilisateur, ainsi que g\u00e9rer le processus de paiement, de facturation et de livraison des produits achet\u00e9s.<br \/><em>(sur la base de l\u2019ex\u00e9cution d\u2019un contrat, art. 6.1.b RGPD)<\/em><\/li>\n\n \t<li>Envoyer des communications relatives \u00e0 l\u2019\u00e9tat de la commande, aux confirmations d\u2019achat, aux incidents, aux retours ou au service apr\u00e8s-vente.<br \/><em>(sur la base de l\u2019ex\u00e9cution d\u2019un contrat, art. 6.1.b RGPD)<\/em><\/li>\n\n \t<li>Respecter les obligations l\u00e9gales, fiscales et administratives d\u00e9coulant de la relation commerciale \u00e9tablie avec le client.<br \/><em>(sur la base du respect d\u2019une obligation l\u00e9gale, art. 6.1.c RGPD)<\/em><\/li>\n\n \t<li>Pr\u00e9venir les fraudes, les utilisations abusives de la plateforme et garantir la s\u00e9curit\u00e9 des transactions r\u00e9alis\u00e9es via le site web.<br \/><em>(sur la base de l\u2019int\u00e9r\u00eat l\u00e9gitime du responsable, art. 6.1.f RGPD)<\/em><\/li>\n\n \t<li>Envoyer des communications commerciales relatives \u00e0 des produits ou services similaires \u00e0 ceux d\u00e9j\u00e0 contract\u00e9s par le client.<br \/><em>(sur la base de l\u2019int\u00e9r\u00eat l\u00e9gitime du responsable, art. 21.2 LSSI et art. 6.1.f RGPD)<\/em><\/li>\n\n \t<li>Envoyer des communications commerciales publicitaires concernant des produits, promotions ou nouveaut\u00e9s, par des moyens \u00e9lectroniques ou physiques, lorsque l\u2019utilisateur a express\u00e9ment donn\u00e9 son consentement.<br \/><em>(sur la base du consentement de la personne concern\u00e9e, art. 6.1.a RGPD)<\/em><\/li>\n<\/ul>\n\nDans le formulaire <b>Newsletter<\/b>\n<ul>\n \t<li>Envoyer des newsletters, nouveaut\u00e9s, offres et promotions en ligne. (sur la base du consentement de la personne concern\u00e9e, art. 6.1.a RGPD)<\/li>\n<\/ul>\n\n<h3>Pendant combien de temps conservons-nous vos donn\u00e9es personnelles ?<\/h3>\n\nElles seront conserv\u00e9es pendant une dur\u00e9e n\u2019exc\u00e9dant pas celle n\u00e9cessaire aux finalit\u00e9s du traitement ou tant qu\u2019il existe des obligations l\u00e9gales imposant leur conservation. Une fois cette dur\u00e9e expir\u00e9e, elles seront supprim\u00e9es avec des mesures de s\u00e9curit\u00e9 appropri\u00e9es garantissant leur anonymisation ou leur destruction totale.\n\n<h3>\u00c0 qui communiquons-nous vos donn\u00e9es personnelles ?<\/h3>\n\nAucune communication de donn\u00e9es personnelles \u00e0 des tiers n\u2019est pr\u00e9vue, sauf si cela est n\u00e9cessaire au d\u00e9veloppement et \u00e0 l\u2019ex\u00e9cution des finalit\u00e9s du traitement, \u00e0 nos prestataires de services li\u00e9s aux communications, avec lesquels le RESPONSABLE a sign\u00e9 les contrats de confidentialit\u00e9 et de sous-traitance exig\u00e9s par la r\u00e9glementation en vigueur en mati\u00e8re de protection des donn\u00e9es.\n\n<h3>Quels sont vos droits ?<\/h3>\n\nLes droits dont dispose l\u2019UTILISATEUR sont :\n<ul>\n \t<li>Droit de retirer son consentement \u00e0 tout moment.<\/li>\n\n \t<li>Droit d\u2019acc\u00e8s, de rectification, de portabilit\u00e9 et de suppression de ses donn\u00e9es, ainsi que de limitation ou d\u2019opposition \u00e0 leur traitement.<\/li>\n\n \t<li>Droit d\u2019introduire une r\u00e9clamation aupr\u00e8s de l\u2019autorit\u00e9 de contr\u00f4le (www.aepd.es) s\u2019il consid\u00e8re que le traitement n\u2019est pas conforme \u00e0 la r\u00e9glementation en vigueur.<\/li>\n<\/ul>\n\n<h4>Coordonn\u00e9es pour exercer vos droits :<\/h4>\n\nCOMER DE PROXIMITAT DEL MONTSIA, SCCL, Carrer l\u2019Aldea, parcelle 0, P.I. Venta Nova, (43894) Camarles. E-mail : comercmontsia@gmail.com.\n\n<h2>2. CARACT\u00c8RE OBLIGATOIRE OU FACULTATIF DES INFORMATIONS FOURNIES PAR L\u2019UTILISATEUR<\/h2>\n\nLes UTILISATEURS, en cochant les cases correspondantes et en saisissant des donn\u00e9es dans les champs marqu\u00e9s d\u2019un ast\u00e9risque (*) dans le formulaire de contact ou dans les formulaires de t\u00e9l\u00e9chargement, acceptent express\u00e9ment, librement et sans \u00e9quivoque que leurs donn\u00e9es sont n\u00e9cessaires pour traiter leur demande par le prestataire, l\u2019inclusion de donn\u00e9es dans les autres champs \u00e9tant volontaire. L\u2019UTILISATEUR garantit que les donn\u00e9es personnelles fournies au RESPONSABLE sont exactes et s\u2019engage \u00e0 communiquer toute modification de celles-ci.\n\nLe RESPONSABLE informe que toutes les donn\u00e9es demand\u00e9es via le site web sont obligatoires, car elles sont n\u00e9cessaires \u00e0 la fourniture d\u2019un service optimal \u00e0 l\u2019UTILISATEUR. Dans le cas o\u00f9 toutes les donn\u00e9es ne seraient pas fournies, il n\u2019est pas garanti que les informations et services propos\u00e9s soient enti\u00e8rement adapt\u00e9s \u00e0 ses besoins.\n\n<h2>MESURES DE S\u00c9CURIT\u00c9<\/h2>\n\nConform\u00e9ment aux r\u00e9glementations en vigueur relatives \u00e0 la protection des donn\u00e9es personnelles, le RESPONSABLE respecte l\u2019ensemble des dispositions du RGPD et de la LOPDGDD pour le traitement des donn\u00e9es personnelles relevant de sa responsabilit\u00e9, et notamment les principes d\u00e9crits \u00e0 l\u2019article 5 du RGPD, selon lesquels les donn\u00e9es sont trait\u00e9es de mani\u00e8re licite, loyale et transparente \u00e0 l\u2019\u00e9gard de la personne concern\u00e9e, et ad\u00e9quates, pertinentes et limit\u00e9es \u00e0 ce qui est n\u00e9cessaire au regard des finalit\u00e9s pour lesquelles elles sont trait\u00e9es.\n\nLe RESPONSABLE garantit avoir mis en \u0153uvre les politiques techniques et organisationnelles appropri\u00e9es afin d\u2019appliquer les mesures de s\u00e9curit\u00e9 pr\u00e9vues par le RGPD et la LOPDGDD dans le but de prot\u00e9ger les droits et libert\u00e9s des UTILISATEURS et leur a communiqu\u00e9 les informations ad\u00e9quates afin qu\u2019ils puissent les exercer.\n\nPour plus d\u2019informations concernant les garanties de confidentialit\u00e9, vous pouvez contacter le RESPONSABLE \u00e0 l\u2019adresse suivante : COMER DE PROXIMITAT DEL MONTSIA, SCCL, Carrer l\u2019Aldea, parcelle 0, P.I. Venta Nova, (43894) Camarles. E-mail : comercmontsia@gmail.com.\t\t\t\t\t\t\t\t<\/div>\n\t\t\t\t\t<\/div>\n\t\t\t\t<\/div>\n\t\t\t\t<\/div>\n\t\t","protected":false},"excerpt":{"rendered":"<p>Pol\u00edtica de privadesa INFORMATIONS \u00c0 L\u2019UTILISATEUR Qui est responsable du traitement de vos donn\u00e9es personnelles ? COMER DE PROXIMITAT DEL MONTSIA, SCCL est le RESPONSABLE du traitement des donn\u00e9es personnelles de l\u2019UTILISATEUR et l\u2019informe que ces donn\u00e9es seront trait\u00e9es conform\u00e9ment au R\u00e8glement (UE) 2016\/679 du 27 avril (RGPD) et \u00e0 la Loi Organique 3\/2018 du<\/p>\n<div class=\"klb-readmore entry-button\"><a class=\"btn btn-primary link\" href=\"https:\/\/www.gharbagroeurope.com\/fr\/politique-de-confidentialite\/\">En savoir plus <i class=\"klbth-icon-right-arrow\"><\/i><\/a><\/div>\n","protected":false},"author":1,"featured_media":0,"parent":0,"menu_order":0,"comment_status":"closed","ping_status":"closed","template":"","meta":{"footnotes":""},"class_list":["post-4390","page","type-page","status-publish","hentry"],"yoast_head":"<!-- This site is optimized with the Yoast SEO plugin v27.6 - https:\/\/yoast.com\/product\/yoast-seo-wordpress\/ -->\n<title>Politique de confidentialit\u00e9 - Gharb Agro Europe<\/title>\n<meta name=\"robots\" content=\"index, follow, max-snippet:-1, max-image-preview:large, max-video-preview:-1\" \/>\n<link rel=\"canonical\" href=\"https:\/\/www.gharbagroeurope.com\/fr\/politique-de-confidentialite\/\" \/>\n<meta property=\"og:locale\" content=\"fr_FR\" \/>\n<meta property=\"og:type\" content=\"article\" \/>\n<meta property=\"og:title\" content=\"Politique de confidentialit\u00e9 - Gharb Agro Europe\" \/>\n<meta property=\"og:description\" content=\"Pol\u00edtica de privadesa INFORMATIONS \u00c0 L\u2019UTILISATEUR Qui est responsable du traitement de vos donn\u00e9es personnelles ? COMER DE PROXIMITAT DEL MONTSIA, SCCL est le RESPONSABLE du traitement des donn\u00e9es personnelles de l\u2019UTILISATEUR et l\u2019informe que ces donn\u00e9es seront trait\u00e9es conform\u00e9ment au R\u00e8glement (UE) 2016\/679 du 27 avril (RGPD) et \u00e0 la Loi Organique 3\/2018 duEn savoir plus\" \/>\n<meta property=\"og:url\" content=\"https:\/\/www.gharbagroeurope.com\/fr\/politique-de-confidentialite\/\" \/>\n<meta property=\"og:site_name\" content=\"Gharb Agro Europe\" \/>\n<meta property=\"article:modified_time\" content=\"2026-05-15T04:52:56+00:00\" \/>\n<meta name=\"twitter:card\" content=\"summary_large_image\" \/>\n<meta name=\"twitter:label1\" content=\"Dur\u00e9e de lecture estim\u00e9e\" \/>\n\t<meta name=\"twitter:data1\" content=\"1 minute\" \/>\n<script type=\"application\/ld+json\" class=\"yoast-schema-graph\">{\"@context\":\"https:\\\/\\\/schema.org\",\"@graph\":[{\"@type\":\"WebPage\",\"@id\":\"https:\\\/\\\/www.gharbagroeurope.com\\\/fr\\\/politique-de-confidentialite\\\/\",\"url\":\"https:\\\/\\\/www.gharbagroeurope.com\\\/fr\\\/politique-de-confidentialite\\\/\",\"name\":\"Politique de confidentialit\u00e9 - Gharb Agro Europe\",\"isPartOf\":{\"@id\":\"https:\\\/\\\/www.gharbagroeurope.com\\\/fr\\\/#website\"},\"datePublished\":\"2026-05-07T06:41:29+00:00\",\"dateModified\":\"2026-05-15T04:52:56+00:00\",\"breadcrumb\":{\"@id\":\"https:\\\/\\\/www.gharbagroeurope.com\\\/fr\\\/politique-de-confidentialite\\\/#breadcrumb\"},\"inLanguage\":\"fr-FR\",\"potentialAction\":[{\"@type\":\"ReadAction\",\"target\":[\"https:\\\/\\\/www.gharbagroeurope.com\\\/fr\\\/politique-de-confidentialite\\\/\"]}]},{\"@type\":\"BreadcrumbList\",\"@id\":\"https:\\\/\\\/www.gharbagroeurope.com\\\/fr\\\/politique-de-confidentialite\\\/#breadcrumb\",\"itemListElement\":[{\"@type\":\"ListItem\",\"position\":1,\"name\":\"Portada\",\"item\":\"https:\\\/\\\/www.gharbagroeurope.com\\\/fr\\\/\"},{\"@type\":\"ListItem\",\"position\":2,\"name\":\"Politique de confidentialit\u00e9\"}]},{\"@type\":\"WebSite\",\"@id\":\"https:\\\/\\\/www.gharbagroeurope.com\\\/fr\\\/#website\",\"url\":\"https:\\\/\\\/www.gharbagroeurope.com\\\/fr\\\/\",\"name\":\"Gharb Agro Europe\",\"description\":\"Una plataforma digital de comercializaci\u00f3n de productos naturales procedentes de cooperativas africanas\",\"publisher\":{\"@id\":\"https:\\\/\\\/www.gharbagroeurope.com\\\/fr\\\/#organization\"},\"potentialAction\":[{\"@type\":\"SearchAction\",\"target\":{\"@type\":\"EntryPoint\",\"urlTemplate\":\"https:\\\/\\\/www.gharbagroeurope.com\\\/fr\\\/?s={search_term_string}\"},\"query-input\":{\"@type\":\"PropertyValueSpecification\",\"valueRequired\":true,\"valueName\":\"search_term_string\"}}],\"inLanguage\":\"fr-FR\"},{\"@type\":\"Organization\",\"@id\":\"https:\\\/\\\/www.gharbagroeurope.com\\\/fr\\\/#organization\",\"name\":\"Gharb Agro Europe\",\"url\":\"https:\\\/\\\/www.gharbagroeurope.com\\\/fr\\\/\",\"logo\":{\"@type\":\"ImageObject\",\"inLanguage\":\"fr-FR\",\"@id\":\"https:\\\/\\\/www.gharbagroeurope.com\\\/fr\\\/#\\\/schema\\\/logo\\\/image\\\/\",\"url\":\"https:\\\/\\\/www.gharbagroeurope.com\\\/wp-content\\\/uploads\\\/2026\\\/05\\\/logotipo-gharb.webp\",\"contentUrl\":\"https:\\\/\\\/www.gharbagroeurope.com\\\/wp-content\\\/uploads\\\/2026\\\/05\\\/logotipo-gharb.webp\",\"width\":716,\"height\":663,\"caption\":\"Gharb Agro Europe\"},\"image\":{\"@id\":\"https:\\\/\\\/www.gharbagroeurope.com\\\/fr\\\/#\\\/schema\\\/logo\\\/image\\\/\"}}]}<\/script>\n<!-- \/ Yoast SEO plugin. -->","yoast_head_json":{"title":"Politique de confidentialit\u00e9 - Gharb Agro Europe","robots":{"index":"index","follow":"follow","max-snippet":"max-snippet:-1","max-image-preview":"max-image-preview:large","max-video-preview":"max-video-preview:-1"},"canonical":"https:\/\/www.gharbagroeurope.com\/fr\/politique-de-confidentialite\/","og_locale":"fr_FR","og_type":"article","og_title":"Politique de confidentialit\u00e9 - Gharb Agro Europe","og_description":"Pol\u00edtica de privadesa INFORMATIONS \u00c0 L\u2019UTILISATEUR Qui est responsable du traitement de vos donn\u00e9es personnelles ? COMER DE PROXIMITAT DEL MONTSIA, SCCL est le RESPONSABLE du traitement des donn\u00e9es personnelles de l\u2019UTILISATEUR et l\u2019informe que ces donn\u00e9es seront trait\u00e9es conform\u00e9ment au R\u00e8glement (UE) 2016\/679 du 27 avril (RGPD) et \u00e0 la Loi Organique 3\/2018 duEn savoir plus","og_url":"https:\/\/www.gharbagroeurope.com\/fr\/politique-de-confidentialite\/","og_site_name":"Gharb Agro Europe","article_modified_time":"2026-05-15T04:52:56+00:00","twitter_card":"summary_large_image","twitter_misc":{"Dur\u00e9e de lecture estim\u00e9e":"1 minute"},"schema":{"@context":"https:\/\/schema.org","@graph":[{"@type":"WebPage","@id":"https:\/\/www.gharbagroeurope.com\/fr\/politique-de-confidentialite\/","url":"https:\/\/www.gharbagroeurope.com\/fr\/politique-de-confidentialite\/","name":"Politique de confidentialit\u00e9 - Gharb Agro Europe","isPartOf":{"@id":"https:\/\/www.gharbagroeurope.com\/fr\/#website"},"datePublished":"2026-05-07T06:41:29+00:00","dateModified":"2026-05-15T04:52:56+00:00","breadcrumb":{"@id":"https:\/\/www.gharbagroeurope.com\/fr\/politique-de-confidentialite\/#breadcrumb"},"inLanguage":"fr-FR","potentialAction":[{"@type":"ReadAction","target":["https:\/\/www.gharbagroeurope.com\/fr\/politique-de-confidentialite\/"]}]},{"@type":"BreadcrumbList","@id":"https:\/\/www.gharbagroeurope.com\/fr\/politique-de-confidentialite\/#breadcrumb","itemListElement":[{"@type":"ListItem","position":1,"name":"Portada","item":"https:\/\/www.gharbagroeurope.com\/fr\/"},{"@type":"ListItem","position":2,"name":"Politique de confidentialit\u00e9"}]},{"@type":"WebSite","@id":"https:\/\/www.gharbagroeurope.com\/fr\/#website","url":"https:\/\/www.gharbagroeurope.com\/fr\/","name":"Gharb Agro Europe","description":"Una plataforma digital de comercializaci\u00f3n de productos naturales procedentes de cooperativas africanas","publisher":{"@id":"https:\/\/www.gharbagroeurope.com\/fr\/#organization"},"potentialAction":[{"@type":"SearchAction","target":{"@type":"EntryPoint","urlTemplate":"https:\/\/www.gharbagroeurope.com\/fr\/?s={search_term_string}"},"query-input":{"@type":"PropertyValueSpecification","valueRequired":true,"valueName":"search_term_string"}}],"inLanguage":"fr-FR"},{"@type":"Organization","@id":"https:\/\/www.gharbagroeurope.com\/fr\/#organization","name":"Gharb Agro Europe","url":"https:\/\/www.gharbagroeurope.com\/fr\/","logo":{"@type":"ImageObject","inLanguage":"fr-FR","@id":"https:\/\/www.gharbagroeurope.com\/fr\/#\/schema\/logo\/image\/","url":"https:\/\/www.gharbagroeurope.com\/wp-content\/uploads\/2026\/05\/logotipo-gharb.webp","contentUrl":"https:\/\/www.gharbagroeurope.com\/wp-content\/uploads\/2026\/05\/logotipo-gharb.webp","width":716,"height":663,"caption":"Gharb Agro Europe"},"image":{"@id":"https:\/\/www.gharbagroeurope.com\/fr\/#\/schema\/logo\/image\/"}}]}},"_links":{"self":[{"href":"https:\/\/www.gharbagroeurope.com\/fr\/wp-json\/wp\/v2\/pages\/4390","targetHints":{"allow":["GET"]}}],"collection":[{"href":"https:\/\/www.gharbagroeurope.com\/fr\/wp-json\/wp\/v2\/pages"}],"about":[{"href":"https:\/\/www.gharbagroeurope.com\/fr\/wp-json\/wp\/v2\/types\/page"}],"author":[{"embeddable":true,"href":"https:\/\/www.gharbagroeurope.com\/fr\/wp-json\/wp\/v2\/users\/1"}],"replies":[{"embeddable":true,"href":"https:\/\/www.gharbagroeurope.com\/fr\/wp-json\/wp\/v2\/comments?post=4390"}],"version-history":[{"count":4,"href":"https:\/\/www.gharbagroeurope.com\/fr\/wp-json\/wp\/v2\/pages\/4390\/revisions"}],"predecessor-version":[{"id":4395,"href":"https:\/\/www.gharbagroeurope.com\/fr\/wp-json\/wp\/v2\/pages\/4390\/revisions\/4395"}],"wp:attachment":[{"href":"https:\/\/www.gharbagroeurope.com\/fr\/wp-json\/wp\/v2\/media?parent=4390"}],"curies":[{"name":"wp","href":"https:\/\/api.w.org\/{rel}","templated":true}]}}