{"id":4305,"date":"2023-11-27T09:31:53","date_gmt":"2023-11-27T09:31:53","guid":{"rendered":"https:\/\/www.gharbagroeurope.com\/contacto\/"},"modified":"2026-05-15T08:32:25","modified_gmt":"2026-05-15T08:32:25","slug":"contact","status":"publish","type":"page","link":"https:\/\/www.gharbagroeurope.com\/fr\/contact\/","title":{"rendered":"Contact"},"content":{"rendered":"\t\t<div data-elementor-type=\"wp-page\" data-elementor-id=\"4305\" class=\"elementor elementor-4305 elementor-2574\" data-elementor-post-type=\"page\">\n\t\t\t\t<div class=\"elementor-element elementor-element-03b9a98 e-con-full e-flex e-con e-parent\" data-id=\"03b9a98\" data-element_type=\"container\" data-e-type=\"container\">\n\t\t\t\t<div class=\"elementor-element elementor-element-debe21b elementor-widget elementor-widget-grogin-page-banner\" data-id=\"debe21b\" data-element_type=\"widget\" data-e-type=\"widget\" data-widget_type=\"grogin-page-banner.default\">\n\t\t\t\t<div class=\"elementor-widget-container\">\n\t\t\t\t\t<div class=\"page-header text-center\"><div class=\"container\"><h1 class=\"entry-title sm-text-56\">Contact<\/h1><div class=\"max-w-520 mx-auto text-13 sm-text-15\"><p class=\"mb-0\"><\/p><\/div><!-- entry-teaser --><div class=\"entry-footer d-flex flex-wrap align-items-center justify-content-center gap-3 mt-20\"><\/div><!-- entry-footer --><\/div><!-- container --><\/div>\t\t\t\t<\/div>\n\t\t\t\t<\/div>\n\t\t\t\t<\/div>\n\t\t<div class=\"elementor-element elementor-element-5f79f89 e-flex e-con-boxed e-con e-parent\" data-id=\"5f79f89\" data-element_type=\"container\" data-e-type=\"container\">\n\t\t\t\t\t<div class=\"e-con-inner\">\n\t\t<div class=\"elementor-element elementor-element-cc73661 e-con-full e-flex e-con e-child\" data-id=\"cc73661\" data-element_type=\"container\" data-e-type=\"container\">\n\t\t\t\t<div class=\"elementor-element elementor-element-97d677e elementor-widget elementor-widget-heading\" data-id=\"97d677e\" data-element_type=\"widget\" data-e-type=\"widget\" data-widget_type=\"heading.default\">\n\t\t\t\t\t<h3 class=\"elementor-heading-title elementor-size-default\">O\u00f9 sommes-nous?<\/h3>\t\t\t\t<\/div>\n\t\t<div class=\"elementor-element elementor-element-2d4215a e-con-full e-flex e-con e-child\" data-id=\"2d4215a\" data-element_type=\"container\" data-e-type=\"container\">\n\t\t\t\t<div class=\"elementor-element elementor-element-1586fcc elementor-widget elementor-widget-grogin-address-box\" data-id=\"1586fcc\" data-element_type=\"widget\" data-e-type=\"widget\" data-widget_type=\"grogin-address-box.default\">\n\t\t\t\t<div class=\"elementor-widget-container\">\n\t\t\t\t\t<div class=\"contact-details\"><div class=\"map-icon\"><i class=\"klb-icon-map-pin\"><\/i><\/div><div class=\"contact-info\"><span class=\"text-12\">Espagne<\/span><h4 class=\"text-16 sm-text-18 fw-medium\">Camarles, Tarragona<\/h4><p class=\"text-13 text-gray-600\">Carrer l'Aldea parcelle 0, P.I. Venta Nueva<\/p><a class=\"email\" href=\"mailto:info@gharbagroeurope.com\">info@gharbagroeurope.com<\/a><\/div><!-- contact-info --><\/div><!-- contact-details -->\t\t\t\t<\/div>\n\t\t\t\t<\/div>\n\t\t\t\t<\/div>\n\t\t\t\t<\/div>\n\t\t<div class=\"elementor-element elementor-element-b7c9a04 e-con-full e-flex e-con e-child\" data-id=\"b7c9a04\" data-element_type=\"container\" data-e-type=\"container\">\n\t\t\t\t<\/div>\n\t\t<div class=\"elementor-element elementor-element-44edf67 e-con-full e-flex e-con e-child\" data-id=\"44edf67\" data-element_type=\"container\" data-e-type=\"container\" data-settings=\"{&quot;background_background&quot;:&quot;classic&quot;}\">\n\t\t\t\t<div class=\"elementor-element elementor-element-bd3e65a elementor-widget elementor-widget-heading\" data-id=\"bd3e65a\" data-element_type=\"widget\" data-e-type=\"widget\" data-widget_type=\"heading.default\">\n\t\t\t\t\t<p class=\"elementor-heading-title elementor-size-default\">Notre \u00e9quipe est disponible pour r\u00e9pondre \u00e0 vos questions, \u00e9tablir des collaborations ou vous fournir des informations sur nos produits et services.\n<\/p>\t\t\t\t<\/div>\n\t\t\t\t<div class=\"elementor-element elementor-element-6747c81 elementor-button-align-stretch elementor-widget elementor-widget-form\" data-id=\"6747c81\" data-element_type=\"widget\" data-e-type=\"widget\" data-settings=\"{&quot;step_next_label&quot;:&quot;Next&quot;,&quot;step_previous_label&quot;:&quot;Previous&quot;,&quot;button_width&quot;:&quot;100&quot;,&quot;step_type&quot;:&quot;number_text&quot;,&quot;step_icon_shape&quot;:&quot;circle&quot;}\" data-widget_type=\"form.default\">\n\t\t\t\t\t\t\t<form class=\"elementor-form\" method=\"post\" name=\"New Form\" aria-label=\"New Form\">\n\t\t\t<input type=\"hidden\" name=\"post_id\" value=\"4305\"\/>\n\t\t\t<input type=\"hidden\" name=\"form_id\" value=\"6747c81\"\/>\n\t\t\t<input type=\"hidden\" name=\"referer_title\" value=\"Contact - Gharb Agro Europe\" \/>\n\n\t\t\t\t\t\t\t<input type=\"hidden\" name=\"queried_id\" value=\"4305\"\/>\n\t\t\t\n\t\t\t<div class=\"elementor-form-fields-wrapper elementor-labels-above\">\n\t\t\t\t\t\t\t\t<div class=\"elementor-field-type-text elementor-field-group elementor-column elementor-field-group-name elementor-col-50 elementor-field-required elementor-mark-required\">\n\t\t\t\t\t\t\t\t\t\t\t\t<label for=\"form-field-name\" class=\"elementor-field-label\">\n\t\t\t\t\t\t\t\tNom\t\t\t\t\t\t\t<\/label>\n\t\t\t\t\t\t\t\t\t\t\t\t\t\t<input size=\"1\" type=\"text\" name=\"form_fields[name]\" id=\"form-field-name\" class=\"elementor-field elementor-size-sm  elementor-field-textual\" required=\"required\">\n\t\t\t\t\t\t\t\t\t\t\t<\/div>\n\t\t\t\t\t\t\t\t<div class=\"elementor-field-type-email elementor-field-group elementor-column elementor-field-group-email elementor-col-50 elementor-field-required elementor-mark-required\">\n\t\t\t\t\t\t\t\t\t\t\t\t<label for=\"form-field-email\" class=\"elementor-field-label\">\n\t\t\t\t\t\t\t\tE-mail\t\t\t\t\t\t\t<\/label>\n\t\t\t\t\t\t\t\t\t\t\t\t\t\t<input size=\"1\" type=\"email\" name=\"form_fields[email]\" id=\"form-field-email\" class=\"elementor-field elementor-size-sm  elementor-field-textual\" required=\"required\">\n\t\t\t\t\t\t\t\t\t\t\t<\/div>\n\t\t\t\t\t\t\t\t<div class=\"elementor-field-type-text elementor-field-group elementor-column elementor-field-group-field_1db0cb9 elementor-col-100 elementor-field-required elementor-mark-required\">\n\t\t\t\t\t\t\t\t\t\t\t\t<label for=\"form-field-field_1db0cb9\" class=\"elementor-field-label\">\n\t\t\t\t\t\t\t\tRaison\t\t\t\t\t\t\t<\/label>\n\t\t\t\t\t\t\t\t\t\t\t\t\t\t<input size=\"1\" type=\"text\" name=\"form_fields[field_1db0cb9]\" id=\"form-field-field_1db0cb9\" class=\"elementor-field elementor-size-sm  elementor-field-textual\" required=\"required\">\n\t\t\t\t\t\t\t\t\t\t\t<\/div>\n\t\t\t\t\t\t\t\t<div class=\"elementor-field-type-textarea elementor-field-group elementor-column elementor-field-group-message elementor-col-100 elementor-field-required elementor-mark-required\">\n\t\t\t\t\t\t\t\t\t\t\t\t<label for=\"form-field-message\" class=\"elementor-field-label\">\n\t\t\t\t\t\t\t\tMessage\t\t\t\t\t\t\t<\/label>\n\t\t\t\t\t\t<textarea class=\"elementor-field-textual elementor-field  elementor-size-sm\" name=\"form_fields[message]\" id=\"form-field-message\" rows=\"4\" required=\"required\"><\/textarea>\t\t\t\t<\/div>\n\t\t\t\t\t\t\t\t<div class=\"elementor-field-group elementor-column elementor-field-type-submit elementor-col-100 e-form__buttons\">\n\t\t\t\t\t<button class=\"elementor-button elementor-size-sm\" type=\"submit\">\n\t\t\t\t\t\t<span class=\"elementor-button-content-wrapper\">\n\t\t\t\t\t\t\t\t\t\t\t\t\t\t\t\t\t\t\t\t\t\t<span class=\"elementor-button-text\">Enviar<\/span>\n\t\t\t\t\t\t\t\t\t\t\t\t\t<\/span>\n\t\t\t\t\t<\/button>\n\t\t\t\t<\/div>\n\t\t\t<\/div>\n\t\t<\/form>\n\t\t\t\t\t\t<\/div>\n\t\t\t\t<\/div>\n\t\t\t\t\t<\/div>\n\t\t\t\t<\/div>\n\t\t\t\t<\/div>\n\t\t","protected":false},"excerpt":{"rendered":"<p>Contact O\u00f9 sommes-nous? Espagne Camarles, Tarragona Carrer l\u2019Aldea parcelle 0, P.I. Venta Nueva info@gharbagroeurope.com Notre \u00e9quipe est disponible pour r\u00e9pondre \u00e0 vos questions, \u00e9tablir des collaborations ou vous fournir des informations sur nos produits et services.<\/p>\n","protected":false},"author":1,"featured_media":0,"parent":0,"menu_order":0,"comment_status":"closed","ping_status":"closed","template":"","meta":{"footnotes":""},"class_list":["post-4305","page","type-page","status-publish","hentry"],"yoast_head":"<!-- This site is optimized with the Yoast SEO plugin v27.6 - https:\/\/yoast.com\/product\/yoast-seo-wordpress\/ -->\n<title>Contact - Gharb Agro Europe<\/title>\n<meta name=\"robots\" content=\"index, follow, max-snippet:-1, max-image-preview:large, max-video-preview:-1\" \/>\n<link rel=\"canonical\" href=\"https:\/\/www.gharbagroeurope.com\/fr\/contact\/\" \/>\n<meta property=\"og:locale\" content=\"fr_FR\" \/>\n<meta property=\"og:type\" content=\"article\" \/>\n<meta property=\"og:title\" content=\"Contact - Gharb Agro Europe\" \/>\n<meta property=\"og:description\" content=\"Contact O\u00f9 sommes-nous? Espagne Camarles, Tarragona Carrer l\u2019Aldea parcelle 0, P.I. Venta Nueva info@gharbagroeurope.com Notre \u00e9quipe est disponible pour r\u00e9pondre \u00e0 vos questions, \u00e9tablir des collaborations ou vous fournir des informations sur nos produits et services.\" \/>\n<meta property=\"og:url\" content=\"https:\/\/www.gharbagroeurope.com\/fr\/contact\/\" \/>\n<meta property=\"og:site_name\" content=\"Gharb Agro Europe\" \/>\n<meta property=\"article:modified_time\" content=\"2026-05-15T08:32:25+00:00\" \/>\n<meta name=\"twitter:card\" content=\"summary_large_image\" \/>\n<meta name=\"twitter:label1\" content=\"Dur\u00e9e de lecture estim\u00e9e\" \/>\n\t<meta name=\"twitter:data1\" content=\"1 minute\" \/>\n<script type=\"application\/ld+json\" class=\"yoast-schema-graph\">{\"@context\":\"https:\\\/\\\/schema.org\",\"@graph\":[{\"@type\":\"WebPage\",\"@id\":\"https:\\\/\\\/www.gharbagroeurope.com\\\/fr\\\/contact\\\/\",\"url\":\"https:\\\/\\\/www.gharbagroeurope.com\\\/fr\\\/contact\\\/\",\"name\":\"Contact - Gharb Agro Europe\",\"isPartOf\":{\"@id\":\"https:\\\/\\\/www.gharbagroeurope.com\\\/fr\\\/#website\"},\"datePublished\":\"2023-11-27T09:31:53+00:00\",\"dateModified\":\"2026-05-15T08:32:25+00:00\",\"breadcrumb\":{\"@id\":\"https:\\\/\\\/www.gharbagroeurope.com\\\/fr\\\/contact\\\/#breadcrumb\"},\"inLanguage\":\"fr-FR\",\"potentialAction\":[{\"@type\":\"ReadAction\",\"target\":[\"https:\\\/\\\/www.gharbagroeurope.com\\\/fr\\\/contact\\\/\"]}]},{\"@type\":\"BreadcrumbList\",\"@id\":\"https:\\\/\\\/www.gharbagroeurope.com\\\/fr\\\/contact\\\/#breadcrumb\",\"itemListElement\":[{\"@type\":\"ListItem\",\"position\":1,\"name\":\"Portada\",\"item\":\"https:\\\/\\\/www.gharbagroeurope.com\\\/fr\\\/\"},{\"@type\":\"ListItem\",\"position\":2,\"name\":\"Contact\"}]},{\"@type\":\"WebSite\",\"@id\":\"https:\\\/\\\/www.gharbagroeurope.com\\\/fr\\\/#website\",\"url\":\"https:\\\/\\\/www.gharbagroeurope.com\\\/fr\\\/\",\"name\":\"Gharb Agro Europe\",\"description\":\"Una plataforma digital de comercializaci\u00f3n de productos naturales procedentes de cooperativas africanas\",\"publisher\":{\"@id\":\"https:\\\/\\\/www.gharbagroeurope.com\\\/fr\\\/#organization\"},\"potentialAction\":[{\"@type\":\"SearchAction\",\"target\":{\"@type\":\"EntryPoint\",\"urlTemplate\":\"https:\\\/\\\/www.gharbagroeurope.com\\\/fr\\\/?s={search_term_string}\"},\"query-input\":{\"@type\":\"PropertyValueSpecification\",\"valueRequired\":true,\"valueName\":\"search_term_string\"}}],\"inLanguage\":\"fr-FR\"},{\"@type\":\"Organization\",\"@id\":\"https:\\\/\\\/www.gharbagroeurope.com\\\/fr\\\/#organization\",\"name\":\"Gharb Agro Europe\",\"url\":\"https:\\\/\\\/www.gharbagroeurope.com\\\/fr\\\/\",\"logo\":{\"@type\":\"ImageObject\",\"inLanguage\":\"fr-FR\",\"@id\":\"https:\\\/\\\/www.gharbagroeurope.com\\\/fr\\\/#\\\/schema\\\/logo\\\/image\\\/\",\"url\":\"https:\\\/\\\/www.gharbagroeurope.com\\\/wp-content\\\/uploads\\\/2026\\\/05\\\/logotipo-gharb.webp\",\"contentUrl\":\"https:\\\/\\\/www.gharbagroeurope.com\\\/wp-content\\\/uploads\\\/2026\\\/05\\\/logotipo-gharb.webp\",\"width\":716,\"height\":663,\"caption\":\"Gharb Agro Europe\"},\"image\":{\"@id\":\"https:\\\/\\\/www.gharbagroeurope.com\\\/fr\\\/#\\\/schema\\\/logo\\\/image\\\/\"}}]}<\/script>\n<!-- \/ Yoast SEO plugin. -->","yoast_head_json":{"title":"Contact - Gharb Agro Europe","robots":{"index":"index","follow":"follow","max-snippet":"max-snippet:-1","max-image-preview":"max-image-preview:large","max-video-preview":"max-video-preview:-1"},"canonical":"https:\/\/www.gharbagroeurope.com\/fr\/contact\/","og_locale":"fr_FR","og_type":"article","og_title":"Contact - Gharb Agro Europe","og_description":"Contact O\u00f9 sommes-nous? Espagne Camarles, Tarragona Carrer l\u2019Aldea parcelle 0, P.I. Venta Nueva info@gharbagroeurope.com Notre \u00e9quipe est disponible pour r\u00e9pondre \u00e0 vos questions, \u00e9tablir des collaborations ou vous fournir des informations sur nos produits et services.","og_url":"https:\/\/www.gharbagroeurope.com\/fr\/contact\/","og_site_name":"Gharb Agro Europe","article_modified_time":"2026-05-15T08:32:25+00:00","twitter_card":"summary_large_image","twitter_misc":{"Dur\u00e9e de lecture estim\u00e9e":"1 minute"},"schema":{"@context":"https:\/\/schema.org","@graph":[{"@type":"WebPage","@id":"https:\/\/www.gharbagroeurope.com\/fr\/contact\/","url":"https:\/\/www.gharbagroeurope.com\/fr\/contact\/","name":"Contact - Gharb Agro Europe","isPartOf":{"@id":"https:\/\/www.gharbagroeurope.com\/fr\/#website"},"datePublished":"2023-11-27T09:31:53+00:00","dateModified":"2026-05-15T08:32:25+00:00","breadcrumb":{"@id":"https:\/\/www.gharbagroeurope.com\/fr\/contact\/#breadcrumb"},"inLanguage":"fr-FR","potentialAction":[{"@type":"ReadAction","target":["https:\/\/www.gharbagroeurope.com\/fr\/contact\/"]}]},{"@type":"BreadcrumbList","@id":"https:\/\/www.gharbagroeurope.com\/fr\/contact\/#breadcrumb","itemListElement":[{"@type":"ListItem","position":1,"name":"Portada","item":"https:\/\/www.gharbagroeurope.com\/fr\/"},{"@type":"ListItem","position":2,"name":"Contact"}]},{"@type":"WebSite","@id":"https:\/\/www.gharbagroeurope.com\/fr\/#website","url":"https:\/\/www.gharbagroeurope.com\/fr\/","name":"Gharb Agro Europe","description":"Una plataforma digital de comercializaci\u00f3n de productos naturales procedentes de cooperativas africanas","publisher":{"@id":"https:\/\/www.gharbagroeurope.com\/fr\/#organization"},"potentialAction":[{"@type":"SearchAction","target":{"@type":"EntryPoint","urlTemplate":"https:\/\/www.gharbagroeurope.com\/fr\/?s={search_term_string}"},"query-input":{"@type":"PropertyValueSpecification","valueRequired":true,"valueName":"search_term_string"}}],"inLanguage":"fr-FR"},{"@type":"Organization","@id":"https:\/\/www.gharbagroeurope.com\/fr\/#organization","name":"Gharb Agro Europe","url":"https:\/\/www.gharbagroeurope.com\/fr\/","logo":{"@type":"ImageObject","inLanguage":"fr-FR","@id":"https:\/\/www.gharbagroeurope.com\/fr\/#\/schema\/logo\/image\/","url":"https:\/\/www.gharbagroeurope.com\/wp-content\/uploads\/2026\/05\/logotipo-gharb.webp","contentUrl":"https:\/\/www.gharbagroeurope.com\/wp-content\/uploads\/2026\/05\/logotipo-gharb.webp","width":716,"height":663,"caption":"Gharb Agro Europe"},"image":{"@id":"https:\/\/www.gharbagroeurope.com\/fr\/#\/schema\/logo\/image\/"}}]}},"_links":{"self":[{"href":"https:\/\/www.gharbagroeurope.com\/fr\/wp-json\/wp\/v2\/pages\/4305","targetHints":{"allow":["GET"]}}],"collection":[{"href":"https:\/\/www.gharbagroeurope.com\/fr\/wp-json\/wp\/v2\/pages"}],"about":[{"href":"https:\/\/www.gharbagroeurope.com\/fr\/wp-json\/wp\/v2\/types\/page"}],"author":[{"embeddable":true,"href":"https:\/\/www.gharbagroeurope.com\/fr\/wp-json\/wp\/v2\/users\/1"}],"replies":[{"embeddable":true,"href":"https:\/\/www.gharbagroeurope.com\/fr\/wp-json\/wp\/v2\/comments?post=4305"}],"version-history":[{"count":6,"href":"https:\/\/www.gharbagroeurope.com\/fr\/wp-json\/wp\/v2\/pages\/4305\/revisions"}],"predecessor-version":[{"id":4525,"href":"https:\/\/www.gharbagroeurope.com\/fr\/wp-json\/wp\/v2\/pages\/4305\/revisions\/4525"}],"wp:attachment":[{"href":"https:\/\/www.gharbagroeurope.com\/fr\/wp-json\/wp\/v2\/media?parent=4305"}],"curies":[{"name":"wp","href":"https:\/\/api.w.org\/{rel}","templated":true}]}}