{"id":3918,"date":"2026-05-11T08:34:54","date_gmt":"2026-05-11T08:34:54","guid":{"rendered":"https:\/\/www.gharbagroeurope.com\/?page_id=3918"},"modified":"2026-05-14T12:39:49","modified_gmt":"2026-05-14T12:39:49","slug":"cooperatives","status":"publish","type":"page","link":"https:\/\/www.gharbagroeurope.com\/fr\/cooperatives\/","title":{"rendered":"Coop\u00e9ratives"},"content":{"rendered":"\t\t<div data-elementor-type=\"wp-page\" data-elementor-id=\"3918\" class=\"elementor elementor-3918 elementor-3890\" data-elementor-post-type=\"page\">\n\t\t\t\t<div class=\"elementor-element elementor-element-80bf8cd e-con-full e-flex e-con e-parent\" data-id=\"80bf8cd\" data-element_type=\"container\" data-e-type=\"container\">\n\t\t\t\t<div class=\"elementor-element elementor-element-348adfe elementor-widget__width-inherit elementor-widget elementor-widget-grogin-page-banner\" data-id=\"348adfe\" data-element_type=\"widget\" data-e-type=\"widget\" data-widget_type=\"grogin-page-banner.default\">\n\t\t\t\t<div class=\"elementor-widget-container\">\n\t\t\t\t\t<div class=\"page-header text-center with-image\"><div class=\"container\"><h1 class=\"entry-title sm-text-66\">Coop\u00e9ratives<\/h1><div class=\" max-w-520 mx-auto text-13 sm-text-15\"><p class=\"mb-0\"><\/p><\/div><!-- entry-teaser --><div class=\"entry-footer d-flex flex-wrap align-items-center justify-content-center gap-3 mt-20\"><\/div><!-- entry-footer --><\/div><!-- container --><div class=\"page-header-image\"><img decoding=\"async\" alt=\"\" src=\"https:\/\/www.gharbagroeurope.com\/wp-content\/plugins\/grogin-core\/elementor\/images\/about-image.jpg\"><\/div><!-- page-header-image --><\/div>\t\t\t\t<\/div>\n\t\t\t\t<\/div>\n\t\t\t\t<\/div>\n\t\t<div class=\"elementor-element elementor-element-1611952 e-flex e-con-boxed e-con e-parent\" data-id=\"1611952\" data-element_type=\"container\" data-e-type=\"container\">\n\t\t\t\t\t<div class=\"e-con-inner\">\n\t\t\t\t<div class=\"elementor-element elementor-element-e3c5c4e elementor-widget elementor-widget-heading\" data-id=\"e3c5c4e\" data-element_type=\"widget\" data-e-type=\"widget\" data-widget_type=\"heading.default\">\n\t\t\t\t\t<h2 class=\"elementor-heading-title elementor-size-default\">GharbAgroEurope <\/h2>\t\t\t\t<\/div>\n\t\t\t\t<div class=\"elementor-element elementor-element-5f8fbf4 elementor-widget elementor-widget-text-editor\" data-id=\"5f8fbf4\" data-element_type=\"widget\" data-e-type=\"widget\" data-widget_type=\"text-editor.default\">\n\t\t\t\t\t\t\t\t\t<p>GharbAgroEurope met en relation les coop\u00e9ratives africaines et les march\u00e9s internationaux gr\u00e2ce \u00e0 un mod\u00e8le de d\u00e9veloppement structur\u00e9.<\/p><p>Nous s\u00e9lectionnons les organisations \u00e0 fort potentiel, les accompagnons dans leur pr\u00e9paration et facilitons leur acc\u00e8s aux circuits de distribution professionnels, en garantissant des produits conformes aux normes europ\u00e9ennes.<\/p>\t\t\t\t\t\t\t\t<\/div>\n\t\t<div class=\"elementor-element elementor-element-3addf83 e-con-full e-flex e-con e-child\" data-id=\"3addf83\" data-element_type=\"container\" data-e-type=\"container\">\n\t\t<div class=\"elementor-element elementor-element-8d2d6b1 e-con-full e-flex e-con e-child\" data-id=\"8d2d6b1\" data-element_type=\"container\" data-e-type=\"container\">\n\t\t\t\t<div class=\"elementor-element elementor-element-a6ef74d elementor-widget elementor-widget-image\" data-id=\"a6ef74d\" data-element_type=\"widget\" data-e-type=\"widget\" data-widget_type=\"image.default\">\n\t\t\t\t\t\t\t\t\t\t\t\t\t\t\t<img fetchpriority=\"high\" decoding=\"async\" width=\"960\" height=\"640\" src=\"https:\/\/www.gharbagroeurope.com\/wp-content\/uploads\/2026\/05\/pexels-dar-cat-67502350-29475573-1024x683.webp\" class=\"attachment-large size-large wp-image-3879\" alt=\"\" srcset=\"https:\/\/www.gharbagroeurope.com\/wp-content\/uploads\/2026\/05\/pexels-dar-cat-67502350-29475573-1024x683.webp 1024w, https:\/\/www.gharbagroeurope.com\/wp-content\/uploads\/2026\/05\/pexels-dar-cat-67502350-29475573-300x200.webp 300w, https:\/\/www.gharbagroeurope.com\/wp-content\/uploads\/2026\/05\/pexels-dar-cat-67502350-29475573-768x512.webp 768w, https:\/\/www.gharbagroeurope.com\/wp-content\/uploads\/2026\/05\/pexels-dar-cat-67502350-29475573-1536x1024.webp 1536w, https:\/\/www.gharbagroeurope.com\/wp-content\/uploads\/2026\/05\/pexels-dar-cat-67502350-29475573-2048x1366.webp 2048w, https:\/\/www.gharbagroeurope.com\/wp-content\/uploads\/2026\/05\/pexels-dar-cat-67502350-29475573-700x467.webp 700w, https:\/\/www.gharbagroeurope.com\/wp-content\/uploads\/2026\/05\/pexels-dar-cat-67502350-29475573-81x54.webp 81w\" sizes=\"(max-width: 960px) 100vw, 960px\" \/>\t\t\t\t\t\t\t\t\t\t\t\t\t\t\t<\/div>\n\t\t\t\t<\/div>\n\t\t<div class=\"elementor-element elementor-element-3a9cd15e e-con-full e-flex e-con e-child\" data-id=\"3a9cd15e\" data-element_type=\"container\" data-e-type=\"container\">\n\t\t\t\t<div class=\"elementor-element elementor-element-552a6c3e elementor-widget elementor-widget-heading\" data-id=\"552a6c3e\" data-element_type=\"widget\" data-e-type=\"widget\" data-widget_type=\"heading.default\">\n\t\t\t\t\t<h2 class=\"elementor-heading-title elementor-size-default\">SANAD GHARB EUROPE<\/h2>\t\t\t\t<\/div>\n\t\t\t\t<div class=\"elementor-element elementor-element-4ab3d8e3 elementor-widget elementor-widget-text-editor\" data-id=\"4ab3d8e3\" data-element_type=\"widget\" data-e-type=\"widget\" data-widget_type=\"text-editor.default\">\n\t\t\t\t\t\t\t\t\t<p>Sanad Gharb Europ est une coop\u00e9rative marocaine sp\u00e9cialis\u00e9e dans la production d\u2019\u00e9pices et de produits naturels, privil\u00e9giant les mati\u00e8res premi\u00e8res locales et les m\u00e9thodes traditionnelles.<\/p><p>Son int\u00e9gration \u00e0 GharbAgroEurope marque le d\u00e9but d\u2019un mod\u00e8le alliant production locale et commercialisation internationale, permettant ainsi \u00e0 des produits d\u2019identit\u00e9 unique d\u2019acc\u00e9der \u00e0 des march\u00e9s exigeants.<\/p>\t\t\t\t\t\t\t\t<\/div>\n\t\t\t\t<div class=\"elementor-element elementor-element-3df507aa elementor-widget elementor-widget-button\" data-id=\"3df507aa\" data-element_type=\"widget\" data-e-type=\"widget\" data-widget_type=\"button.default\">\n\t\t\t\t\t\t\t\t\t\t<a class=\"elementor-button elementor-button-link elementor-size-sm\" href=\"#\">\n\t\t\t\t\t\t<span class=\"elementor-button-content-wrapper\">\n\t\t\t\t\t\t\t\t\t<span class=\"elementor-button-text\">Ver productos<\/span>\n\t\t\t\t\t<\/span>\n\t\t\t\t\t<\/a>\n\t\t\t\t\t\t\t\t<\/div>\n\t\t\t\t<\/div>\n\t\t\t\t<\/div>\n\t\t\t\t\t<\/div>\n\t\t\t\t<\/div>\n\t\t\t\t<\/div>\n\t\t","protected":false},"excerpt":{"rendered":"<p>Coop\u00e9ratives GharbAgroEurope GharbAgroEurope met en relation les coop\u00e9ratives africaines et les march\u00e9s internationaux gr\u00e2ce \u00e0 un mod\u00e8le de d\u00e9veloppement structur\u00e9. Nous s\u00e9lectionnons les organisations \u00e0 fort potentiel, les accompagnons dans leur pr\u00e9paration et facilitons leur acc\u00e8s aux circuits de distribution professionnels, en garantissant des produits conformes aux normes europ\u00e9ennes. SANAD GHARB EUROPE Sanad Gharb Europ<\/p>\n<div class=\"klb-readmore entry-button\"><a class=\"btn btn-primary link\" href=\"https:\/\/www.gharbagroeurope.com\/fr\/cooperatives\/\">En savoir plus <i class=\"klbth-icon-right-arrow\"><\/i><\/a><\/div>\n","protected":false},"author":1,"featured_media":0,"parent":0,"menu_order":0,"comment_status":"closed","ping_status":"closed","template":"","meta":{"footnotes":""},"class_list":["post-3918","page","type-page","status-publish","hentry"],"yoast_head":"<!-- This site is optimized with the Yoast SEO plugin v27.6 - https:\/\/yoast.com\/product\/yoast-seo-wordpress\/ -->\n<title>Coop\u00e9ratives - Gharb Agro Europe<\/title>\n<meta name=\"robots\" content=\"index, follow, max-snippet:-1, max-image-preview:large, max-video-preview:-1\" \/>\n<link rel=\"canonical\" href=\"https:\/\/www.gharbagroeurope.com\/fr\/cooperatives\/\" \/>\n<meta property=\"og:locale\" content=\"fr_FR\" \/>\n<meta property=\"og:type\" content=\"article\" \/>\n<meta property=\"og:title\" content=\"Coop\u00e9ratives - Gharb Agro Europe\" \/>\n<meta property=\"og:description\" content=\"Coop\u00e9ratives GharbAgroEurope GharbAgroEurope met en relation les coop\u00e9ratives africaines et les march\u00e9s internationaux gr\u00e2ce \u00e0 un mod\u00e8le de d\u00e9veloppement structur\u00e9. Nous s\u00e9lectionnons les organisations \u00e0 fort potentiel, les accompagnons dans leur pr\u00e9paration et facilitons leur acc\u00e8s aux circuits de distribution professionnels, en garantissant des produits conformes aux normes europ\u00e9ennes. SANAD GHARB EUROPE Sanad Gharb EuropEn savoir plus\" \/>\n<meta property=\"og:url\" content=\"https:\/\/www.gharbagroeurope.com\/fr\/cooperatives\/\" \/>\n<meta property=\"og:site_name\" content=\"Gharb Agro Europe\" \/>\n<meta property=\"article:modified_time\" content=\"2026-05-14T12:39:49+00:00\" \/>\n<meta property=\"og:image\" content=\"https:\/\/www.gharbagroeurope.com\/wp-content\/plugins\/grogin-core-update\/elementor\/images\/about-image.jpg\" \/>\n<meta name=\"twitter:card\" content=\"summary_large_image\" \/>\n<meta name=\"twitter:label1\" content=\"Dur\u00e9e de lecture estim\u00e9e\" \/>\n\t<meta name=\"twitter:data1\" content=\"1 minute\" \/>\n<script type=\"application\/ld+json\" class=\"yoast-schema-graph\">{\"@context\":\"https:\\\/\\\/schema.org\",\"@graph\":[{\"@type\":\"WebPage\",\"@id\":\"https:\\\/\\\/www.gharbagroeurope.com\\\/fr\\\/cooperatives\\\/\",\"url\":\"https:\\\/\\\/www.gharbagroeurope.com\\\/fr\\\/cooperatives\\\/\",\"name\":\"Coop\u00e9ratives - Gharb Agro Europe\",\"isPartOf\":{\"@id\":\"https:\\\/\\\/www.gharbagroeurope.com\\\/fr\\\/#website\"},\"primaryImageOfPage\":{\"@id\":\"https:\\\/\\\/www.gharbagroeurope.com\\\/fr\\\/cooperatives\\\/#primaryimage\"},\"image\":{\"@id\":\"https:\\\/\\\/www.gharbagroeurope.com\\\/fr\\\/cooperatives\\\/#primaryimage\"},\"thumbnailUrl\":\"https:\\\/\\\/www.gharbagroeurope.com\\\/wp-content\\\/plugins\\\/grogin-core-update\\\/elementor\\\/images\\\/about-image.jpg\",\"datePublished\":\"2026-05-11T08:34:54+00:00\",\"dateModified\":\"2026-05-14T12:39:49+00:00\",\"breadcrumb\":{\"@id\":\"https:\\\/\\\/www.gharbagroeurope.com\\\/fr\\\/cooperatives\\\/#breadcrumb\"},\"inLanguage\":\"fr-FR\",\"potentialAction\":[{\"@type\":\"ReadAction\",\"target\":[\"https:\\\/\\\/www.gharbagroeurope.com\\\/fr\\\/cooperatives\\\/\"]}]},{\"@type\":\"ImageObject\",\"inLanguage\":\"fr-FR\",\"@id\":\"https:\\\/\\\/www.gharbagroeurope.com\\\/fr\\\/cooperatives\\\/#primaryimage\",\"url\":\"https:\\\/\\\/www.gharbagroeurope.com\\\/wp-content\\\/plugins\\\/grogin-core-update\\\/elementor\\\/images\\\/about-image.jpg\",\"contentUrl\":\"https:\\\/\\\/www.gharbagroeurope.com\\\/wp-content\\\/plugins\\\/grogin-core-update\\\/elementor\\\/images\\\/about-image.jpg\"},{\"@type\":\"BreadcrumbList\",\"@id\":\"https:\\\/\\\/www.gharbagroeurope.com\\\/fr\\\/cooperatives\\\/#breadcrumb\",\"itemListElement\":[{\"@type\":\"ListItem\",\"position\":1,\"name\":\"Portada\",\"item\":\"https:\\\/\\\/www.gharbagroeurope.com\\\/fr\\\/\"},{\"@type\":\"ListItem\",\"position\":2,\"name\":\"Coop\u00e9ratives\"}]},{\"@type\":\"WebSite\",\"@id\":\"https:\\\/\\\/www.gharbagroeurope.com\\\/fr\\\/#website\",\"url\":\"https:\\\/\\\/www.gharbagroeurope.com\\\/fr\\\/\",\"name\":\"Gharb Agro Europe\",\"description\":\"Una plataforma digital de comercializaci\u00f3n de productos naturales procedentes de cooperativas africanas\",\"publisher\":{\"@id\":\"https:\\\/\\\/www.gharbagroeurope.com\\\/fr\\\/#organization\"},\"potentialAction\":[{\"@type\":\"SearchAction\",\"target\":{\"@type\":\"EntryPoint\",\"urlTemplate\":\"https:\\\/\\\/www.gharbagroeurope.com\\\/fr\\\/?s={search_term_string}\"},\"query-input\":{\"@type\":\"PropertyValueSpecification\",\"valueRequired\":true,\"valueName\":\"search_term_string\"}}],\"inLanguage\":\"fr-FR\"},{\"@type\":\"Organization\",\"@id\":\"https:\\\/\\\/www.gharbagroeurope.com\\\/fr\\\/#organization\",\"name\":\"Gharb Agro Europe\",\"url\":\"https:\\\/\\\/www.gharbagroeurope.com\\\/fr\\\/\",\"logo\":{\"@type\":\"ImageObject\",\"inLanguage\":\"fr-FR\",\"@id\":\"https:\\\/\\\/www.gharbagroeurope.com\\\/fr\\\/#\\\/schema\\\/logo\\\/image\\\/\",\"url\":\"https:\\\/\\\/www.gharbagroeurope.com\\\/wp-content\\\/uploads\\\/2026\\\/05\\\/logotipo-gharb.webp\",\"contentUrl\":\"https:\\\/\\\/www.gharbagroeurope.com\\\/wp-content\\\/uploads\\\/2026\\\/05\\\/logotipo-gharb.webp\",\"width\":716,\"height\":663,\"caption\":\"Gharb Agro Europe\"},\"image\":{\"@id\":\"https:\\\/\\\/www.gharbagroeurope.com\\\/fr\\\/#\\\/schema\\\/logo\\\/image\\\/\"}}]}<\/script>\n<!-- \/ Yoast SEO plugin. -->","yoast_head_json":{"title":"Coop\u00e9ratives - Gharb Agro Europe","robots":{"index":"index","follow":"follow","max-snippet":"max-snippet:-1","max-image-preview":"max-image-preview:large","max-video-preview":"max-video-preview:-1"},"canonical":"https:\/\/www.gharbagroeurope.com\/fr\/cooperatives\/","og_locale":"fr_FR","og_type":"article","og_title":"Coop\u00e9ratives - Gharb Agro Europe","og_description":"Coop\u00e9ratives GharbAgroEurope GharbAgroEurope met en relation les coop\u00e9ratives africaines et les march\u00e9s internationaux gr\u00e2ce \u00e0 un mod\u00e8le de d\u00e9veloppement structur\u00e9. Nous s\u00e9lectionnons les organisations \u00e0 fort potentiel, les accompagnons dans leur pr\u00e9paration et facilitons leur acc\u00e8s aux circuits de distribution professionnels, en garantissant des produits conformes aux normes europ\u00e9ennes. SANAD GHARB EUROPE Sanad Gharb EuropEn savoir plus","og_url":"https:\/\/www.gharbagroeurope.com\/fr\/cooperatives\/","og_site_name":"Gharb Agro Europe","article_modified_time":"2026-05-14T12:39:49+00:00","og_image":[{"url":"https:\/\/www.gharbagroeurope.com\/wp-content\/plugins\/grogin-core-update\/elementor\/images\/about-image.jpg","type":"","width":"","height":""}],"twitter_card":"summary_large_image","twitter_misc":{"Dur\u00e9e de lecture estim\u00e9e":"1 minute"},"schema":{"@context":"https:\/\/schema.org","@graph":[{"@type":"WebPage","@id":"https:\/\/www.gharbagroeurope.com\/fr\/cooperatives\/","url":"https:\/\/www.gharbagroeurope.com\/fr\/cooperatives\/","name":"Coop\u00e9ratives - Gharb Agro Europe","isPartOf":{"@id":"https:\/\/www.gharbagroeurope.com\/fr\/#website"},"primaryImageOfPage":{"@id":"https:\/\/www.gharbagroeurope.com\/fr\/cooperatives\/#primaryimage"},"image":{"@id":"https:\/\/www.gharbagroeurope.com\/fr\/cooperatives\/#primaryimage"},"thumbnailUrl":"https:\/\/www.gharbagroeurope.com\/wp-content\/plugins\/grogin-core-update\/elementor\/images\/about-image.jpg","datePublished":"2026-05-11T08:34:54+00:00","dateModified":"2026-05-14T12:39:49+00:00","breadcrumb":{"@id":"https:\/\/www.gharbagroeurope.com\/fr\/cooperatives\/#breadcrumb"},"inLanguage":"fr-FR","potentialAction":[{"@type":"ReadAction","target":["https:\/\/www.gharbagroeurope.com\/fr\/cooperatives\/"]}]},{"@type":"ImageObject","inLanguage":"fr-FR","@id":"https:\/\/www.gharbagroeurope.com\/fr\/cooperatives\/#primaryimage","url":"https:\/\/www.gharbagroeurope.com\/wp-content\/plugins\/grogin-core-update\/elementor\/images\/about-image.jpg","contentUrl":"https:\/\/www.gharbagroeurope.com\/wp-content\/plugins\/grogin-core-update\/elementor\/images\/about-image.jpg"},{"@type":"BreadcrumbList","@id":"https:\/\/www.gharbagroeurope.com\/fr\/cooperatives\/#breadcrumb","itemListElement":[{"@type":"ListItem","position":1,"name":"Portada","item":"https:\/\/www.gharbagroeurope.com\/fr\/"},{"@type":"ListItem","position":2,"name":"Coop\u00e9ratives"}]},{"@type":"WebSite","@id":"https:\/\/www.gharbagroeurope.com\/fr\/#website","url":"https:\/\/www.gharbagroeurope.com\/fr\/","name":"Gharb Agro Europe","description":"Una plataforma digital de comercializaci\u00f3n de productos naturales procedentes de cooperativas africanas","publisher":{"@id":"https:\/\/www.gharbagroeurope.com\/fr\/#organization"},"potentialAction":[{"@type":"SearchAction","target":{"@type":"EntryPoint","urlTemplate":"https:\/\/www.gharbagroeurope.com\/fr\/?s={search_term_string}"},"query-input":{"@type":"PropertyValueSpecification","valueRequired":true,"valueName":"search_term_string"}}],"inLanguage":"fr-FR"},{"@type":"Organization","@id":"https:\/\/www.gharbagroeurope.com\/fr\/#organization","name":"Gharb Agro Europe","url":"https:\/\/www.gharbagroeurope.com\/fr\/","logo":{"@type":"ImageObject","inLanguage":"fr-FR","@id":"https:\/\/www.gharbagroeurope.com\/fr\/#\/schema\/logo\/image\/","url":"https:\/\/www.gharbagroeurope.com\/wp-content\/uploads\/2026\/05\/logotipo-gharb.webp","contentUrl":"https:\/\/www.gharbagroeurope.com\/wp-content\/uploads\/2026\/05\/logotipo-gharb.webp","width":716,"height":663,"caption":"Gharb Agro Europe"},"image":{"@id":"https:\/\/www.gharbagroeurope.com\/fr\/#\/schema\/logo\/image\/"}}]}},"_links":{"self":[{"href":"https:\/\/www.gharbagroeurope.com\/fr\/wp-json\/wp\/v2\/pages\/3918","targetHints":{"allow":["GET"]}}],"collection":[{"href":"https:\/\/www.gharbagroeurope.com\/fr\/wp-json\/wp\/v2\/pages"}],"about":[{"href":"https:\/\/www.gharbagroeurope.com\/fr\/wp-json\/wp\/v2\/types\/page"}],"author":[{"embeddable":true,"href":"https:\/\/www.gharbagroeurope.com\/fr\/wp-json\/wp\/v2\/users\/1"}],"replies":[{"embeddable":true,"href":"https:\/\/www.gharbagroeurope.com\/fr\/wp-json\/wp\/v2\/comments?post=3918"}],"version-history":[{"count":7,"href":"https:\/\/www.gharbagroeurope.com\/fr\/wp-json\/wp\/v2\/pages\/3918\/revisions"}],"predecessor-version":[{"id":3925,"href":"https:\/\/www.gharbagroeurope.com\/fr\/wp-json\/wp\/v2\/pages\/3918\/revisions\/3925"}],"wp:attachment":[{"href":"https:\/\/www.gharbagroeurope.com\/fr\/wp-json\/wp\/v2\/media?parent=3918"}],"curies":[{"name":"wp","href":"https:\/\/api.w.org\/{rel}","templated":true}]}}