{"id":4176,"date":"2026-05-14T08:05:37","date_gmt":"2026-05-14T08:05:37","guid":{"rendered":"https:\/\/www.gharbagroeurope.com\/?post_type=product&#038;p=4176"},"modified":"2026-05-14T08:06:24","modified_gmt":"2026-05-14T08:06:24","slug":"sabo-negre-marroqui","status":"publish","type":"product","link":"https:\/\/www.gharbagroeurope.com\/ca\/producto\/sabo-negre-marroqui\/","title":{"rendered":"Sab\u00f3 Negre Marroqu\u00ed"},"content":{"rendered":"<p>Sab\u00f3 negre tradicional inspirat en rituals ancestrals marroquins, apreciat per la seva capacitat de netejar profundament i preparar la pell per a l\u2019exfoliaci\u00f3.<\/p>\n","protected":false},"excerpt":{"rendered":"<p>El ritual essencial de l\u2019aut\u00e8ntic hammam marroqu\u00ed.<\/p>\n","protected":false},"featured_media":4250,"template":"","meta":[],"product_brand":[276],"product_cat":[285],"product_tag":[384,326,372],"class_list":{"0":"post-4176","1":"product","2":"type-product","3":"status-publish","4":"has-post-thumbnail","6":"product_brand-sanad-gharb-europe","7":"product_cat-estetica","8":"product_tag-exfoliacio-corporal","9":"product_tag-hammam","10":"product_tag-inspiracio-tradicional","12":"first","13":"instock","14":"taxable","15":"shipping-taxable","16":"product-type-simple"},"yoast_head":"<!-- This site is optimized with the Yoast SEO plugin v27.6 - https:\/\/yoast.com\/product\/yoast-seo-wordpress\/ -->\n<title>Sab\u00f3 Negre Marroqu\u00ed - Gharb Agro Europe<\/title>\n<meta name=\"robots\" content=\"index, follow, max-snippet:-1, max-image-preview:large, max-video-preview:-1\" \/>\n<link rel=\"canonical\" href=\"https:\/\/www.gharbagroeurope.com\/ca\/producto\/sabo-negre-marroqui\/\" \/>\n<meta property=\"og:locale\" content=\"ca_ES\" \/>\n<meta property=\"og:type\" content=\"article\" \/>\n<meta property=\"og:title\" content=\"Sab\u00f3 Negre Marroqu\u00ed - Gharb Agro Europe\" \/>\n<meta property=\"og:description\" content=\"El ritual essencial de l\u2019aut\u00e8ntic hammam marroqu\u00ed.\" \/>\n<meta property=\"og:url\" content=\"https:\/\/www.gharbagroeurope.com\/ca\/producto\/sabo-negre-marroqui\/\" \/>\n<meta property=\"og:site_name\" content=\"Gharb Agro Europe\" \/>\n<meta property=\"article:modified_time\" content=\"2026-05-14T08:06:24+00:00\" \/>\n<meta name=\"twitter:card\" content=\"summary_large_image\" \/>\n<script type=\"application\/ld+json\" class=\"yoast-schema-graph\">{\"@context\":\"https:\\\/\\\/schema.org\",\"@graph\":[{\"@type\":\"WebPage\",\"@id\":\"https:\\\/\\\/www.gharbagroeurope.com\\\/ca\\\/producto\\\/sabo-negre-marroqui\\\/\",\"url\":\"https:\\\/\\\/www.gharbagroeurope.com\\\/ca\\\/producto\\\/sabo-negre-marroqui\\\/\",\"name\":\"Sab\u00f3 Negre Marroqu\u00ed - Gharb Agro Europe\",\"isPartOf\":{\"@id\":\"https:\\\/\\\/www.gharbagroeurope.com\\\/ca\\\/#website\"},\"primaryImageOfPage\":{\"@id\":\"https:\\\/\\\/www.gharbagroeurope.com\\\/ca\\\/producto\\\/sabo-negre-marroqui\\\/#primaryimage\"},\"image\":{\"@id\":\"https:\\\/\\\/www.gharbagroeurope.com\\\/ca\\\/producto\\\/sabo-negre-marroqui\\\/#primaryimage\"},\"thumbnailUrl\":\"https:\\\/\\\/www.gharbagroeurope.com\\\/wp-content\\\/uploads\\\/2026\\\/05\\\/JABON-NEGRO-MARROQUI.png\",\"datePublished\":\"2026-05-14T08:05:37+00:00\",\"dateModified\":\"2026-05-14T08:06:24+00:00\",\"breadcrumb\":{\"@id\":\"https:\\\/\\\/www.gharbagroeurope.com\\\/ca\\\/producto\\\/sabo-negre-marroqui\\\/#breadcrumb\"},\"inLanguage\":\"ca\",\"potentialAction\":[{\"@type\":\"ReadAction\",\"target\":[\"https:\\\/\\\/www.gharbagroeurope.com\\\/ca\\\/producto\\\/sabo-negre-marroqui\\\/\"]}]},{\"@type\":\"ImageObject\",\"inLanguage\":\"ca\",\"@id\":\"https:\\\/\\\/www.gharbagroeurope.com\\\/ca\\\/producto\\\/sabo-negre-marroqui\\\/#primaryimage\",\"url\":\"https:\\\/\\\/www.gharbagroeurope.com\\\/wp-content\\\/uploads\\\/2026\\\/05\\\/JABON-NEGRO-MARROQUI.png\",\"contentUrl\":\"https:\\\/\\\/www.gharbagroeurope.com\\\/wp-content\\\/uploads\\\/2026\\\/05\\\/JABON-NEGRO-MARROQUI.png\",\"width\":1254,\"height\":1254},{\"@type\":\"BreadcrumbList\",\"@id\":\"https:\\\/\\\/www.gharbagroeurope.com\\\/ca\\\/producto\\\/sabo-negre-marroqui\\\/#breadcrumb\",\"itemListElement\":[{\"@type\":\"ListItem\",\"position\":1,\"name\":\"Portada\",\"item\":\"https:\\\/\\\/www.gharbagroeurope.com\\\/ca\\\/\"},{\"@type\":\"ListItem\",\"position\":2,\"name\":\"Botiga\",\"item\":\"https:\\\/\\\/www.gharbagroeurope.com\\\/ca\\\/botiga\\\/\"},{\"@type\":\"ListItem\",\"position\":3,\"name\":\"Sab\u00f3 Negre Marroqu\u00ed\"}]},{\"@type\":\"WebSite\",\"@id\":\"https:\\\/\\\/www.gharbagroeurope.com\\\/ca\\\/#website\",\"url\":\"https:\\\/\\\/www.gharbagroeurope.com\\\/ca\\\/\",\"name\":\"Gharb Agro Europe\",\"description\":\"Una plataforma digital de comercializaci\u00f3n de productos naturales procedentes de cooperativas africanas\",\"publisher\":{\"@id\":\"https:\\\/\\\/www.gharbagroeurope.com\\\/ca\\\/#organization\"},\"potentialAction\":[{\"@type\":\"SearchAction\",\"target\":{\"@type\":\"EntryPoint\",\"urlTemplate\":\"https:\\\/\\\/www.gharbagroeurope.com\\\/ca\\\/?s={search_term_string}\"},\"query-input\":{\"@type\":\"PropertyValueSpecification\",\"valueRequired\":true,\"valueName\":\"search_term_string\"}}],\"inLanguage\":\"ca\"},{\"@type\":\"Organization\",\"@id\":\"https:\\\/\\\/www.gharbagroeurope.com\\\/ca\\\/#organization\",\"name\":\"Gharb Agro Europe\",\"url\":\"https:\\\/\\\/www.gharbagroeurope.com\\\/ca\\\/\",\"logo\":{\"@type\":\"ImageObject\",\"inLanguage\":\"ca\",\"@id\":\"https:\\\/\\\/www.gharbagroeurope.com\\\/ca\\\/#\\\/schema\\\/logo\\\/image\\\/\",\"url\":\"https:\\\/\\\/www.gharbagroeurope.com\\\/wp-content\\\/uploads\\\/2026\\\/05\\\/logotipo-gharb.webp\",\"contentUrl\":\"https:\\\/\\\/www.gharbagroeurope.com\\\/wp-content\\\/uploads\\\/2026\\\/05\\\/logotipo-gharb.webp\",\"width\":716,\"height\":663,\"caption\":\"Gharb Agro Europe\"},\"image\":{\"@id\":\"https:\\\/\\\/www.gharbagroeurope.com\\\/ca\\\/#\\\/schema\\\/logo\\\/image\\\/\"}}]}<\/script>\n<!-- \/ Yoast SEO plugin. -->","yoast_head_json":{"title":"Sab\u00f3 Negre Marroqu\u00ed - Gharb Agro Europe","robots":{"index":"index","follow":"follow","max-snippet":"max-snippet:-1","max-image-preview":"max-image-preview:large","max-video-preview":"max-video-preview:-1"},"canonical":"https:\/\/www.gharbagroeurope.com\/ca\/producto\/sabo-negre-marroqui\/","og_locale":"ca_ES","og_type":"article","og_title":"Sab\u00f3 Negre Marroqu\u00ed - Gharb Agro Europe","og_description":"El ritual essencial de l\u2019aut\u00e8ntic hammam marroqu\u00ed.","og_url":"https:\/\/www.gharbagroeurope.com\/ca\/producto\/sabo-negre-marroqui\/","og_site_name":"Gharb Agro Europe","article_modified_time":"2026-05-14T08:06:24+00:00","twitter_card":"summary_large_image","schema":{"@context":"https:\/\/schema.org","@graph":[{"@type":"WebPage","@id":"https:\/\/www.gharbagroeurope.com\/ca\/producto\/sabo-negre-marroqui\/","url":"https:\/\/www.gharbagroeurope.com\/ca\/producto\/sabo-negre-marroqui\/","name":"Sab\u00f3 Negre Marroqu\u00ed - Gharb Agro Europe","isPartOf":{"@id":"https:\/\/www.gharbagroeurope.com\/ca\/#website"},"primaryImageOfPage":{"@id":"https:\/\/www.gharbagroeurope.com\/ca\/producto\/sabo-negre-marroqui\/#primaryimage"},"image":{"@id":"https:\/\/www.gharbagroeurope.com\/ca\/producto\/sabo-negre-marroqui\/#primaryimage"},"thumbnailUrl":"https:\/\/www.gharbagroeurope.com\/wp-content\/uploads\/2026\/05\/JABON-NEGRO-MARROQUI.png","datePublished":"2026-05-14T08:05:37+00:00","dateModified":"2026-05-14T08:06:24+00:00","breadcrumb":{"@id":"https:\/\/www.gharbagroeurope.com\/ca\/producto\/sabo-negre-marroqui\/#breadcrumb"},"inLanguage":"ca","potentialAction":[{"@type":"ReadAction","target":["https:\/\/www.gharbagroeurope.com\/ca\/producto\/sabo-negre-marroqui\/"]}]},{"@type":"ImageObject","inLanguage":"ca","@id":"https:\/\/www.gharbagroeurope.com\/ca\/producto\/sabo-negre-marroqui\/#primaryimage","url":"https:\/\/www.gharbagroeurope.com\/wp-content\/uploads\/2026\/05\/JABON-NEGRO-MARROQUI.png","contentUrl":"https:\/\/www.gharbagroeurope.com\/wp-content\/uploads\/2026\/05\/JABON-NEGRO-MARROQUI.png","width":1254,"height":1254},{"@type":"BreadcrumbList","@id":"https:\/\/www.gharbagroeurope.com\/ca\/producto\/sabo-negre-marroqui\/#breadcrumb","itemListElement":[{"@type":"ListItem","position":1,"name":"Portada","item":"https:\/\/www.gharbagroeurope.com\/ca\/"},{"@type":"ListItem","position":2,"name":"Botiga","item":"https:\/\/www.gharbagroeurope.com\/ca\/botiga\/"},{"@type":"ListItem","position":3,"name":"Sab\u00f3 Negre Marroqu\u00ed"}]},{"@type":"WebSite","@id":"https:\/\/www.gharbagroeurope.com\/ca\/#website","url":"https:\/\/www.gharbagroeurope.com\/ca\/","name":"Gharb Agro Europe","description":"Una plataforma digital de comercializaci\u00f3n de productos naturales procedentes de cooperativas africanas","publisher":{"@id":"https:\/\/www.gharbagroeurope.com\/ca\/#organization"},"potentialAction":[{"@type":"SearchAction","target":{"@type":"EntryPoint","urlTemplate":"https:\/\/www.gharbagroeurope.com\/ca\/?s={search_term_string}"},"query-input":{"@type":"PropertyValueSpecification","valueRequired":true,"valueName":"search_term_string"}}],"inLanguage":"ca"},{"@type":"Organization","@id":"https:\/\/www.gharbagroeurope.com\/ca\/#organization","name":"Gharb Agro Europe","url":"https:\/\/www.gharbagroeurope.com\/ca\/","logo":{"@type":"ImageObject","inLanguage":"ca","@id":"https:\/\/www.gharbagroeurope.com\/ca\/#\/schema\/logo\/image\/","url":"https:\/\/www.gharbagroeurope.com\/wp-content\/uploads\/2026\/05\/logotipo-gharb.webp","contentUrl":"https:\/\/www.gharbagroeurope.com\/wp-content\/uploads\/2026\/05\/logotipo-gharb.webp","width":716,"height":663,"caption":"Gharb Agro Europe"},"image":{"@id":"https:\/\/www.gharbagroeurope.com\/ca\/#\/schema\/logo\/image\/"}}]}},"_links":{"self":[{"href":"https:\/\/www.gharbagroeurope.com\/ca\/wp-json\/wp\/v2\/product\/4176","targetHints":{"allow":["GET"]}}],"collection":[{"href":"https:\/\/www.gharbagroeurope.com\/ca\/wp-json\/wp\/v2\/product"}],"about":[{"href":"https:\/\/www.gharbagroeurope.com\/ca\/wp-json\/wp\/v2\/types\/product"}],"wp:featuredmedia":[{"embeddable":true,"href":"https:\/\/www.gharbagroeurope.com\/ca\/wp-json\/wp\/v2\/media\/4250"}],"wp:attachment":[{"href":"https:\/\/www.gharbagroeurope.com\/ca\/wp-json\/wp\/v2\/media?parent=4176"}],"wp:term":[{"taxonomy":"product_brand","embeddable":true,"href":"https:\/\/www.gharbagroeurope.com\/ca\/wp-json\/wp\/v2\/product_brand?post=4176"},{"taxonomy":"product_cat","embeddable":true,"href":"https:\/\/www.gharbagroeurope.com\/ca\/wp-json\/wp\/v2\/product_cat?post=4176"},{"taxonomy":"product_tag","embeddable":true,"href":"https:\/\/www.gharbagroeurope.com\/ca\/wp-json\/wp\/v2\/product_tag?post=4176"}],"curies":[{"name":"wp","href":"https:\/\/api.w.org\/{rel}","templated":true}]}}