{"id":4164,"date":"2026-05-14T08:05:36","date_gmt":"2026-05-14T08:05:36","guid":{"rendered":"https:\/\/www.gharbagroeurope.com\/?post_type=product&#038;p=4164"},"modified":"2026-05-14T08:06:19","modified_gmt":"2026-05-14T08:06:19","slug":"curcuma-molta","status":"publish","type":"product","link":"https:\/\/www.gharbagroeurope.com\/ca\/producto\/curcuma-molta\/","title":{"rendered":"C\u00farcuma M\u00f2lta"},"content":{"rendered":"<p>La c\u00farcuma \u00e9s reconeguda pel seu color daurat intens i la seva versatilitat culin\u00e0ria. Utilitzada en cuina tradicional i alimentaci\u00f3 saludable, aporta profunditat visual i sabor suau a m\u00faltiples receptes. Seleccionada acuradament i preparada sense additius ni colorants artificials.<\/p>\n","protected":false},"excerpt":{"rendered":"<p>Color daurat i sabor natural per a una cuina saludable.<\/p>\n","protected":false},"featured_media":0,"template":"","meta":[],"product_brand":[276],"product_cat":[265],"product_tag":[350,361,360,274,357],"class_list":{"0":"post-4164","1":"product","2":"type-product","3":"status-publish","5":"product_brand-sanad-gharb-europe","6":"product_cat-gastronomia","7":"product_tag-arrossos","8":"product_tag-color-intens","9":"product_tag-cuina-saludable","10":"product_tag-sense-additius","11":"product_tag-sopes","13":"first","14":"instock","15":"taxable","16":"shipping-taxable","17":"product-type-simple"},"yoast_head":"<!-- This site is optimized with the Yoast SEO plugin v27.6 - https:\/\/yoast.com\/product\/yoast-seo-wordpress\/ -->\n<title>C\u00farcuma M\u00f2lta - Gharb Agro Europe<\/title>\n<meta name=\"robots\" content=\"index, follow, max-snippet:-1, max-image-preview:large, max-video-preview:-1\" \/>\n<link rel=\"canonical\" href=\"https:\/\/www.gharbagroeurope.com\/ca\/producto\/curcuma-molta\/\" \/>\n<meta property=\"og:locale\" content=\"ca_ES\" \/>\n<meta property=\"og:type\" content=\"article\" \/>\n<meta property=\"og:title\" content=\"C\u00farcuma M\u00f2lta - Gharb Agro Europe\" \/>\n<meta property=\"og:description\" content=\"Color daurat i sabor natural per a una cuina saludable.\" \/>\n<meta property=\"og:url\" content=\"https:\/\/www.gharbagroeurope.com\/ca\/producto\/curcuma-molta\/\" \/>\n<meta property=\"og:site_name\" content=\"Gharb Agro Europe\" \/>\n<meta property=\"article:modified_time\" content=\"2026-05-14T08:06:19+00:00\" \/>\n<meta name=\"twitter:card\" content=\"summary_large_image\" \/>\n<script type=\"application\/ld+json\" class=\"yoast-schema-graph\">{\"@context\":\"https:\\\/\\\/schema.org\",\"@graph\":[{\"@type\":\"WebPage\",\"@id\":\"https:\\\/\\\/www.gharbagroeurope.com\\\/ca\\\/producto\\\/curcuma-molta\\\/\",\"url\":\"https:\\\/\\\/www.gharbagroeurope.com\\\/ca\\\/producto\\\/curcuma-molta\\\/\",\"name\":\"C\u00farcuma M\u00f2lta - Gharb Agro Europe\",\"isPartOf\":{\"@id\":\"https:\\\/\\\/www.gharbagroeurope.com\\\/ca\\\/#website\"},\"datePublished\":\"2026-05-14T08:05:36+00:00\",\"dateModified\":\"2026-05-14T08:06:19+00:00\",\"breadcrumb\":{\"@id\":\"https:\\\/\\\/www.gharbagroeurope.com\\\/ca\\\/producto\\\/curcuma-molta\\\/#breadcrumb\"},\"inLanguage\":\"ca\",\"potentialAction\":[{\"@type\":\"ReadAction\",\"target\":[\"https:\\\/\\\/www.gharbagroeurope.com\\\/ca\\\/producto\\\/curcuma-molta\\\/\"]}]},{\"@type\":\"BreadcrumbList\",\"@id\":\"https:\\\/\\\/www.gharbagroeurope.com\\\/ca\\\/producto\\\/curcuma-molta\\\/#breadcrumb\",\"itemListElement\":[{\"@type\":\"ListItem\",\"position\":1,\"name\":\"Portada\",\"item\":\"https:\\\/\\\/www.gharbagroeurope.com\\\/ca\\\/\"},{\"@type\":\"ListItem\",\"position\":2,\"name\":\"Botiga\",\"item\":\"https:\\\/\\\/www.gharbagroeurope.com\\\/ca\\\/botiga\\\/\"},{\"@type\":\"ListItem\",\"position\":3,\"name\":\"C\u00farcuma M\u00f2lta\"}]},{\"@type\":\"WebSite\",\"@id\":\"https:\\\/\\\/www.gharbagroeurope.com\\\/ca\\\/#website\",\"url\":\"https:\\\/\\\/www.gharbagroeurope.com\\\/ca\\\/\",\"name\":\"Gharb Agro Europe\",\"description\":\"Una plataforma digital de comercializaci\u00f3n de productos naturales procedentes de cooperativas africanas\",\"publisher\":{\"@id\":\"https:\\\/\\\/www.gharbagroeurope.com\\\/ca\\\/#organization\"},\"potentialAction\":[{\"@type\":\"SearchAction\",\"target\":{\"@type\":\"EntryPoint\",\"urlTemplate\":\"https:\\\/\\\/www.gharbagroeurope.com\\\/ca\\\/?s={search_term_string}\"},\"query-input\":{\"@type\":\"PropertyValueSpecification\",\"valueRequired\":true,\"valueName\":\"search_term_string\"}}],\"inLanguage\":\"ca\"},{\"@type\":\"Organization\",\"@id\":\"https:\\\/\\\/www.gharbagroeurope.com\\\/ca\\\/#organization\",\"name\":\"Gharb Agro Europe\",\"url\":\"https:\\\/\\\/www.gharbagroeurope.com\\\/ca\\\/\",\"logo\":{\"@type\":\"ImageObject\",\"inLanguage\":\"ca\",\"@id\":\"https:\\\/\\\/www.gharbagroeurope.com\\\/ca\\\/#\\\/schema\\\/logo\\\/image\\\/\",\"url\":\"https:\\\/\\\/www.gharbagroeurope.com\\\/wp-content\\\/uploads\\\/2026\\\/05\\\/logotipo-gharb.webp\",\"contentUrl\":\"https:\\\/\\\/www.gharbagroeurope.com\\\/wp-content\\\/uploads\\\/2026\\\/05\\\/logotipo-gharb.webp\",\"width\":716,\"height\":663,\"caption\":\"Gharb Agro Europe\"},\"image\":{\"@id\":\"https:\\\/\\\/www.gharbagroeurope.com\\\/ca\\\/#\\\/schema\\\/logo\\\/image\\\/\"}}]}<\/script>\n<!-- \/ Yoast SEO plugin. -->","yoast_head_json":{"title":"C\u00farcuma M\u00f2lta - Gharb Agro Europe","robots":{"index":"index","follow":"follow","max-snippet":"max-snippet:-1","max-image-preview":"max-image-preview:large","max-video-preview":"max-video-preview:-1"},"canonical":"https:\/\/www.gharbagroeurope.com\/ca\/producto\/curcuma-molta\/","og_locale":"ca_ES","og_type":"article","og_title":"C\u00farcuma M\u00f2lta - Gharb Agro Europe","og_description":"Color daurat i sabor natural per a una cuina saludable.","og_url":"https:\/\/www.gharbagroeurope.com\/ca\/producto\/curcuma-molta\/","og_site_name":"Gharb Agro Europe","article_modified_time":"2026-05-14T08:06:19+00:00","twitter_card":"summary_large_image","schema":{"@context":"https:\/\/schema.org","@graph":[{"@type":"WebPage","@id":"https:\/\/www.gharbagroeurope.com\/ca\/producto\/curcuma-molta\/","url":"https:\/\/www.gharbagroeurope.com\/ca\/producto\/curcuma-molta\/","name":"C\u00farcuma M\u00f2lta - Gharb Agro Europe","isPartOf":{"@id":"https:\/\/www.gharbagroeurope.com\/ca\/#website"},"datePublished":"2026-05-14T08:05:36+00:00","dateModified":"2026-05-14T08:06:19+00:00","breadcrumb":{"@id":"https:\/\/www.gharbagroeurope.com\/ca\/producto\/curcuma-molta\/#breadcrumb"},"inLanguage":"ca","potentialAction":[{"@type":"ReadAction","target":["https:\/\/www.gharbagroeurope.com\/ca\/producto\/curcuma-molta\/"]}]},{"@type":"BreadcrumbList","@id":"https:\/\/www.gharbagroeurope.com\/ca\/producto\/curcuma-molta\/#breadcrumb","itemListElement":[{"@type":"ListItem","position":1,"name":"Portada","item":"https:\/\/www.gharbagroeurope.com\/ca\/"},{"@type":"ListItem","position":2,"name":"Botiga","item":"https:\/\/www.gharbagroeurope.com\/ca\/botiga\/"},{"@type":"ListItem","position":3,"name":"C\u00farcuma M\u00f2lta"}]},{"@type":"WebSite","@id":"https:\/\/www.gharbagroeurope.com\/ca\/#website","url":"https:\/\/www.gharbagroeurope.com\/ca\/","name":"Gharb Agro Europe","description":"Una plataforma digital de comercializaci\u00f3n de productos naturales procedentes de cooperativas africanas","publisher":{"@id":"https:\/\/www.gharbagroeurope.com\/ca\/#organization"},"potentialAction":[{"@type":"SearchAction","target":{"@type":"EntryPoint","urlTemplate":"https:\/\/www.gharbagroeurope.com\/ca\/?s={search_term_string}"},"query-input":{"@type":"PropertyValueSpecification","valueRequired":true,"valueName":"search_term_string"}}],"inLanguage":"ca"},{"@type":"Organization","@id":"https:\/\/www.gharbagroeurope.com\/ca\/#organization","name":"Gharb Agro Europe","url":"https:\/\/www.gharbagroeurope.com\/ca\/","logo":{"@type":"ImageObject","inLanguage":"ca","@id":"https:\/\/www.gharbagroeurope.com\/ca\/#\/schema\/logo\/image\/","url":"https:\/\/www.gharbagroeurope.com\/wp-content\/uploads\/2026\/05\/logotipo-gharb.webp","contentUrl":"https:\/\/www.gharbagroeurope.com\/wp-content\/uploads\/2026\/05\/logotipo-gharb.webp","width":716,"height":663,"caption":"Gharb Agro Europe"},"image":{"@id":"https:\/\/www.gharbagroeurope.com\/ca\/#\/schema\/logo\/image\/"}}]}},"_links":{"self":[{"href":"https:\/\/www.gharbagroeurope.com\/ca\/wp-json\/wp\/v2\/product\/4164","targetHints":{"allow":["GET"]}}],"collection":[{"href":"https:\/\/www.gharbagroeurope.com\/ca\/wp-json\/wp\/v2\/product"}],"about":[{"href":"https:\/\/www.gharbagroeurope.com\/ca\/wp-json\/wp\/v2\/types\/product"}],"wp:attachment":[{"href":"https:\/\/www.gharbagroeurope.com\/ca\/wp-json\/wp\/v2\/media?parent=4164"}],"wp:term":[{"taxonomy":"product_brand","embeddable":true,"href":"https:\/\/www.gharbagroeurope.com\/ca\/wp-json\/wp\/v2\/product_brand?post=4164"},{"taxonomy":"product_cat","embeddable":true,"href":"https:\/\/www.gharbagroeurope.com\/ca\/wp-json\/wp\/v2\/product_cat?post=4164"},{"taxonomy":"product_tag","embeddable":true,"href":"https:\/\/www.gharbagroeurope.com\/ca\/wp-json\/wp\/v2\/product_tag?post=4164"}],"curies":[{"name":"wp","href":"https:\/\/api.w.org\/{rel}","templated":true}]}}