{"id":4475,"date":"2026-05-15T07:51:23","date_gmt":"2026-05-15T07:51:23","guid":{"rendered":"https:\/\/www.gharbagroeurope.com\/aviso-legal\/"},"modified":"2026-05-15T07:57:16","modified_gmt":"2026-05-15T07:57:16","slug":"avis-legal","status":"publish","type":"page","link":"https:\/\/www.gharbagroeurope.com\/ca\/avis-legal\/","title":{"rendered":"Avis legal"},"content":{"rendered":"\t\t<div data-elementor-type=\"wp-page\" data-elementor-id=\"4475\" class=\"elementor elementor-4475 elementor-4469\" data-elementor-post-type=\"page\">\n\t\t\t\t<div class=\"elementor-element elementor-element-7360a5e e-con-full e-flex e-con e-parent\" data-id=\"7360a5e\" data-element_type=\"container\" data-e-type=\"container\">\n\t\t\t\t<div class=\"elementor-element elementor-element-0dc28ab elementor-widget elementor-widget-grogin-page-banner\" data-id=\"0dc28ab\" data-element_type=\"widget\" data-e-type=\"widget\" data-widget_type=\"grogin-page-banner.default\">\n\t\t\t\t<div class=\"elementor-widget-container\">\n\t\t\t\t\t<div class=\"page-header text-center\"><div class=\"container\"><h1 class=\"entry-title sm-text-56\">Avis legal<\/h1><div class=\"max-w-520 mx-auto text-13 sm-text-15\"><p class=\"mb-0\"><\/p><\/div><!-- entry-teaser --><div class=\"entry-footer d-flex flex-wrap align-items-center justify-content-center gap-3 mt-20\"><\/div><!-- entry-footer --><\/div><!-- container --><\/div>\t\t\t\t<\/div>\n\t\t\t\t<\/div>\n\t\t\t\t<\/div>\n\t\t<div class=\"elementor-element elementor-element-639c657 e-flex e-con-boxed e-con e-parent\" data-id=\"639c657\" data-element_type=\"container\" data-e-type=\"container\">\n\t\t\t\t\t<div class=\"e-con-inner\">\n\t\t\t\t<div class=\"elementor-element elementor-element-ad283be elementor-widget elementor-widget-text-editor\" data-id=\"ad283be\" data-element_type=\"widget\" data-e-type=\"widget\" data-widget_type=\"text-editor.default\">\n\t\t\t\t\t\t\t\t\t<p style=\"margin-bottom:20px\">\nConform\u00e9ment aux dispositions de la <strong>Loi 34\/2002 du 11 juillet relative aux services de la soci\u00e9t\u00e9 de l\u2019information et du commerce \u00e9lectronique (LSSI-CE)<\/strong>, les utilisateurs sont inform\u00e9s des donn\u00e9es d\u2019identification suivantes concernant le titulaire de ce site web :\n<\/p>\n\n<h2 style=\"margin-bottom:10px\">1. Donn\u00e9es d\u2019identification du titulaire<\/h2>\n\n<p style=\"margin-bottom:20px\">\n<strong>D\u00e9nomination sociale :<\/strong> COMER DE PROXIMITAT DEL MONTSIA, SCCL<br>\n<strong>NIF\/CIF :<\/strong> F16483521<br>\n<strong>Adresse :<\/strong> Carrer l\u2019Aldea parcela 0, P.I. Venta Nova, (43894) Camarles<br>\n<strong>Email :<\/strong> <a href=\"mailto:info@gharbagroeurope.com\">info@gharbagroeurope.com<\/a><br>\n<strong>T\u00e9l\u00e9phone :<\/strong> 977 50 20 36\n<\/p>\n\n<h2 style=\"margin-bottom:10px\">2. Objet<\/h2>\n\n<p style=\"margin-bottom:20px\">\nLe pr\u00e9sent site web a pour objet de fournir aux utilisateurs des informations relatives aux services, activit\u00e9s et\/ou produits propos\u00e9s par <strong>COMER DE PROXIMITAT DEL MONTSIA, SCCL<\/strong>.\n<\/p>\n\n<p style=\"margin-bottom:20px\">\nL\u2019acc\u00e8s et la navigation sur ce site web conf\u00e8rent la qualit\u00e9 d\u2019utilisateur et impliquent l\u2019acceptation pleine et sans r\u00e9serve de toutes les dispositions incluses dans les pr\u00e9sentes Mentions l\u00e9gales, dans la version publi\u00e9e au moment o\u00f9 l\u2019utilisateur y acc\u00e8de.\n<\/p>\n\n<h2 style=\"margin-bottom:10px\">3. Conditions d\u2019utilisation<\/h2>\n\n<p style=\"margin-bottom:20px\">\nL\u2019utilisateur s\u2019engage \u00e0 faire un usage appropri\u00e9 du site web et de ses contenus, conform\u00e9ment \u00e0 la l\u00e9gislation en vigueur, \u00e0 la bonne foi, \u00e0 l\u2019ordre public et aux pr\u00e9sentes Mentions l\u00e9gales.\n<\/p>\n\n<p style=\"margin-bottom:20px\">\nToute utilisation du site web \u00e0 des fins illicites ou pr\u00e9judiciables contre <strong>COMER DE PROXIMITAT DEL MONTSIA, SCCL<\/strong> ou des tiers, ou pouvant de quelque mani\u00e8re que ce soit causer un dommage ou emp\u00eacher le fonctionnement normal du site web, est interdite.\n<\/p>\n\n<h2 style=\"margin-bottom:10px\">4. Propri\u00e9t\u00e9 intellectuelle et industrielle<\/h2>\n\n<p style=\"margin-bottom:20px\">\nTous les contenus du site web, y compris, \u00e0 titre indicatif et non limitatif, les textes, images, designs, logos, fichiers, logiciels, structure, combinaisons de couleurs ainsi que tout autre \u00e9l\u00e9ment susceptible de protection, sont prot\u00e9g\u00e9s par les droits de propri\u00e9t\u00e9 intellectuelle et industrielle appartenant \u00e0 <strong>COMER DE PROXIMITAT DEL MONTSIA, SCCL<\/strong> ou, le cas \u00e9ch\u00e9ant, \u00e0 des tiers autoris\u00e9s.\n<\/p>\n\n<p style=\"margin-bottom:20px\">\nLa reproduction, distribution, transformation, communication publique, mise \u00e0 disposition ou toute autre forme d\u2019exploitation, totale ou partielle, des contenus du site web sans l\u2019autorisation pr\u00e9alable et expresse du titulaire est interdite.\n<\/p>\n\n<h2 style=\"margin-bottom:10px\">5. Responsabilit\u00e9<\/h2>\n\n<p style=\"margin-bottom:20px\">\n<strong>COMER DE PROXIMITAT DEL MONTSIA, SCCL<\/strong> ne pourra \u00eatre tenue responsable des dommages pouvant r\u00e9sulter de l\u2019utilisation des informations contenues sur ce site web ni du manque de disponibilit\u00e9 ou de continuit\u00e9 de son fonctionnement.\n<\/p>\n\n<p style=\"margin-bottom:20px\">\nElle ne pourra pas non plus \u00eatre tenue responsable de la mauvaise utilisation que les utilisateurs pourraient faire du site web, ni des contenus li\u00e9s \u00e0 partir de pages externes sur lesquelles elle n\u2019exerce aucun contr\u00f4le effectif.\n<\/p>\n\n<h2 style=\"margin-bottom:10px\">6. Liens<\/h2>\n\n<p style=\"margin-bottom:20px\">\nDans le cas o\u00f9 ce site web contiendrait des liens ou hyperliens vers d\u2019autres sites Internet, <strong>COMER DE PROXIMITAT DEL MONTSIA, SCCL<\/strong> n\u2019exercera aucun contr\u00f4le sur ces sites et contenus.\n<\/p>\n\n<p style=\"margin-bottom:20px\">\nEn aucun cas <strong>COMER DE PROXIMITAT DEL MONTSIA, SCCL<\/strong> n\u2019assumera une quelconque responsabilit\u00e9 quant aux contenus des liens appartenant \u00e0 des sites web tiers, ni ne garantira la disponibilit\u00e9 technique, la qualit\u00e9, l\u2019exactitude, la v\u00e9racit\u00e9, la validit\u00e9 ou la l\u00e9galit\u00e9 des informations contenues dans ces liens.\n<\/p>\n\n<h2 style=\"margin-bottom:10px\">7. L\u00e9gislation applicable et juridiction<\/h2>\n\n<p style=\"margin-bottom:20px\">\nLes pr\u00e9sentes Mentions l\u00e9gales seront r\u00e9gies et interpr\u00e9t\u00e9es conform\u00e9ment \u00e0 la l\u00e9gislation espagnole.\n<\/p>\n\n<p style=\"margin-bottom:50px\">\nPour la r\u00e9solution de tout litige pouvant d\u00e9couler de l\u2019acc\u00e8s ou de l\u2019utilisation du site web, les parties se soumettront aux tribunaux comp\u00e9tents conform\u00e9ment \u00e0 la r\u00e9glementation applicable.\n<\/p>\t\t\t\t\t\t\t\t<\/div>\n\t\t\t\t\t<\/div>\n\t\t\t\t<\/div>\n\t\t\t\t<\/div>\n\t\t","protected":false},"excerpt":{"rendered":"<p>Avis legal Conform\u00e9ment aux dispositions de la Loi 34\/2002 du 11 juillet relative aux services de la soci\u00e9t\u00e9 de l\u2019information et du commerce \u00e9lectronique (LSSI-CE), les utilisateurs sont inform\u00e9s des donn\u00e9es d\u2019identification suivantes concernant le titulaire de ce site web : 1. Donn\u00e9es d\u2019identification du titulaire D\u00e9nomination sociale : COMER DE PROXIMITAT DEL MONTSIA, SCCL<\/p>\n<div class=\"klb-readmore entry-button\"><a class=\"btn btn-primary link\" href=\"https:\/\/www.gharbagroeurope.com\/ca\/avis-legal\/\">Llegir m\u00e9s <i class=\"klbth-icon-right-arrow\"><\/i><\/a><\/div>\n","protected":false},"author":1,"featured_media":0,"parent":0,"menu_order":0,"comment_status":"closed","ping_status":"closed","template":"","meta":{"footnotes":""},"class_list":["post-4475","page","type-page","status-publish","hentry"],"yoast_head":"<!-- This site is optimized with the Yoast SEO plugin v27.6 - https:\/\/yoast.com\/product\/yoast-seo-wordpress\/ -->\n<title>Avis legal - Gharb Agro Europe<\/title>\n<meta name=\"robots\" content=\"index, follow, max-snippet:-1, max-image-preview:large, max-video-preview:-1\" \/>\n<link rel=\"canonical\" href=\"https:\/\/www.gharbagroeurope.com\/ca\/avis-legal\/\" \/>\n<meta property=\"og:locale\" content=\"ca_ES\" \/>\n<meta property=\"og:type\" content=\"article\" \/>\n<meta property=\"og:title\" content=\"Avis legal - Gharb Agro Europe\" \/>\n<meta property=\"og:description\" content=\"Avis legal Conform\u00e9ment aux dispositions de la Loi 34\/2002 du 11 juillet relative aux services de la soci\u00e9t\u00e9 de l\u2019information et du commerce \u00e9lectronique (LSSI-CE), les utilisateurs sont inform\u00e9s des donn\u00e9es d\u2019identification suivantes concernant le titulaire de ce site web : 1. Donn\u00e9es d\u2019identification du titulaire D\u00e9nomination sociale : COMER DE PROXIMITAT DEL MONTSIA, SCCLLlegir m\u00e9s\" \/>\n<meta property=\"og:url\" content=\"https:\/\/www.gharbagroeurope.com\/ca\/avis-legal\/\" \/>\n<meta property=\"og:site_name\" content=\"Gharb Agro Europe\" \/>\n<meta property=\"article:modified_time\" content=\"2026-05-15T07:57:16+00:00\" \/>\n<meta name=\"twitter:card\" content=\"summary_large_image\" \/>\n<meta name=\"twitter:label1\" content=\"Temps estimat de lectura\" \/>\n\t<meta name=\"twitter:data1\" content=\"1 minut\" \/>\n<script type=\"application\/ld+json\" class=\"yoast-schema-graph\">{\"@context\":\"https:\\\/\\\/schema.org\",\"@graph\":[{\"@type\":\"WebPage\",\"@id\":\"https:\\\/\\\/www.gharbagroeurope.com\\\/ca\\\/avis-legal\\\/\",\"url\":\"https:\\\/\\\/www.gharbagroeurope.com\\\/ca\\\/avis-legal\\\/\",\"name\":\"Avis legal - Gharb Agro Europe\",\"isPartOf\":{\"@id\":\"https:\\\/\\\/www.gharbagroeurope.com\\\/ca\\\/#website\"},\"datePublished\":\"2026-05-15T07:51:23+00:00\",\"dateModified\":\"2026-05-15T07:57:16+00:00\",\"breadcrumb\":{\"@id\":\"https:\\\/\\\/www.gharbagroeurope.com\\\/ca\\\/avis-legal\\\/#breadcrumb\"},\"inLanguage\":\"ca\",\"potentialAction\":[{\"@type\":\"ReadAction\",\"target\":[\"https:\\\/\\\/www.gharbagroeurope.com\\\/ca\\\/avis-legal\\\/\"]}]},{\"@type\":\"BreadcrumbList\",\"@id\":\"https:\\\/\\\/www.gharbagroeurope.com\\\/ca\\\/avis-legal\\\/#breadcrumb\",\"itemListElement\":[{\"@type\":\"ListItem\",\"position\":1,\"name\":\"Portada\",\"item\":\"https:\\\/\\\/www.gharbagroeurope.com\\\/ca\\\/\"},{\"@type\":\"ListItem\",\"position\":2,\"name\":\"Avis legal\"}]},{\"@type\":\"WebSite\",\"@id\":\"https:\\\/\\\/www.gharbagroeurope.com\\\/ca\\\/#website\",\"url\":\"https:\\\/\\\/www.gharbagroeurope.com\\\/ca\\\/\",\"name\":\"Gharb Agro Europe\",\"description\":\"Una plataforma digital de comercializaci\u00f3n de productos naturales procedentes de cooperativas africanas\",\"publisher\":{\"@id\":\"https:\\\/\\\/www.gharbagroeurope.com\\\/ca\\\/#organization\"},\"potentialAction\":[{\"@type\":\"SearchAction\",\"target\":{\"@type\":\"EntryPoint\",\"urlTemplate\":\"https:\\\/\\\/www.gharbagroeurope.com\\\/ca\\\/?s={search_term_string}\"},\"query-input\":{\"@type\":\"PropertyValueSpecification\",\"valueRequired\":true,\"valueName\":\"search_term_string\"}}],\"inLanguage\":\"ca\"},{\"@type\":\"Organization\",\"@id\":\"https:\\\/\\\/www.gharbagroeurope.com\\\/ca\\\/#organization\",\"name\":\"Gharb Agro Europe\",\"url\":\"https:\\\/\\\/www.gharbagroeurope.com\\\/ca\\\/\",\"logo\":{\"@type\":\"ImageObject\",\"inLanguage\":\"ca\",\"@id\":\"https:\\\/\\\/www.gharbagroeurope.com\\\/ca\\\/#\\\/schema\\\/logo\\\/image\\\/\",\"url\":\"https:\\\/\\\/www.gharbagroeurope.com\\\/wp-content\\\/uploads\\\/2026\\\/05\\\/logotipo-gharb.webp\",\"contentUrl\":\"https:\\\/\\\/www.gharbagroeurope.com\\\/wp-content\\\/uploads\\\/2026\\\/05\\\/logotipo-gharb.webp\",\"width\":716,\"height\":663,\"caption\":\"Gharb Agro Europe\"},\"image\":{\"@id\":\"https:\\\/\\\/www.gharbagroeurope.com\\\/ca\\\/#\\\/schema\\\/logo\\\/image\\\/\"}}]}<\/script>\n<!-- \/ Yoast SEO plugin. -->","yoast_head_json":{"title":"Avis legal - Gharb Agro Europe","robots":{"index":"index","follow":"follow","max-snippet":"max-snippet:-1","max-image-preview":"max-image-preview:large","max-video-preview":"max-video-preview:-1"},"canonical":"https:\/\/www.gharbagroeurope.com\/ca\/avis-legal\/","og_locale":"ca_ES","og_type":"article","og_title":"Avis legal - Gharb Agro Europe","og_description":"Avis legal Conform\u00e9ment aux dispositions de la Loi 34\/2002 du 11 juillet relative aux services de la soci\u00e9t\u00e9 de l\u2019information et du commerce \u00e9lectronique (LSSI-CE), les utilisateurs sont inform\u00e9s des donn\u00e9es d\u2019identification suivantes concernant le titulaire de ce site web : 1. Donn\u00e9es d\u2019identification du titulaire D\u00e9nomination sociale : COMER DE PROXIMITAT DEL MONTSIA, SCCLLlegir m\u00e9s","og_url":"https:\/\/www.gharbagroeurope.com\/ca\/avis-legal\/","og_site_name":"Gharb Agro Europe","article_modified_time":"2026-05-15T07:57:16+00:00","twitter_card":"summary_large_image","twitter_misc":{"Temps estimat de lectura":"1 minut"},"schema":{"@context":"https:\/\/schema.org","@graph":[{"@type":"WebPage","@id":"https:\/\/www.gharbagroeurope.com\/ca\/avis-legal\/","url":"https:\/\/www.gharbagroeurope.com\/ca\/avis-legal\/","name":"Avis legal - Gharb Agro Europe","isPartOf":{"@id":"https:\/\/www.gharbagroeurope.com\/ca\/#website"},"datePublished":"2026-05-15T07:51:23+00:00","dateModified":"2026-05-15T07:57:16+00:00","breadcrumb":{"@id":"https:\/\/www.gharbagroeurope.com\/ca\/avis-legal\/#breadcrumb"},"inLanguage":"ca","potentialAction":[{"@type":"ReadAction","target":["https:\/\/www.gharbagroeurope.com\/ca\/avis-legal\/"]}]},{"@type":"BreadcrumbList","@id":"https:\/\/www.gharbagroeurope.com\/ca\/avis-legal\/#breadcrumb","itemListElement":[{"@type":"ListItem","position":1,"name":"Portada","item":"https:\/\/www.gharbagroeurope.com\/ca\/"},{"@type":"ListItem","position":2,"name":"Avis legal"}]},{"@type":"WebSite","@id":"https:\/\/www.gharbagroeurope.com\/ca\/#website","url":"https:\/\/www.gharbagroeurope.com\/ca\/","name":"Gharb Agro Europe","description":"Una plataforma digital de comercializaci\u00f3n de productos naturales procedentes de cooperativas africanas","publisher":{"@id":"https:\/\/www.gharbagroeurope.com\/ca\/#organization"},"potentialAction":[{"@type":"SearchAction","target":{"@type":"EntryPoint","urlTemplate":"https:\/\/www.gharbagroeurope.com\/ca\/?s={search_term_string}"},"query-input":{"@type":"PropertyValueSpecification","valueRequired":true,"valueName":"search_term_string"}}],"inLanguage":"ca"},{"@type":"Organization","@id":"https:\/\/www.gharbagroeurope.com\/ca\/#organization","name":"Gharb Agro Europe","url":"https:\/\/www.gharbagroeurope.com\/ca\/","logo":{"@type":"ImageObject","inLanguage":"ca","@id":"https:\/\/www.gharbagroeurope.com\/ca\/#\/schema\/logo\/image\/","url":"https:\/\/www.gharbagroeurope.com\/wp-content\/uploads\/2026\/05\/logotipo-gharb.webp","contentUrl":"https:\/\/www.gharbagroeurope.com\/wp-content\/uploads\/2026\/05\/logotipo-gharb.webp","width":716,"height":663,"caption":"Gharb Agro Europe"},"image":{"@id":"https:\/\/www.gharbagroeurope.com\/ca\/#\/schema\/logo\/image\/"}}]}},"_links":{"self":[{"href":"https:\/\/www.gharbagroeurope.com\/ca\/wp-json\/wp\/v2\/pages\/4475","targetHints":{"allow":["GET"]}}],"collection":[{"href":"https:\/\/www.gharbagroeurope.com\/ca\/wp-json\/wp\/v2\/pages"}],"about":[{"href":"https:\/\/www.gharbagroeurope.com\/ca\/wp-json\/wp\/v2\/types\/page"}],"author":[{"embeddable":true,"href":"https:\/\/www.gharbagroeurope.com\/ca\/wp-json\/wp\/v2\/users\/1"}],"replies":[{"embeddable":true,"href":"https:\/\/www.gharbagroeurope.com\/ca\/wp-json\/wp\/v2\/comments?post=4475"}],"version-history":[{"count":4,"href":"https:\/\/www.gharbagroeurope.com\/ca\/wp-json\/wp\/v2\/pages\/4475\/revisions"}],"predecessor-version":[{"id":4479,"href":"https:\/\/www.gharbagroeurope.com\/ca\/wp-json\/wp\/v2\/pages\/4475\/revisions\/4479"}],"wp:attachment":[{"href":"https:\/\/www.gharbagroeurope.com\/ca\/wp-json\/wp\/v2\/media?parent=4475"}],"curies":[{"name":"wp","href":"https:\/\/api.w.org\/{rel}","templated":true}]}}