{"id":4424,"date":"2026-05-15T05:39:18","date_gmt":"2026-05-15T05:39:18","guid":{"rendered":"https:\/\/www.gharbagroeurope.com\/accesibilidad\/"},"modified":"2026-05-15T05:44:56","modified_gmt":"2026-05-15T05:44:56","slug":"accessibilitat","status":"publish","type":"page","link":"https:\/\/www.gharbagroeurope.com\/ca\/accessibilitat\/","title":{"rendered":"Accessibilitat"},"content":{"rendered":"\t\t<div data-elementor-type=\"wp-page\" data-elementor-id=\"4424\" class=\"elementor elementor-4424 elementor-4418\" data-elementor-post-type=\"page\">\n\t\t\t\t<div class=\"elementor-element elementor-element-a6bb023 e-con-full e-flex e-con e-parent\" data-id=\"a6bb023\" data-element_type=\"container\" data-e-type=\"container\">\n\t\t\t\t<div class=\"elementor-element elementor-element-c4985a3 elementor-widget elementor-widget-grogin-page-banner\" data-id=\"c4985a3\" data-element_type=\"widget\" data-e-type=\"widget\" data-widget_type=\"grogin-page-banner.default\">\n\t\t\t\t<div class=\"elementor-widget-container\">\n\t\t\t\t\t<div class=\"page-header text-center\"><div class=\"container\"><h1 class=\"entry-title sm-text-56\">Accesibilidad<\/h1><div class=\"max-w-520 mx-auto text-13 sm-text-15\"><p class=\"mb-0\"><\/p><\/div><!-- entry-teaser --><div class=\"entry-footer d-flex flex-wrap align-items-center justify-content-center gap-3 mt-20\"><\/div><!-- entry-footer --><\/div><!-- container --><\/div>\t\t\t\t<\/div>\n\t\t\t\t<\/div>\n\t\t\t\t<\/div>\n\t\t<div class=\"elementor-element elementor-element-7a409e2 e-flex e-con-boxed e-con e-parent\" data-id=\"7a409e2\" data-element_type=\"container\" data-e-type=\"container\">\n\t\t\t\t\t<div class=\"e-con-inner\">\n\t\t\t\t<div class=\"elementor-element elementor-element-500887f elementor-widget elementor-widget-text-editor\" data-id=\"500887f\" data-element_type=\"widget\" data-e-type=\"widget\" data-widget_type=\"text-editor.default\">\n\t\t\t\t\t\t\t\t\t<p><strong>Declaraci\u00f3 d\u2019accessibilitat<\/strong><\/p>\n<p>COMER DE PROXIMITAT DEL MONTSIA, SCCL s\u2019ha comprom\u00e8s a fer accessible el seu lloc web, de conformitat amb el Reial decret 1112\/2018, de 7 de setembre, sobre accessibilitat dels llocs web i aplicacions per a dispositius m\u00f2bils.<\/p>\n<p>Aquesta declaraci\u00f3 d\u2019accessibilitat s\u2019aplica al lloc web: <a href=\"https:\/\/www.gharbagroeurope.com\" target=\"_blank\" rel=\"noopener\"> https:\/\/www.gharbagroeurope.com <\/a><\/p>\n<p><strong>Situaci\u00f3 de compliment<\/strong><\/p>\n<p>Aquest lloc web \u00e9s parcialment conforme amb el RD 1112\/2018 a causa de les excepcions i de la manca de conformitat d\u2019alguns aspectes que s\u2019indiquen a continuaci\u00f3.<\/p>\n<p><strong>Contingut no accessible<\/strong><\/p>\n<p>El contingut que es recull a continuaci\u00f3 no \u00e9s accessible pels motius seg\u00fcents:<\/p>\n<p><strong>Manca de conformitat amb el RD 1112\/2018<\/strong><\/p>\n<p>Podrien existir documents ofim\u00e0tics en PDF i altres formats publicats despr\u00e9s del 20 de setembre de 2018 que no compleixin \u00edntegrament tots els requisits d\u2019accessibilitat. No obstant aix\u00f2, es treballa per millorar progressivament l\u2019accessibilitat d\u2019aquests continguts.<\/p>\n<p>Podeu sol\u00b7licitar documents completament accessibles a trav\u00e9s del formulari de contacte del lloc web.<\/p>\n<p>Podrien existir errors puntuals d\u2019edici\u00f3 o codi en alguna p\u00e0gina web. [4.1.1 Processament]<\/p>\n<p><strong>C\u00e0rrega desproporcionada<\/strong><\/p>\n<p>No s\u2019aplica.<\/p>\n<p><strong>Contingut fora de l\u2019\u00e0mbit de la legislaci\u00f3 aplicable<\/strong><\/p>\n<p>Podrien existir arxius ofim\u00e0tics en PDF o altres formats publicats abans del 20 de setembre de 2018 que no compleixin completament tots els requisits d\u2019accessibilitat.<\/p>\n<p><strong>Preparaci\u00f3 de la present declaraci\u00f3 d\u2019accessibilitat<\/strong><\/p>\n<p>Aquesta declaraci\u00f3 va ser preparada el 15 de maig de 2026.<\/p>\n<p>El m\u00e8tode emprat per preparar la declaraci\u00f3 ha estat una autoavaluaci\u00f3 realitzada per la mateixa entitat.<\/p>\n<p><strong>Observacions i dades de contacte<\/strong><\/p>\n<p>Podeu realitzar comunicacions sobre requisits d\u2019accessibilitat (article 10.2.a del RD 1112\/2018), com ara:<\/p>\n<ul>\n<li>Informar sobre qualsevol possible incompliment per part d\u2019aquest lloc web.<\/li>\n<li>Transmetre altres dificultats d\u2019acc\u00e9s al contingut.<\/li>\n<li>Formular qualsevol altra consulta o suggeriment de millora relativa a l\u2019accessibilitat del lloc web.<\/li>\n<\/ul>\n<p>Podeu fer-ho a trav\u00e9s del formulari de contacte del lloc web o mitjan\u00e7ant:<\/p>\n<ul>\n<li><strong>Tel\u00e8fon:<\/strong> 977 50 20 36<\/li>\n<li><strong>Email:<\/strong> info@gharbagroeurope.com<\/li>\n<\/ul>\n<p><strong>Procediment d\u2019aplicaci\u00f3<\/strong><\/p>\n<p>Els usuaris poden presentar:<\/p>\n<ul>\n<li>Una queixa relativa al compliment dels requisits del RD 1112\/2018.<\/li>\n<li>Una sol\u00b7licitud d\u2019informaci\u00f3 accessible relativa a:<\/li>\n<\/ul>\n<ul>\n<li>Continguts exclosos de l\u2019\u00e0mbit d\u2019aplicaci\u00f3 del RD 1112\/2018 segons l\u2019article 3, apartat 4.<\/li>\n<li>Continguts exempts del compliment dels requisits d\u2019accessibilitat per imposar una c\u00e0rrega desproporcionada.<\/li>\n<\/ul>\n<p>En la sol\u00b7licitud d\u2019informaci\u00f3 accessible s\u2019hauran de concretar amb claredat els fets, raons i petici\u00f3 que permetin comprovar que es tracta d\u2019una sol\u00b7licitud raonable i leg\u00edtima.<\/p>\n<p>Les reclamacions i sol\u00b7licituds relacionades amb accessibilitat seran gestionades i tractades per COMER DE PROXIMITAT DEL MONTSIA, SCCL.<\/p>\n<p><strong>Contingut opcional<\/strong><\/p>\n<p>Aquest lloc web est\u00e0 dissenyat per permetre el canvi de mida del text i del color, aix\u00ed com del fons de la p\u00e0gina mitjan\u00e7ant les opcions de configuraci\u00f3 est\u00e0ndard dels navegadors.<\/p>\n<p>Per modificar la mida del text als principals navegadors gr\u00e0fics utilitzeu els seg\u00fcents men\u00fas:<\/p>\n<ul>\n<li>Internet Explorer \/ Firefox: Veure > Mida del text<\/li>\n<li>Opera: Veure > Zoom<\/li>\n<li>Safari: Veure > Fer el text m\u00e9s gran<\/li>\n<li>Chrome: Configuraci\u00f3 > Aparen\u00e7a > Mida de la lletra<\/li>\n<\/ul>\n<p>Per modificar la mida de tota la p\u00e0gina:<\/p>\n<ul>\n<li>Ctrl + + per augmentar la mida.<\/li>\n<li>Ctrl + \u2013 per disminuir la mida.<\/li>\n<li>Ctrl + 0 per restaurar la mida original.<\/li>\n<\/ul>\n<p>Si voleu modificar el color del text o desactivar el full d\u2019estils, podeu consultar la documentaci\u00f3 d\u2019accessibilitat proporcionada per la iniciativa WAI (Web Accessibility Initiative).<\/p>\t\t\t\t\t\t\t\t<\/div>\n\t\t\t\t\t<\/div>\n\t\t\t\t<\/div>\n\t\t\t\t<\/div>\n\t\t","protected":false},"excerpt":{"rendered":"<p>Accesibilidad Declaraci\u00f3 d\u2019accessibilitat COMER DE PROXIMITAT DEL MONTSIA, SCCL s\u2019ha comprom\u00e8s a fer accessible el seu lloc web, de conformitat amb el Reial decret 1112\/2018, de 7 de setembre, sobre accessibilitat dels llocs web i aplicacions per a dispositius m\u00f2bils. Aquesta declaraci\u00f3 d\u2019accessibilitat s\u2019aplica al lloc web: https:\/\/www.gharbagroeurope.com Situaci\u00f3 de compliment Aquest lloc web \u00e9s<\/p>\n<div class=\"klb-readmore entry-button\"><a class=\"btn btn-primary link\" href=\"https:\/\/www.gharbagroeurope.com\/ca\/accessibilitat\/\">Llegir m\u00e9s <i class=\"klbth-icon-right-arrow\"><\/i><\/a><\/div>\n","protected":false},"author":1,"featured_media":0,"parent":0,"menu_order":0,"comment_status":"closed","ping_status":"closed","template":"","meta":{"footnotes":""},"class_list":["post-4424","page","type-page","status-publish","hentry"],"yoast_head":"<!-- This site is optimized with the Yoast SEO plugin v27.6 - https:\/\/yoast.com\/product\/yoast-seo-wordpress\/ -->\n<title>Accessibilitat - Gharb Agro Europe<\/title>\n<meta name=\"robots\" content=\"index, follow, max-snippet:-1, max-image-preview:large, max-video-preview:-1\" \/>\n<link rel=\"canonical\" href=\"https:\/\/www.gharbagroeurope.com\/ca\/accessibilitat\/\" \/>\n<meta property=\"og:locale\" content=\"ca_ES\" \/>\n<meta property=\"og:type\" content=\"article\" \/>\n<meta property=\"og:title\" content=\"Accessibilitat - Gharb Agro Europe\" \/>\n<meta property=\"og:description\" content=\"Accesibilidad Declaraci\u00f3 d\u2019accessibilitat COMER DE PROXIMITAT DEL MONTSIA, SCCL s\u2019ha comprom\u00e8s a fer accessible el seu lloc web, de conformitat amb el Reial decret 1112\/2018, de 7 de setembre, sobre accessibilitat dels llocs web i aplicacions per a dispositius m\u00f2bils. Aquesta declaraci\u00f3 d\u2019accessibilitat s\u2019aplica al lloc web: https:\/\/www.gharbagroeurope.com Situaci\u00f3 de compliment Aquest lloc web \u00e9sLlegir m\u00e9s\" \/>\n<meta property=\"og:url\" content=\"https:\/\/www.gharbagroeurope.com\/ca\/accessibilitat\/\" \/>\n<meta property=\"og:site_name\" content=\"Gharb Agro Europe\" \/>\n<meta property=\"article:modified_time\" content=\"2026-05-15T05:44:56+00:00\" \/>\n<meta name=\"twitter:card\" content=\"summary_large_image\" \/>\n<meta name=\"twitter:label1\" content=\"Temps estimat de lectura\" \/>\n\t<meta name=\"twitter:data1\" content=\"1 minut\" \/>\n<script type=\"application\/ld+json\" class=\"yoast-schema-graph\">{\"@context\":\"https:\\\/\\\/schema.org\",\"@graph\":[{\"@type\":\"WebPage\",\"@id\":\"https:\\\/\\\/www.gharbagroeurope.com\\\/ca\\\/accessibilitat\\\/\",\"url\":\"https:\\\/\\\/www.gharbagroeurope.com\\\/ca\\\/accessibilitat\\\/\",\"name\":\"Accessibilitat - Gharb Agro Europe\",\"isPartOf\":{\"@id\":\"https:\\\/\\\/www.gharbagroeurope.com\\\/ca\\\/#website\"},\"datePublished\":\"2026-05-15T05:39:18+00:00\",\"dateModified\":\"2026-05-15T05:44:56+00:00\",\"breadcrumb\":{\"@id\":\"https:\\\/\\\/www.gharbagroeurope.com\\\/ca\\\/accessibilitat\\\/#breadcrumb\"},\"inLanguage\":\"ca\",\"potentialAction\":[{\"@type\":\"ReadAction\",\"target\":[\"https:\\\/\\\/www.gharbagroeurope.com\\\/ca\\\/accessibilitat\\\/\"]}]},{\"@type\":\"BreadcrumbList\",\"@id\":\"https:\\\/\\\/www.gharbagroeurope.com\\\/ca\\\/accessibilitat\\\/#breadcrumb\",\"itemListElement\":[{\"@type\":\"ListItem\",\"position\":1,\"name\":\"Portada\",\"item\":\"https:\\\/\\\/www.gharbagroeurope.com\\\/ca\\\/\"},{\"@type\":\"ListItem\",\"position\":2,\"name\":\"Accessibilitat\"}]},{\"@type\":\"WebSite\",\"@id\":\"https:\\\/\\\/www.gharbagroeurope.com\\\/ca\\\/#website\",\"url\":\"https:\\\/\\\/www.gharbagroeurope.com\\\/ca\\\/\",\"name\":\"Gharb Agro Europe\",\"description\":\"Una plataforma digital de comercializaci\u00f3n de productos naturales procedentes de cooperativas africanas\",\"publisher\":{\"@id\":\"https:\\\/\\\/www.gharbagroeurope.com\\\/ca\\\/#organization\"},\"potentialAction\":[{\"@type\":\"SearchAction\",\"target\":{\"@type\":\"EntryPoint\",\"urlTemplate\":\"https:\\\/\\\/www.gharbagroeurope.com\\\/ca\\\/?s={search_term_string}\"},\"query-input\":{\"@type\":\"PropertyValueSpecification\",\"valueRequired\":true,\"valueName\":\"search_term_string\"}}],\"inLanguage\":\"ca\"},{\"@type\":\"Organization\",\"@id\":\"https:\\\/\\\/www.gharbagroeurope.com\\\/ca\\\/#organization\",\"name\":\"Gharb Agro Europe\",\"url\":\"https:\\\/\\\/www.gharbagroeurope.com\\\/ca\\\/\",\"logo\":{\"@type\":\"ImageObject\",\"inLanguage\":\"ca\",\"@id\":\"https:\\\/\\\/www.gharbagroeurope.com\\\/ca\\\/#\\\/schema\\\/logo\\\/image\\\/\",\"url\":\"https:\\\/\\\/www.gharbagroeurope.com\\\/wp-content\\\/uploads\\\/2026\\\/05\\\/logotipo-gharb.webp\",\"contentUrl\":\"https:\\\/\\\/www.gharbagroeurope.com\\\/wp-content\\\/uploads\\\/2026\\\/05\\\/logotipo-gharb.webp\",\"width\":716,\"height\":663,\"caption\":\"Gharb Agro Europe\"},\"image\":{\"@id\":\"https:\\\/\\\/www.gharbagroeurope.com\\\/ca\\\/#\\\/schema\\\/logo\\\/image\\\/\"}}]}<\/script>\n<!-- \/ Yoast SEO plugin. -->","yoast_head_json":{"title":"Accessibilitat - Gharb Agro Europe","robots":{"index":"index","follow":"follow","max-snippet":"max-snippet:-1","max-image-preview":"max-image-preview:large","max-video-preview":"max-video-preview:-1"},"canonical":"https:\/\/www.gharbagroeurope.com\/ca\/accessibilitat\/","og_locale":"ca_ES","og_type":"article","og_title":"Accessibilitat - Gharb Agro Europe","og_description":"Accesibilidad Declaraci\u00f3 d\u2019accessibilitat COMER DE PROXIMITAT DEL MONTSIA, SCCL s\u2019ha comprom\u00e8s a fer accessible el seu lloc web, de conformitat amb el Reial decret 1112\/2018, de 7 de setembre, sobre accessibilitat dels llocs web i aplicacions per a dispositius m\u00f2bils. Aquesta declaraci\u00f3 d\u2019accessibilitat s\u2019aplica al lloc web: https:\/\/www.gharbagroeurope.com Situaci\u00f3 de compliment Aquest lloc web \u00e9sLlegir m\u00e9s","og_url":"https:\/\/www.gharbagroeurope.com\/ca\/accessibilitat\/","og_site_name":"Gharb Agro Europe","article_modified_time":"2026-05-15T05:44:56+00:00","twitter_card":"summary_large_image","twitter_misc":{"Temps estimat de lectura":"1 minut"},"schema":{"@context":"https:\/\/schema.org","@graph":[{"@type":"WebPage","@id":"https:\/\/www.gharbagroeurope.com\/ca\/accessibilitat\/","url":"https:\/\/www.gharbagroeurope.com\/ca\/accessibilitat\/","name":"Accessibilitat - Gharb Agro Europe","isPartOf":{"@id":"https:\/\/www.gharbagroeurope.com\/ca\/#website"},"datePublished":"2026-05-15T05:39:18+00:00","dateModified":"2026-05-15T05:44:56+00:00","breadcrumb":{"@id":"https:\/\/www.gharbagroeurope.com\/ca\/accessibilitat\/#breadcrumb"},"inLanguage":"ca","potentialAction":[{"@type":"ReadAction","target":["https:\/\/www.gharbagroeurope.com\/ca\/accessibilitat\/"]}]},{"@type":"BreadcrumbList","@id":"https:\/\/www.gharbagroeurope.com\/ca\/accessibilitat\/#breadcrumb","itemListElement":[{"@type":"ListItem","position":1,"name":"Portada","item":"https:\/\/www.gharbagroeurope.com\/ca\/"},{"@type":"ListItem","position":2,"name":"Accessibilitat"}]},{"@type":"WebSite","@id":"https:\/\/www.gharbagroeurope.com\/ca\/#website","url":"https:\/\/www.gharbagroeurope.com\/ca\/","name":"Gharb Agro Europe","description":"Una plataforma digital de comercializaci\u00f3n de productos naturales procedentes de cooperativas africanas","publisher":{"@id":"https:\/\/www.gharbagroeurope.com\/ca\/#organization"},"potentialAction":[{"@type":"SearchAction","target":{"@type":"EntryPoint","urlTemplate":"https:\/\/www.gharbagroeurope.com\/ca\/?s={search_term_string}"},"query-input":{"@type":"PropertyValueSpecification","valueRequired":true,"valueName":"search_term_string"}}],"inLanguage":"ca"},{"@type":"Organization","@id":"https:\/\/www.gharbagroeurope.com\/ca\/#organization","name":"Gharb Agro Europe","url":"https:\/\/www.gharbagroeurope.com\/ca\/","logo":{"@type":"ImageObject","inLanguage":"ca","@id":"https:\/\/www.gharbagroeurope.com\/ca\/#\/schema\/logo\/image\/","url":"https:\/\/www.gharbagroeurope.com\/wp-content\/uploads\/2026\/05\/logotipo-gharb.webp","contentUrl":"https:\/\/www.gharbagroeurope.com\/wp-content\/uploads\/2026\/05\/logotipo-gharb.webp","width":716,"height":663,"caption":"Gharb Agro Europe"},"image":{"@id":"https:\/\/www.gharbagroeurope.com\/ca\/#\/schema\/logo\/image\/"}}]}},"_links":{"self":[{"href":"https:\/\/www.gharbagroeurope.com\/ca\/wp-json\/wp\/v2\/pages\/4424","targetHints":{"allow":["GET"]}}],"collection":[{"href":"https:\/\/www.gharbagroeurope.com\/ca\/wp-json\/wp\/v2\/pages"}],"about":[{"href":"https:\/\/www.gharbagroeurope.com\/ca\/wp-json\/wp\/v2\/types\/page"}],"author":[{"embeddable":true,"href":"https:\/\/www.gharbagroeurope.com\/ca\/wp-json\/wp\/v2\/users\/1"}],"replies":[{"embeddable":true,"href":"https:\/\/www.gharbagroeurope.com\/ca\/wp-json\/wp\/v2\/comments?post=4424"}],"version-history":[{"count":7,"href":"https:\/\/www.gharbagroeurope.com\/ca\/wp-json\/wp\/v2\/pages\/4424\/revisions"}],"predecessor-version":[{"id":4431,"href":"https:\/\/www.gharbagroeurope.com\/ca\/wp-json\/wp\/v2\/pages\/4424\/revisions\/4431"}],"wp:attachment":[{"href":"https:\/\/www.gharbagroeurope.com\/ca\/wp-json\/wp\/v2\/media?parent=4424"}],"curies":[{"name":"wp","href":"https:\/\/api.w.org\/{rel}","templated":true}]}}