{"id":4383,"date":"2026-05-07T06:41:29","date_gmt":"2026-05-07T06:41:29","guid":{"rendered":"https:\/\/www.gharbagroeurope.com\/?page_id=4383"},"modified":"2026-05-15T04:49:52","modified_gmt":"2026-05-15T04:49:52","slug":"politica-de-privadesa","status":"publish","type":"page","link":"https:\/\/www.gharbagroeurope.com\/ca\/politica-de-privadesa\/","title":{"rendered":"Pol\u00edtica de privadesa"},"content":{"rendered":"\t\t<div data-elementor-type=\"wp-page\" data-elementor-id=\"4383\" class=\"elementor elementor-4383 elementor-3\" data-elementor-post-type=\"page\">\n\t\t\t\t<div class=\"elementor-element elementor-element-66d0077 e-con-full e-flex e-con e-parent\" data-id=\"66d0077\" data-element_type=\"container\" data-e-type=\"container\">\n\t\t\t\t<div class=\"elementor-element elementor-element-de3e3f5 elementor-widget elementor-widget-grogin-page-banner\" data-id=\"de3e3f5\" data-element_type=\"widget\" data-e-type=\"widget\" data-widget_type=\"grogin-page-banner.default\">\n\t\t\t\t<div class=\"elementor-widget-container\">\n\t\t\t\t\t<div class=\"page-header text-center\"><div class=\"container\"><h1 class=\"entry-title sm-text-56\">Pol\u00edtica de privadesa<\/h1><div class=\"max-w-520 mx-auto text-13 sm-text-15\"><p class=\"mb-0\"><\/p><\/div><!-- entry-teaser --><div class=\"entry-footer d-flex flex-wrap align-items-center justify-content-center gap-3 mt-20\"><\/div><!-- entry-footer --><\/div><!-- container --><\/div>\t\t\t\t<\/div>\n\t\t\t\t<\/div>\n\t\t\t\t<\/div>\n\t\t<div class=\"elementor-element elementor-element-5b1936a6 e-flex e-con-boxed e-con e-parent\" data-id=\"5b1936a6\" data-element_type=\"container\" data-e-type=\"container\">\n\t\t\t\t\t<div class=\"e-con-inner\">\n\t\t\t\t<div class=\"elementor-element elementor-element-53d2047e elementor-widget elementor-widget-text-editor\" data-id=\"53d2047e\" data-element_type=\"widget\" data-e-type=\"widget\" data-widget_type=\"text-editor.default\">\n\t\t\t\t\t\t\t\t\t<h2>INFORMACI\u00d3 A L\u2019USUARI<\/h2>\n\n<h3>Qui \u00e9s el responsable del tractament de les teves dades personals?<\/h3>\n\n<strong>COMER DE PROXIMITAT DEL MONTSIA, SCCL<\/strong> \u00e9s el RESPONSABLE del tractament de les dades personals de l\u2019USUARI i l\u2019informa que aquestes dades seran tractades de conformitat amb el que disposa el Reglament (UE) 2016\/679, de 27 d\u2019abril (GDPR), i la Llei Org\u00e0nica 3\/2018, de 5 de desembre (LOPDGDD).\n\nSegons el formulari on h\u00e0gim obtingut les seves dades personals, les tractarem de manera confidencial per assolir les finalitats seg\u00fcents:\n\nEn el formulari <b>Contacte<\/b>\n<ul>\n \t<li>Donar resposta a les consultes o qualsevol tipus de petici\u00f3 que sigui realitzada per l\u2019usuari a trav\u00e9s de qualsevol de les formes de contacte que es posen a la seva disposici\u00f3 a la p\u00e0gina web del responsable. (per l\u2019inter\u00e8s leg\u00edtim del responsable, art. 6.1.f GDPR)<\/li>\n\n \t<li>Enviar comunicacions comercials publicit\u00e0ries per e-mail, fax, SMS, MMS, xarxes socials o qualsevol altre mitj\u00e0 electr\u00f2nic o f\u00edsic, present o futur, que possibiliti realitzar comunicacions comercials. Aquestes comunicacions seran realitzades pel responsable i estaran relacionades amb els seus productes i serveis, o dels seus col\u00b7laboradors o prove\u00efdors, amb els quals aquest hagi assolit algun acord de promoci\u00f3. En aquest cas, els tercers mai tindran acc\u00e9s a les dades personals. (pel consentiment de l\u2019interessat, art. 6.1.a GDPR)<\/li>\n\n \t<li>Realitzar an\u00e0lisis estad\u00edstiques i estudis de mercat. (per l\u2019inter\u00e8s leg\u00edtim del responsable, art. 6.1.f GDPR)<\/li>\n<\/ul>\n\nEn el formulari <b>Finalitzar compra<\/b>\n<ul>\n \t<li>Gestionar, tramitar i enviar les comandes realitzades per l\u2019usuari, aix\u00ed com gestionar el proc\u00e9s de pagament, facturaci\u00f3 i lliurament dels productes adquirits.<br \/><em>(per l\u2019execuci\u00f3 d\u2019un contracte, art. 6.1.b GDPR)<\/em><\/li>\n\n \t<li>Enviar comunicacions relacionades amb l\u2019estat de la comanda, confirmacions de compra, incid\u00e8ncies, devolucions o atenci\u00f3 postvenda.<br \/><em>(per l\u2019execuci\u00f3 d\u2019un contracte, art. 6.1.b GDPR)<\/em><\/li>\n\n \t<li>Complir amb les obligacions legals, fiscals i administratives derivades de la relaci\u00f3 comercial establerta amb el client.<br \/><em>(pel compliment d\u2019una obligaci\u00f3 legal, art. 6.1.c GDPR)<\/em><\/li>\n\n \t<li>Prevenir fraus, usos indeguts de la plataforma i garantir la seguretat de les transaccions realitzades a trav\u00e9s de la p\u00e0gina web.<br \/><em>(per l\u2019inter\u00e8s leg\u00edtim del responsable, art. 6.1.f GDPR)<\/em><\/li>\n\n \t<li>Enviar comunicacions comercials relacionades amb productes o serveis similars als contractats pel client.<br \/><em>(per l\u2019inter\u00e8s leg\u00edtim del responsable, art. 21.2 LSSI i art. 6.1.f GDPR)<\/em><\/li>\n\n \t<li>Enviar comunicacions comercials publicit\u00e0ries sobre productes, promocions o novetats, mitjan\u00e7ant mitjans electr\u00f2nics o f\u00edsics, quan l\u2019usuari hagi atorgat expressament el seu consentiment.<br \/><em>(pel consentiment de l\u2019interessat, art. 6.1.a GDPR)<\/em><\/li>\n<\/ul>\n\nEn el formulari <b>Newsletter<\/b>\n<ul>\n \t<li>Enviar butlletins informatius, novetats, ofertes i promocions online. (pel consentiment de l\u2019interessat, art. 6.1.a GDPR)<\/li>\n<\/ul>\n\n<h3>Durant quant de temps conservarem les teves dades personals?<\/h3>\n\nEs conservaran durant no m\u00e9s temps del necessari per mantenir la finalitat del tractament o mentre existeixin prescripcions legals que en dictaminin la cust\u00f2dia i, quan ja no sigui necessari, se suprimiran amb mesures de seguretat adequades per garantir l\u2019anonimitzaci\u00f3 de les dades o la destrucci\u00f3 total d\u2019aquestes.\n\n<h3>A qui facilitem les teves dades personals?<\/h3>\n\nNo est\u00e0 prevista cap comunicaci\u00f3 de dades personals a tercers excepte, si fos necessari per al desenvolupament i execuci\u00f3 de les finalitats del tractament, als nostres prove\u00efdors de serveis relacionats amb comunicacions, amb els quals el RESPONSABLE t\u00e9 subscrits els contractes de confidencialitat i d\u2019encarregat de tractament exigits per la normativa vigent de privacitat.\n\n<h3>Quins s\u00f3n els teus drets?<\/h3>\n\nEls drets que assisteixen l\u2019USUARI s\u00f3n:\n<ul>\n \t<li>Dret a retirar el consentiment en qualsevol moment.<\/li>\n\n \t<li>Dret d\u2019acc\u00e9s, rectificaci\u00f3, portabilitat i supressi\u00f3 de les seves dades, i de limitaci\u00f3 o oposici\u00f3 al seu tractament.<\/li>\n\n \t<li>Dret a presentar una reclamaci\u00f3 davant l\u2019autoritat de control (www.aepd.es) si considera que el tractament no s\u2019ajusta a la normativa vigent.<\/li>\n<\/ul>\n\n<h4>Dades de contacte per exercir els teus drets:<\/h4>\n\nCOMER DE PROXIMITAT DEL MONTSIA, SCCL, Carrer l\u2019Aldea, parcel\u00b7la 0, P.I. Venta Nova, (43894) Camarles. E-mail: comercmontsia@gmail.com.\n\n<h2>2. CAR\u00c0CTER OBLIGATORI O FACULTATIU DE LA INFORMACI\u00d3 FACILITADA PER L\u2019USUARI<\/h2>\n\nEls USUARIS, mitjan\u00e7ant la marcaci\u00f3 de les caselles corresponents i la introducci\u00f3 de dades als camps marcats amb un asterisc (*) al formulari de contacte o presentats en formularis de desc\u00e0rrega, accepten expressament i de manera lliure i inequ\u00edvoca que les seves dades s\u00f3n necess\u00e0ries per atendre la seva petici\u00f3 per part del prestador, sent volunt\u00e0ria la inclusi\u00f3 de dades als camps restants. L\u2019USUARI garanteix que les dades personals facilitades al RESPONSABLE s\u00f3n veraces i es fa responsable de comunicar qualsevol modificaci\u00f3 d\u2019aquestes.\n\nEl RESPONSABLE informa que totes les dades sol\u00b7licitades a trav\u00e9s del lloc web s\u00f3n obligat\u00f2ries, ja que s\u00f3n necess\u00e0ries per a la prestaci\u00f3 d\u2019un servei \u00f2ptim a l\u2019USUARI. En cas que no es facilitin totes les dades, no es garanteix que la informaci\u00f3 i serveis facilitats s\u2019ajustin completament a les seves necessitats.\n\n<h2>MESURES DE SEGURETAT<\/h2>\n\nDe conformitat amb el que disposen les normatives vigents en protecci\u00f3 de dades personals, el RESPONSABLE compleix amb totes les disposicions de les normatives GDPR i LOPDGDD per al tractament de les dades personals de la seva responsabilitat, i manifestament amb els principis descrits a l\u2019article 5 del GDPR, pels quals s\u00f3n tractades de manera l\u00edcita, lleial i transparent en relaci\u00f3 amb l\u2019interessat i adequades, pertinents i limitades al necessari en relaci\u00f3 amb les finalitats per a les quals s\u00f3n tractades.\n\nEl RESPONSABLE garanteix que ha implementat pol\u00edtiques t\u00e8cniques i organitzatives apropiades per aplicar les mesures de seguretat que estableixen el GDPR i la LOPDGDD amb la finalitat de protegir els drets i llibertats dels USUARIS i els ha comunicat la informaci\u00f3 adequada perqu\u00e8 puguin exercir-los.\n\nPer a m\u00e9s informaci\u00f3 sobre les garanties de privacitat, pots dirigir-te al RESPONSABLE a trav\u00e9s de COMER DE PROXIMITAT DEL MONTSIA, SCCL, Carrer l\u2019Aldea, parcel\u00b7la 0, P.I. Venta Nova, (43894) Camarles. E-mail: comercmontsia@gmail.com.\t\t\t\t\t\t\t\t<\/div>\n\t\t\t\t\t<\/div>\n\t\t\t\t<\/div>\n\t\t\t\t<\/div>\n\t\t","protected":false},"excerpt":{"rendered":"<p>Pol\u00edtica de privadesa INFORMACI\u00d3 A L\u2019USUARI Qui \u00e9s el responsable del tractament de les teves dades personals? COMER DE PROXIMITAT DEL MONTSIA, SCCL \u00e9s el RESPONSABLE del tractament de les dades personals de l\u2019USUARI i l\u2019informa que aquestes dades seran tractades de conformitat amb el que disposa el Reglament (UE) 2016\/679, de 27 d\u2019abril (GDPR),<\/p>\n<div class=\"klb-readmore entry-button\"><a class=\"btn btn-primary link\" href=\"https:\/\/www.gharbagroeurope.com\/ca\/politica-de-privadesa\/\">Llegir m\u00e9s <i class=\"klbth-icon-right-arrow\"><\/i><\/a><\/div>\n","protected":false},"author":1,"featured_media":0,"parent":0,"menu_order":0,"comment_status":"closed","ping_status":"closed","template":"","meta":{"footnotes":""},"class_list":["post-4383","page","type-page","status-publish","hentry"],"yoast_head":"<!-- This site is optimized with the Yoast SEO plugin v27.6 - https:\/\/yoast.com\/product\/yoast-seo-wordpress\/ -->\n<title>Pol\u00edtica de privadesa - Gharb Agro Europe<\/title>\n<meta name=\"robots\" content=\"index, follow, max-snippet:-1, max-image-preview:large, max-video-preview:-1\" \/>\n<link rel=\"canonical\" href=\"https:\/\/www.gharbagroeurope.com\/ca\/politica-de-privadesa\/\" \/>\n<meta property=\"og:locale\" content=\"ca_ES\" \/>\n<meta property=\"og:type\" content=\"article\" \/>\n<meta property=\"og:title\" content=\"Pol\u00edtica de privadesa - Gharb Agro Europe\" \/>\n<meta property=\"og:description\" content=\"Pol\u00edtica de privadesa INFORMACI\u00d3 A L\u2019USUARI Qui \u00e9s el responsable del tractament de les teves dades personals? COMER DE PROXIMITAT DEL MONTSIA, SCCL \u00e9s el RESPONSABLE del tractament de les dades personals de l\u2019USUARI i l\u2019informa que aquestes dades seran tractades de conformitat amb el que disposa el Reglament (UE) 2016\/679, de 27 d\u2019abril (GDPR),Llegir m\u00e9s\" \/>\n<meta property=\"og:url\" content=\"https:\/\/www.gharbagroeurope.com\/ca\/politica-de-privadesa\/\" \/>\n<meta property=\"og:site_name\" content=\"Gharb Agro Europe\" \/>\n<meta property=\"article:modified_time\" content=\"2026-05-15T04:49:52+00:00\" \/>\n<meta name=\"twitter:card\" content=\"summary_large_image\" \/>\n<meta name=\"twitter:label1\" content=\"Temps estimat de lectura\" \/>\n\t<meta name=\"twitter:data1\" content=\"1 minut\" \/>\n<script type=\"application\/ld+json\" class=\"yoast-schema-graph\">{\"@context\":\"https:\\\/\\\/schema.org\",\"@graph\":[{\"@type\":\"WebPage\",\"@id\":\"https:\\\/\\\/www.gharbagroeurope.com\\\/ca\\\/politica-de-privadesa\\\/\",\"url\":\"https:\\\/\\\/www.gharbagroeurope.com\\\/ca\\\/politica-de-privadesa\\\/\",\"name\":\"Pol\u00edtica de privadesa - Gharb Agro Europe\",\"isPartOf\":{\"@id\":\"https:\\\/\\\/www.gharbagroeurope.com\\\/ca\\\/#website\"},\"datePublished\":\"2026-05-07T06:41:29+00:00\",\"dateModified\":\"2026-05-15T04:49:52+00:00\",\"breadcrumb\":{\"@id\":\"https:\\\/\\\/www.gharbagroeurope.com\\\/ca\\\/politica-de-privadesa\\\/#breadcrumb\"},\"inLanguage\":\"ca\",\"potentialAction\":[{\"@type\":\"ReadAction\",\"target\":[\"https:\\\/\\\/www.gharbagroeurope.com\\\/ca\\\/politica-de-privadesa\\\/\"]}]},{\"@type\":\"BreadcrumbList\",\"@id\":\"https:\\\/\\\/www.gharbagroeurope.com\\\/ca\\\/politica-de-privadesa\\\/#breadcrumb\",\"itemListElement\":[{\"@type\":\"ListItem\",\"position\":1,\"name\":\"Portada\",\"item\":\"https:\\\/\\\/www.gharbagroeurope.com\\\/ca\\\/\"},{\"@type\":\"ListItem\",\"position\":2,\"name\":\"Pol\u00edtica de privadesa\"}]},{\"@type\":\"WebSite\",\"@id\":\"https:\\\/\\\/www.gharbagroeurope.com\\\/ca\\\/#website\",\"url\":\"https:\\\/\\\/www.gharbagroeurope.com\\\/ca\\\/\",\"name\":\"Gharb Agro Europe\",\"description\":\"Una plataforma digital de comercializaci\u00f3n de productos naturales procedentes de cooperativas africanas\",\"publisher\":{\"@id\":\"https:\\\/\\\/www.gharbagroeurope.com\\\/ca\\\/#organization\"},\"potentialAction\":[{\"@type\":\"SearchAction\",\"target\":{\"@type\":\"EntryPoint\",\"urlTemplate\":\"https:\\\/\\\/www.gharbagroeurope.com\\\/ca\\\/?s={search_term_string}\"},\"query-input\":{\"@type\":\"PropertyValueSpecification\",\"valueRequired\":true,\"valueName\":\"search_term_string\"}}],\"inLanguage\":\"ca\"},{\"@type\":\"Organization\",\"@id\":\"https:\\\/\\\/www.gharbagroeurope.com\\\/ca\\\/#organization\",\"name\":\"Gharb Agro Europe\",\"url\":\"https:\\\/\\\/www.gharbagroeurope.com\\\/ca\\\/\",\"logo\":{\"@type\":\"ImageObject\",\"inLanguage\":\"ca\",\"@id\":\"https:\\\/\\\/www.gharbagroeurope.com\\\/ca\\\/#\\\/schema\\\/logo\\\/image\\\/\",\"url\":\"https:\\\/\\\/www.gharbagroeurope.com\\\/wp-content\\\/uploads\\\/2026\\\/05\\\/logotipo-gharb.webp\",\"contentUrl\":\"https:\\\/\\\/www.gharbagroeurope.com\\\/wp-content\\\/uploads\\\/2026\\\/05\\\/logotipo-gharb.webp\",\"width\":716,\"height\":663,\"caption\":\"Gharb Agro Europe\"},\"image\":{\"@id\":\"https:\\\/\\\/www.gharbagroeurope.com\\\/ca\\\/#\\\/schema\\\/logo\\\/image\\\/\"}}]}<\/script>\n<!-- \/ Yoast SEO plugin. -->","yoast_head_json":{"title":"Pol\u00edtica de privadesa - Gharb Agro Europe","robots":{"index":"index","follow":"follow","max-snippet":"max-snippet:-1","max-image-preview":"max-image-preview:large","max-video-preview":"max-video-preview:-1"},"canonical":"https:\/\/www.gharbagroeurope.com\/ca\/politica-de-privadesa\/","og_locale":"ca_ES","og_type":"article","og_title":"Pol\u00edtica de privadesa - Gharb Agro Europe","og_description":"Pol\u00edtica de privadesa INFORMACI\u00d3 A L\u2019USUARI Qui \u00e9s el responsable del tractament de les teves dades personals? COMER DE PROXIMITAT DEL MONTSIA, SCCL \u00e9s el RESPONSABLE del tractament de les dades personals de l\u2019USUARI i l\u2019informa que aquestes dades seran tractades de conformitat amb el que disposa el Reglament (UE) 2016\/679, de 27 d\u2019abril (GDPR),Llegir m\u00e9s","og_url":"https:\/\/www.gharbagroeurope.com\/ca\/politica-de-privadesa\/","og_site_name":"Gharb Agro Europe","article_modified_time":"2026-05-15T04:49:52+00:00","twitter_card":"summary_large_image","twitter_misc":{"Temps estimat de lectura":"1 minut"},"schema":{"@context":"https:\/\/schema.org","@graph":[{"@type":"WebPage","@id":"https:\/\/www.gharbagroeurope.com\/ca\/politica-de-privadesa\/","url":"https:\/\/www.gharbagroeurope.com\/ca\/politica-de-privadesa\/","name":"Pol\u00edtica de privadesa - Gharb Agro Europe","isPartOf":{"@id":"https:\/\/www.gharbagroeurope.com\/ca\/#website"},"datePublished":"2026-05-07T06:41:29+00:00","dateModified":"2026-05-15T04:49:52+00:00","breadcrumb":{"@id":"https:\/\/www.gharbagroeurope.com\/ca\/politica-de-privadesa\/#breadcrumb"},"inLanguage":"ca","potentialAction":[{"@type":"ReadAction","target":["https:\/\/www.gharbagroeurope.com\/ca\/politica-de-privadesa\/"]}]},{"@type":"BreadcrumbList","@id":"https:\/\/www.gharbagroeurope.com\/ca\/politica-de-privadesa\/#breadcrumb","itemListElement":[{"@type":"ListItem","position":1,"name":"Portada","item":"https:\/\/www.gharbagroeurope.com\/ca\/"},{"@type":"ListItem","position":2,"name":"Pol\u00edtica de privadesa"}]},{"@type":"WebSite","@id":"https:\/\/www.gharbagroeurope.com\/ca\/#website","url":"https:\/\/www.gharbagroeurope.com\/ca\/","name":"Gharb Agro Europe","description":"Una plataforma digital de comercializaci\u00f3n de productos naturales procedentes de cooperativas africanas","publisher":{"@id":"https:\/\/www.gharbagroeurope.com\/ca\/#organization"},"potentialAction":[{"@type":"SearchAction","target":{"@type":"EntryPoint","urlTemplate":"https:\/\/www.gharbagroeurope.com\/ca\/?s={search_term_string}"},"query-input":{"@type":"PropertyValueSpecification","valueRequired":true,"valueName":"search_term_string"}}],"inLanguage":"ca"},{"@type":"Organization","@id":"https:\/\/www.gharbagroeurope.com\/ca\/#organization","name":"Gharb Agro Europe","url":"https:\/\/www.gharbagroeurope.com\/ca\/","logo":{"@type":"ImageObject","inLanguage":"ca","@id":"https:\/\/www.gharbagroeurope.com\/ca\/#\/schema\/logo\/image\/","url":"https:\/\/www.gharbagroeurope.com\/wp-content\/uploads\/2026\/05\/logotipo-gharb.webp","contentUrl":"https:\/\/www.gharbagroeurope.com\/wp-content\/uploads\/2026\/05\/logotipo-gharb.webp","width":716,"height":663,"caption":"Gharb Agro Europe"},"image":{"@id":"https:\/\/www.gharbagroeurope.com\/ca\/#\/schema\/logo\/image\/"}}]}},"_links":{"self":[{"href":"https:\/\/www.gharbagroeurope.com\/ca\/wp-json\/wp\/v2\/pages\/4383","targetHints":{"allow":["GET"]}}],"collection":[{"href":"https:\/\/www.gharbagroeurope.com\/ca\/wp-json\/wp\/v2\/pages"}],"about":[{"href":"https:\/\/www.gharbagroeurope.com\/ca\/wp-json\/wp\/v2\/types\/page"}],"author":[{"embeddable":true,"href":"https:\/\/www.gharbagroeurope.com\/ca\/wp-json\/wp\/v2\/users\/1"}],"replies":[{"embeddable":true,"href":"https:\/\/www.gharbagroeurope.com\/ca\/wp-json\/wp\/v2\/comments?post=4383"}],"version-history":[{"count":4,"href":"https:\/\/www.gharbagroeurope.com\/ca\/wp-json\/wp\/v2\/pages\/4383\/revisions"}],"predecessor-version":[{"id":4388,"href":"https:\/\/www.gharbagroeurope.com\/ca\/wp-json\/wp\/v2\/pages\/4383\/revisions\/4388"}],"wp:attachment":[{"href":"https:\/\/www.gharbagroeurope.com\/ca\/wp-json\/wp\/v2\/media?parent=4383"}],"curies":[{"name":"wp","href":"https:\/\/api.w.org\/{rel}","templated":true}]}}