{"id":3910,"date":"2026-05-11T08:34:54","date_gmt":"2026-05-11T08:34:54","guid":{"rendered":"https:\/\/www.gharbagroeurope.com\/?page_id=3910"},"modified":"2026-05-11T09:31:43","modified_gmt":"2026-05-11T09:31:43","slug":"cooperatives","status":"publish","type":"page","link":"https:\/\/www.gharbagroeurope.com\/ca\/cooperatives\/","title":{"rendered":"Cooperatives"},"content":{"rendered":"\t\t<div data-elementor-type=\"wp-page\" data-elementor-id=\"3910\" class=\"elementor elementor-3910 elementor-3890\" data-elementor-post-type=\"page\">\n\t\t\t\t<div class=\"elementor-element elementor-element-80bf8cd e-con-full e-flex e-con e-parent\" data-id=\"80bf8cd\" data-element_type=\"container\" data-e-type=\"container\">\n\t\t\t\t<div class=\"elementor-element elementor-element-348adfe elementor-widget__width-inherit elementor-widget elementor-widget-grogin-page-banner\" data-id=\"348adfe\" data-element_type=\"widget\" data-e-type=\"widget\" data-widget_type=\"grogin-page-banner.default\">\n\t\t\t\t<div class=\"elementor-widget-container\">\n\t\t\t\t\t<div class=\"page-header text-center with-image\"><div class=\"container\"><h1 class=\"entry-title sm-text-66\">Cooperatives<\/h1><div class=\" max-w-520 mx-auto text-13 sm-text-15\"><p class=\"mb-0\"><\/p><\/div><!-- entry-teaser --><div class=\"entry-footer d-flex flex-wrap align-items-center justify-content-center gap-3 mt-20\"><\/div><!-- entry-footer --><\/div><!-- container --><div class=\"page-header-image\"><img decoding=\"async\" alt=\"\" src=\"https:\/\/www.gharbagroeurope.com\/wp-content\/plugins\/grogin-core\/elementor\/images\/about-image.jpg\"><\/div><!-- page-header-image --><\/div>\t\t\t\t<\/div>\n\t\t\t\t<\/div>\n\t\t\t\t<\/div>\n\t\t<div class=\"elementor-element elementor-element-1611952 e-flex e-con-boxed e-con e-parent\" data-id=\"1611952\" data-element_type=\"container\" data-e-type=\"container\">\n\t\t\t\t\t<div class=\"e-con-inner\">\n\t\t\t\t<div class=\"elementor-element elementor-element-e3c5c4e elementor-widget elementor-widget-heading\" data-id=\"e3c5c4e\" data-element_type=\"widget\" data-e-type=\"widget\" data-widget_type=\"heading.default\">\n\t\t\t\t\t<h2 class=\"elementor-heading-title elementor-size-default\">GharbAgroEurope <\/h2>\t\t\t\t<\/div>\n\t\t\t\t<div class=\"elementor-element elementor-element-5f8fbf4 elementor-widget elementor-widget-text-editor\" data-id=\"5f8fbf4\" data-element_type=\"widget\" data-e-type=\"widget\" data-widget_type=\"text-editor.default\">\n\t\t\t\t\t\t\t\t\t<p>GharbAgroEurope connecta cooperatives africanes amb mercats internacionals mitjan\u00e7ant un model estructurat de desenvolupament.<\/p><p>Seleccionem organitzacions amb potencial, les acompanyem en la preparaci\u00f3 i facilitem l\u2019acc\u00e9s a canals comercials professionals, garantint productes adaptats a est\u00e0ndards europeus.<\/p>\t\t\t\t\t\t\t\t<\/div>\n\t\t<div class=\"elementor-element elementor-element-3addf83 e-con-full e-flex e-con e-child\" data-id=\"3addf83\" data-element_type=\"container\" data-e-type=\"container\">\n\t\t<div class=\"elementor-element elementor-element-8d2d6b1 e-con-full e-flex e-con e-child\" data-id=\"8d2d6b1\" data-element_type=\"container\" data-e-type=\"container\">\n\t\t\t\t<div class=\"elementor-element elementor-element-a6ef74d elementor-widget elementor-widget-image\" data-id=\"a6ef74d\" data-element_type=\"widget\" data-e-type=\"widget\" data-widget_type=\"image.default\">\n\t\t\t\t\t\t\t\t\t\t\t\t\t\t\t<img fetchpriority=\"high\" decoding=\"async\" width=\"960\" height=\"640\" src=\"https:\/\/www.gharbagroeurope.com\/wp-content\/uploads\/2026\/05\/pexels-dar-cat-67502350-29475573-1024x683.webp\" class=\"attachment-large size-large wp-image-3790\" alt=\"\" srcset=\"https:\/\/www.gharbagroeurope.com\/wp-content\/uploads\/2026\/05\/pexels-dar-cat-67502350-29475573-1024x683.webp 1024w, https:\/\/www.gharbagroeurope.com\/wp-content\/uploads\/2026\/05\/pexels-dar-cat-67502350-29475573-300x200.webp 300w, https:\/\/www.gharbagroeurope.com\/wp-content\/uploads\/2026\/05\/pexels-dar-cat-67502350-29475573-768x512.webp 768w, https:\/\/www.gharbagroeurope.com\/wp-content\/uploads\/2026\/05\/pexels-dar-cat-67502350-29475573-1536x1024.webp 1536w, https:\/\/www.gharbagroeurope.com\/wp-content\/uploads\/2026\/05\/pexels-dar-cat-67502350-29475573-2048x1366.webp 2048w, https:\/\/www.gharbagroeurope.com\/wp-content\/uploads\/2026\/05\/pexels-dar-cat-67502350-29475573-700x467.webp 700w, https:\/\/www.gharbagroeurope.com\/wp-content\/uploads\/2026\/05\/pexels-dar-cat-67502350-29475573-81x54.webp 81w\" sizes=\"(max-width: 960px) 100vw, 960px\" \/>\t\t\t\t\t\t\t\t\t\t\t\t\t\t\t<\/div>\n\t\t\t\t<\/div>\n\t\t<div class=\"elementor-element elementor-element-3a9cd15e e-con-full e-flex e-con e-child\" data-id=\"3a9cd15e\" data-element_type=\"container\" data-e-type=\"container\">\n\t\t\t\t<div class=\"elementor-element elementor-element-552a6c3e elementor-widget elementor-widget-heading\" data-id=\"552a6c3e\" data-element_type=\"widget\" data-e-type=\"widget\" data-widget_type=\"heading.default\">\n\t\t\t\t\t<h2 class=\"elementor-heading-title elementor-size-default\">SANAD GHARB EUROPE<\/h2>\t\t\t\t<\/div>\n\t\t\t\t<div class=\"elementor-element elementor-element-4ab3d8e3 elementor-widget elementor-widget-text-editor\" data-id=\"4ab3d8e3\" data-element_type=\"widget\" data-e-type=\"widget\" data-widget_type=\"text-editor.default\">\n\t\t\t\t\t\t\t\t\t<p>Sanad Gharb Europ \u00e9s una cooperativa marroquina especialitzada en la producci\u00f3 d\u2019esp\u00e8cies i de productes naturals, que treballa amb mat\u00e8ries primeres locals i processos tradicionals.<\/p><p>La seva integraci\u00f3 a GharbAgroEurope representa l\u2019inici d\u2019un model que combina la producci\u00f3 local i la comercialitzaci\u00f3 internacional, permetent que productes amb identitat accedeixin a mercats exigents.<\/p>\t\t\t\t\t\t\t\t<\/div>\n\t\t\t\t<div class=\"elementor-element elementor-element-3df507aa elementor-widget elementor-widget-button\" data-id=\"3df507aa\" data-element_type=\"widget\" data-e-type=\"widget\" data-widget_type=\"button.default\">\n\t\t\t\t\t\t\t\t\t\t<a class=\"elementor-button elementor-button-link elementor-size-sm\" href=\"#\">\n\t\t\t\t\t\t<span class=\"elementor-button-content-wrapper\">\n\t\t\t\t\t\t\t\t\t<span class=\"elementor-button-text\">Ver productos<\/span>\n\t\t\t\t\t<\/span>\n\t\t\t\t\t<\/a>\n\t\t\t\t\t\t\t\t<\/div>\n\t\t\t\t<\/div>\n\t\t\t\t<\/div>\n\t\t\t\t\t<\/div>\n\t\t\t\t<\/div>\n\t\t\t\t<\/div>\n\t\t","protected":false},"excerpt":{"rendered":"<p>Cooperatives GharbAgroEurope GharbAgroEurope connecta cooperatives africanes amb mercats internacionals mitjan\u00e7ant un model estructurat de desenvolupament. Seleccionem organitzacions amb potencial, les acompanyem en la preparaci\u00f3 i facilitem l\u2019acc\u00e9s a canals comercials professionals, garantint productes adaptats a est\u00e0ndards europeus. SANAD GHARB EUROPE Sanad Gharb Europ \u00e9s una cooperativa marroquina especialitzada en la producci\u00f3 d\u2019esp\u00e8cies i de productes<\/p>\n<div class=\"klb-readmore entry-button\"><a class=\"btn btn-primary link\" href=\"https:\/\/www.gharbagroeurope.com\/ca\/cooperatives\/\">Llegir m\u00e9s <i class=\"klbth-icon-right-arrow\"><\/i><\/a><\/div>\n","protected":false},"author":1,"featured_media":0,"parent":0,"menu_order":0,"comment_status":"closed","ping_status":"closed","template":"","meta":{"footnotes":""},"class_list":["post-3910","page","type-page","status-publish","hentry"],"yoast_head":"<!-- This site is optimized with the Yoast SEO plugin v27.6 - https:\/\/yoast.com\/product\/yoast-seo-wordpress\/ -->\n<title>Cooperatives - Gharb Agro Europe<\/title>\n<meta name=\"robots\" content=\"index, follow, max-snippet:-1, max-image-preview:large, max-video-preview:-1\" \/>\n<link rel=\"canonical\" href=\"https:\/\/www.gharbagroeurope.com\/ca\/cooperatives\/\" \/>\n<meta property=\"og:locale\" content=\"ca_ES\" \/>\n<meta property=\"og:type\" content=\"article\" \/>\n<meta property=\"og:title\" content=\"Cooperatives - Gharb Agro Europe\" \/>\n<meta property=\"og:description\" content=\"Cooperatives GharbAgroEurope GharbAgroEurope connecta cooperatives africanes amb mercats internacionals mitjan\u00e7ant un model estructurat de desenvolupament. Seleccionem organitzacions amb potencial, les acompanyem en la preparaci\u00f3 i facilitem l\u2019acc\u00e9s a canals comercials professionals, garantint productes adaptats a est\u00e0ndards europeus. SANAD GHARB EUROPE Sanad Gharb Europ \u00e9s una cooperativa marroquina especialitzada en la producci\u00f3 d\u2019esp\u00e8cies i de productesLlegir m\u00e9s\" \/>\n<meta property=\"og:url\" content=\"https:\/\/www.gharbagroeurope.com\/ca\/cooperatives\/\" \/>\n<meta property=\"og:site_name\" content=\"Gharb Agro Europe\" \/>\n<meta property=\"article:modified_time\" content=\"2026-05-11T09:31:43+00:00\" \/>\n<meta property=\"og:image\" content=\"https:\/\/www.gharbagroeurope.com\/wp-content\/plugins\/grogin-core-update\/elementor\/images\/about-image.jpg\" \/>\n<meta name=\"twitter:card\" content=\"summary_large_image\" \/>\n<meta name=\"twitter:label1\" content=\"Temps estimat de lectura\" \/>\n\t<meta name=\"twitter:data1\" content=\"1 minut\" \/>\n<script type=\"application\/ld+json\" class=\"yoast-schema-graph\">{\"@context\":\"https:\\\/\\\/schema.org\",\"@graph\":[{\"@type\":\"WebPage\",\"@id\":\"https:\\\/\\\/www.gharbagroeurope.com\\\/ca\\\/cooperatives\\\/\",\"url\":\"https:\\\/\\\/www.gharbagroeurope.com\\\/ca\\\/cooperatives\\\/\",\"name\":\"Cooperatives - Gharb Agro Europe\",\"isPartOf\":{\"@id\":\"https:\\\/\\\/www.gharbagroeurope.com\\\/ca\\\/#website\"},\"primaryImageOfPage\":{\"@id\":\"https:\\\/\\\/www.gharbagroeurope.com\\\/ca\\\/cooperatives\\\/#primaryimage\"},\"image\":{\"@id\":\"https:\\\/\\\/www.gharbagroeurope.com\\\/ca\\\/cooperatives\\\/#primaryimage\"},\"thumbnailUrl\":\"https:\\\/\\\/www.gharbagroeurope.com\\\/wp-content\\\/plugins\\\/grogin-core-update\\\/elementor\\\/images\\\/about-image.jpg\",\"datePublished\":\"2026-05-11T08:34:54+00:00\",\"dateModified\":\"2026-05-11T09:31:43+00:00\",\"breadcrumb\":{\"@id\":\"https:\\\/\\\/www.gharbagroeurope.com\\\/ca\\\/cooperatives\\\/#breadcrumb\"},\"inLanguage\":\"ca\",\"potentialAction\":[{\"@type\":\"ReadAction\",\"target\":[\"https:\\\/\\\/www.gharbagroeurope.com\\\/ca\\\/cooperatives\\\/\"]}]},{\"@type\":\"ImageObject\",\"inLanguage\":\"ca\",\"@id\":\"https:\\\/\\\/www.gharbagroeurope.com\\\/ca\\\/cooperatives\\\/#primaryimage\",\"url\":\"https:\\\/\\\/www.gharbagroeurope.com\\\/wp-content\\\/plugins\\\/grogin-core-update\\\/elementor\\\/images\\\/about-image.jpg\",\"contentUrl\":\"https:\\\/\\\/www.gharbagroeurope.com\\\/wp-content\\\/plugins\\\/grogin-core-update\\\/elementor\\\/images\\\/about-image.jpg\"},{\"@type\":\"BreadcrumbList\",\"@id\":\"https:\\\/\\\/www.gharbagroeurope.com\\\/ca\\\/cooperatives\\\/#breadcrumb\",\"itemListElement\":[{\"@type\":\"ListItem\",\"position\":1,\"name\":\"Portada\",\"item\":\"https:\\\/\\\/www.gharbagroeurope.com\\\/ca\\\/\"},{\"@type\":\"ListItem\",\"position\":2,\"name\":\"Cooperatives\"}]},{\"@type\":\"WebSite\",\"@id\":\"https:\\\/\\\/www.gharbagroeurope.com\\\/ca\\\/#website\",\"url\":\"https:\\\/\\\/www.gharbagroeurope.com\\\/ca\\\/\",\"name\":\"Gharb Agro Europe\",\"description\":\"Una plataforma digital de comercializaci\u00f3n de productos naturales procedentes de cooperativas africanas\",\"publisher\":{\"@id\":\"https:\\\/\\\/www.gharbagroeurope.com\\\/ca\\\/#organization\"},\"potentialAction\":[{\"@type\":\"SearchAction\",\"target\":{\"@type\":\"EntryPoint\",\"urlTemplate\":\"https:\\\/\\\/www.gharbagroeurope.com\\\/ca\\\/?s={search_term_string}\"},\"query-input\":{\"@type\":\"PropertyValueSpecification\",\"valueRequired\":true,\"valueName\":\"search_term_string\"}}],\"inLanguage\":\"ca\"},{\"@type\":\"Organization\",\"@id\":\"https:\\\/\\\/www.gharbagroeurope.com\\\/ca\\\/#organization\",\"name\":\"Gharb Agro Europe\",\"url\":\"https:\\\/\\\/www.gharbagroeurope.com\\\/ca\\\/\",\"logo\":{\"@type\":\"ImageObject\",\"inLanguage\":\"ca\",\"@id\":\"https:\\\/\\\/www.gharbagroeurope.com\\\/ca\\\/#\\\/schema\\\/logo\\\/image\\\/\",\"url\":\"https:\\\/\\\/www.gharbagroeurope.com\\\/wp-content\\\/uploads\\\/2026\\\/05\\\/logotipo-gharb.webp\",\"contentUrl\":\"https:\\\/\\\/www.gharbagroeurope.com\\\/wp-content\\\/uploads\\\/2026\\\/05\\\/logotipo-gharb.webp\",\"width\":716,\"height\":663,\"caption\":\"Gharb Agro Europe\"},\"image\":{\"@id\":\"https:\\\/\\\/www.gharbagroeurope.com\\\/ca\\\/#\\\/schema\\\/logo\\\/image\\\/\"}}]}<\/script>\n<!-- \/ Yoast SEO plugin. -->","yoast_head_json":{"title":"Cooperatives - Gharb Agro Europe","robots":{"index":"index","follow":"follow","max-snippet":"max-snippet:-1","max-image-preview":"max-image-preview:large","max-video-preview":"max-video-preview:-1"},"canonical":"https:\/\/www.gharbagroeurope.com\/ca\/cooperatives\/","og_locale":"ca_ES","og_type":"article","og_title":"Cooperatives - Gharb Agro Europe","og_description":"Cooperatives GharbAgroEurope GharbAgroEurope connecta cooperatives africanes amb mercats internacionals mitjan\u00e7ant un model estructurat de desenvolupament. Seleccionem organitzacions amb potencial, les acompanyem en la preparaci\u00f3 i facilitem l\u2019acc\u00e9s a canals comercials professionals, garantint productes adaptats a est\u00e0ndards europeus. SANAD GHARB EUROPE Sanad Gharb Europ \u00e9s una cooperativa marroquina especialitzada en la producci\u00f3 d\u2019esp\u00e8cies i de productesLlegir m\u00e9s","og_url":"https:\/\/www.gharbagroeurope.com\/ca\/cooperatives\/","og_site_name":"Gharb Agro Europe","article_modified_time":"2026-05-11T09:31:43+00:00","og_image":[{"url":"https:\/\/www.gharbagroeurope.com\/wp-content\/plugins\/grogin-core-update\/elementor\/images\/about-image.jpg","type":"","width":"","height":""}],"twitter_card":"summary_large_image","twitter_misc":{"Temps estimat de lectura":"1 minut"},"schema":{"@context":"https:\/\/schema.org","@graph":[{"@type":"WebPage","@id":"https:\/\/www.gharbagroeurope.com\/ca\/cooperatives\/","url":"https:\/\/www.gharbagroeurope.com\/ca\/cooperatives\/","name":"Cooperatives - Gharb Agro Europe","isPartOf":{"@id":"https:\/\/www.gharbagroeurope.com\/ca\/#website"},"primaryImageOfPage":{"@id":"https:\/\/www.gharbagroeurope.com\/ca\/cooperatives\/#primaryimage"},"image":{"@id":"https:\/\/www.gharbagroeurope.com\/ca\/cooperatives\/#primaryimage"},"thumbnailUrl":"https:\/\/www.gharbagroeurope.com\/wp-content\/plugins\/grogin-core-update\/elementor\/images\/about-image.jpg","datePublished":"2026-05-11T08:34:54+00:00","dateModified":"2026-05-11T09:31:43+00:00","breadcrumb":{"@id":"https:\/\/www.gharbagroeurope.com\/ca\/cooperatives\/#breadcrumb"},"inLanguage":"ca","potentialAction":[{"@type":"ReadAction","target":["https:\/\/www.gharbagroeurope.com\/ca\/cooperatives\/"]}]},{"@type":"ImageObject","inLanguage":"ca","@id":"https:\/\/www.gharbagroeurope.com\/ca\/cooperatives\/#primaryimage","url":"https:\/\/www.gharbagroeurope.com\/wp-content\/plugins\/grogin-core-update\/elementor\/images\/about-image.jpg","contentUrl":"https:\/\/www.gharbagroeurope.com\/wp-content\/plugins\/grogin-core-update\/elementor\/images\/about-image.jpg"},{"@type":"BreadcrumbList","@id":"https:\/\/www.gharbagroeurope.com\/ca\/cooperatives\/#breadcrumb","itemListElement":[{"@type":"ListItem","position":1,"name":"Portada","item":"https:\/\/www.gharbagroeurope.com\/ca\/"},{"@type":"ListItem","position":2,"name":"Cooperatives"}]},{"@type":"WebSite","@id":"https:\/\/www.gharbagroeurope.com\/ca\/#website","url":"https:\/\/www.gharbagroeurope.com\/ca\/","name":"Gharb Agro Europe","description":"Una plataforma digital de comercializaci\u00f3n de productos naturales procedentes de cooperativas africanas","publisher":{"@id":"https:\/\/www.gharbagroeurope.com\/ca\/#organization"},"potentialAction":[{"@type":"SearchAction","target":{"@type":"EntryPoint","urlTemplate":"https:\/\/www.gharbagroeurope.com\/ca\/?s={search_term_string}"},"query-input":{"@type":"PropertyValueSpecification","valueRequired":true,"valueName":"search_term_string"}}],"inLanguage":"ca"},{"@type":"Organization","@id":"https:\/\/www.gharbagroeurope.com\/ca\/#organization","name":"Gharb Agro Europe","url":"https:\/\/www.gharbagroeurope.com\/ca\/","logo":{"@type":"ImageObject","inLanguage":"ca","@id":"https:\/\/www.gharbagroeurope.com\/ca\/#\/schema\/logo\/image\/","url":"https:\/\/www.gharbagroeurope.com\/wp-content\/uploads\/2026\/05\/logotipo-gharb.webp","contentUrl":"https:\/\/www.gharbagroeurope.com\/wp-content\/uploads\/2026\/05\/logotipo-gharb.webp","width":716,"height":663,"caption":"Gharb Agro Europe"},"image":{"@id":"https:\/\/www.gharbagroeurope.com\/ca\/#\/schema\/logo\/image\/"}}]}},"_links":{"self":[{"href":"https:\/\/www.gharbagroeurope.com\/ca\/wp-json\/wp\/v2\/pages\/3910","targetHints":{"allow":["GET"]}}],"collection":[{"href":"https:\/\/www.gharbagroeurope.com\/ca\/wp-json\/wp\/v2\/pages"}],"about":[{"href":"https:\/\/www.gharbagroeurope.com\/ca\/wp-json\/wp\/v2\/types\/page"}],"author":[{"embeddable":true,"href":"https:\/\/www.gharbagroeurope.com\/ca\/wp-json\/wp\/v2\/users\/1"}],"replies":[{"embeddable":true,"href":"https:\/\/www.gharbagroeurope.com\/ca\/wp-json\/wp\/v2\/comments?post=3910"}],"version-history":[{"count":7,"href":"https:\/\/www.gharbagroeurope.com\/ca\/wp-json\/wp\/v2\/pages\/3910\/revisions"}],"predecessor-version":[{"id":3917,"href":"https:\/\/www.gharbagroeurope.com\/ca\/wp-json\/wp\/v2\/pages\/3910\/revisions\/3917"}],"wp:attachment":[{"href":"https:\/\/www.gharbagroeurope.com\/ca\/wp-json\/wp\/v2\/media?parent=3910"}],"curies":[{"name":"wp","href":"https:\/\/api.w.org\/{rel}","templated":true}]}}